{"id":1488,"date":"2025-12-01T14:11:57","date_gmt":"2025-12-01T14:11:57","guid":{"rendered":"https:\/\/spin-ania.net\/login-and-registration\/"},"modified":"2025-12-02T09:54:45","modified_gmt":"2025-12-02T09:54:45","slug":"logowanie-i-rejestracja","status":"publish","type":"page","link":"https:\/\/spin-ania.net\/pl\/logowanie-i-rejestracja\/","title":{"rendered":"Logowanie i rejestracja"},"content":{"rendered":"<h1>Logowanie i Zarz\u0105dzanie Kontem w Spinania<\/h1>\n<p>Dzi\u0119ki Spinania login mo\u017cesz od razu dosta\u0107 si\u0119 do swojego konta i korzysta\u0107 z bezpiecznej, \u0142atwej w obs\u0142udze platformy kasyno stworzonej specjalnie dla Ciebie. Niezale\u017cnie od tego, czy jeste\u015b nowym graczem, czy powracaj\u0105cym cz\u0142onkiem, zarz\u0105dzanie kontem Spinania jest proste i bezpieczne.<\/p>\n<p><div class=\"banner-wrap\" aria-label=\"Banner\"><img src=\"https:\/\/spin-ania.net\/wp-content\/uploads\/2025\/12\/Spinania-Banner-Desktop.webp\" class=\"w-100 d-none d-lg-block img-pc main-banner-img\" alt=\"Spinania Banner Desktop\" fetchpriority=\"high\" decoding=\"async\"><img src=\"https:\/\/spin-ania.net\/wp-content\/uploads\/2025\/12\/Spinania-mobile-banner.webp\" class=\"w-100 d-none d-md-block d-lg-none main-banner-img\" alt=\"Spinania mobile banner\" fetchpriority=\"high\" decoding=\"async\"><img src=\"https:\/\/spin-ania.net\/wp-content\/uploads\/2025\/12\/Spinania-mobile-banner.webp\" class=\"w-100 d-md-none\" alt=\"Spinania mobile banner\" fetchpriority=\"high\" decoding=\"async\"><div class=\"banner-description\">\n<div class=\"banner-title\">Bonusy powitalne<\/div>\n<p class=\"banner-header-title\">1500 \u20ac<\/p>\n<div class=\"banner-header-AdditionalText\">+ 250 Darmowe spiny<\/div>\n<button data-item=\"homepage_banner_link\" class=\"goto m-button m-gradient-border m-button--primary m-button--large banner-button btn-orange\">\n            <div class=\"m-button-content\">\n                <span>Zarejestruj si\u0119 teraz<\/span>\n                <span><\/span>\n            <\/div>\n        <\/button>\n<\/div>\n<div class=\"WelcomePack\">\n<p><img loading=\"lazy\" decoding=\"async\" class=\"alignnone size-full wp-image-1339\" src=\"https:\/\/spin-ania.net\/wp-content\/uploads\/2025\/12\/welcome-crown.svg\" alt=\"crown\" width=\"25\" height=\"26\" \/><\/p>\n<div class=\"WelcomePack-Info\">Cotygodniowy zwrot got\u00f3wki do 25%<\/div>\n<p><img loading=\"lazy\" decoding=\"async\" class=\"alignnone size-full wp-image-1339\" src=\"https:\/\/spin-ania.net\/wp-content\/uploads\/2025\/12\/welcome-crown.svg\" alt=\"crown\" width=\"25\" height=\"26\" \/><\/p>\n<\/div>\n<\/div><div class=\"scrollable-content-wrap my-5\"><div class=\"scrollable-content-inner\"><h2>Zaloguj Si\u0119 na Swoje Konto Spinania<\/h2>\n<p>Zalogowanie si\u0119 na konto Spinania zajmuje tylko kilka sekund.<\/p>\n<ol>\n<li>Przejd\u017a na stron\u0119 internetow\u0105 Spinania i kliknij przycisk Zaloguj si\u0119 w prawym g\u00f3rnym rogu.<\/li>\n<li>Wpisz zarejestrowany adres e-mail i has\u0142o, a nast\u0119pnie kliknij \u201eZaloguj si\u0119\u201d, aby uzyska\u0107 dost\u0119p do pulpitu nawigacyjnego konta.<\/li>\n<\/ol>\n<p>Po zalogowaniu si\u0119 mo\u017cesz przegl\u0105da\u0107 ca\u0142\u0105 swoj\u0105 bibliotek\u0119 gier, zarz\u0105dza\u0107 swoimi finansami, \u015bledzi\u0107 histori\u0119 gier i zmienia\u0107 ustawienia osobiste. Z pulpitu nawigacyjnego konta mo\u017cesz w pe\u0142ni zarz\u0105dza\u0107 swoimi wp\u0142atami, wyp\u0142atami, bonusami i ustawieniami konta. Mo\u017cesz tak\u017ce przegl\u0105da\u0107 histori\u0119 transakcji, sprawdza\u0107 aktywne promocje i zmienia\u0107 limity odpowiedzialnej gry.<\/p>\n<p>Twoje dane logowania s\u0105 chronione szyfrowaniem SSL 256-bit i protoko\u0142em HTTPS, co zapewnia bezpiecze\u0144stwo ka\u017cdej sesji. W\u0142\u0105cz uwierzytelnianie dwusk\u0142adnikowe (2FA) w ustawieniach bezpiecze\u0144stwa, aby doda\u0107 dodatkow\u0105 warstw\u0119 ochrony. Ta dodatkowa warstwa wymaga kodu weryfikacyjnego wys\u0142anego na Tw\u00f3j telefon, co sprawia, \u017ce niemal niemo\u017cliwe jest nieautoryzowane wej\u015bcie.<\/p>\n<h3>Proces Logowania i Odzyskiwania Has\u0142a w Spin Ania<\/h3>\n<p>Zapomnia\u0142e\u015b has\u0142a? Nie ma problemu.<\/p>\n<ol>\n<li>Kliknij link \u201eZapomnia\u0142e\u015b has\u0142a?\u201d na stronie logowania i wpisz adres e-mail, kt\u00f3rego u\u017cy\u0142e\u015b do rejestracji.<\/li>\n<li>W ci\u0105gu kilku minut otrzymasz link do resetowania.<\/li>\n<li>Post\u0119puj zgodnie z instrukcjami w e-mailu, aby utworzy\u0107 nowe has\u0142o i odzyska\u0107 dost\u0119p do swojego profilu.<\/li>\n<\/ol>\n<p>Aby uzyska\u0107 pomoc przy logowaniu, skontaktuj si\u0119 z zespo\u0142em wsparcia Spinania poprzez czat na \u017cywo lub e-mail, podaj\u0105c numer telefonu lub adres e-mail, kt\u00f3rego u\u017cy\u0142e\u015b przy rejestracji.<\/p>\n<h2>Jak Za\u0142o\u017cy\u0107 Konto w Spinania<\/h2>\n<p>Kiedy tworzysz profil w kasynie Spinania, otrzymujesz dost\u0119p do specjalnych bonus\u00f3w, spersonalizowanych promocji i gamingowych wra\u017ce\u0144 dopasowanych w\u0142a\u015bnie do Ciebie. Rejestracja zajmuje tylko kilka minut, a potrzebujesz jedynie podstawowych informacji.<\/p>\n<table>\n<tbody>\n<tr>\n<td>Krok Rejestracji<\/td>\n<td>Wymagane Informacje<\/td>\n<\/tr>\n<tr>\n<td>Krok 1<\/td>\n<td>Adres e-mail, has\u0142o, akceptacja Regulaminu<\/td>\n<\/tr>\n<tr>\n<td>Krok 2<\/td>\n<td>Imi\u0119, nazwisko, data urodzenia, numer telefonu<\/td>\n<\/tr>\n<\/tbody>\n<\/table>\n<p>Aby zako\u0144czy\u0107 rejestracj\u0119, kliknij Zapisz. Otrzymasz e-mail potwierdzaj\u0105cy za\u0142o\u017cenie konta z informacjami o dalszych krokach potrzebnych do weryfikacji i rozpocz\u0119cia gry.<\/p>\n<h3>Kontroluj Sw\u00f3j Profil i Ustawienia Spinania<\/h3>\n<p>Mo\u017cesz dostosowa\u0107 sw\u00f3j profil do swojego stylu gry. W ka\u017cdej chwili mo\u017cesz zmieni\u0107 has\u0142o, zaktualizowa\u0107 dane osobowe i ustawi\u0107 preferencje komunikacyjne. Wybierz oferty, kt\u00f3re chcesz otrzymywa\u0107 i dostosuj spos\u00f3b otrzymywania powiadomie\u0144. Mo\u017cesz tak\u017ce ustawi\u0107 limity wp\u0142at, strat, zak\u0142ad\u00f3w i czasu sesji bezpo\u015brednio z pulpitu nawigacyjnego profilu.<\/p>\n<p>Kasyno Spin Ania \u015bledzi Twoje ulubione gry i gatunki, dzi\u0119ki czemu \u0142atwo jest kontynuowa\u0107 tam, gdzie sko\u0144czy\u0142e\u015b. W jednym miejscu mo\u017cesz \u015bledzi\u0107 statystyki rozgrywki, sprawdza\u0107 status bonus\u00f3w i monitorowa\u0107 punkty nagr\u00f3d.<\/p>\n<h2>Dlaczego Weryfikacja Konta Jest Wa\u017cna<\/h2>\n<p>Weryfikacja profilu to wa\u017cny krok, kt\u00f3ry zapewnia bezpiecze\u0144stwo zar\u00f3wno Tobie, jak i Spin Anii. Ten proces potwierdza Twoj\u0105 to\u017csamo\u015b\u0107 i zapewnia zgodno\u015b\u0107 z limitami wieku i innymi przepisami. Aby utrzyma\u0107 bezpieczne \u015brodowisko gamingowe, Spinania przestrzega \u015bcis\u0142ych zasad Know Your Customer (KYC).<\/p>\n<p>Aby zweryfikowa\u0107 to\u017csamo\u015b\u0107, musisz przes\u0142a\u0107 dokument to\u017csamo\u015bci (np. dow\u00f3d osobisty) oraz potwierdzenie adresu. Ten jednorazowy proces zapobiega oszustwom, chroni przed kradzie\u017c\u0105 to\u017csamo\u015bci i zapewnia, \u017ce wszyscy gracze maj\u0105 co najmniej 18 lat.<\/p>\n<h2>FAQ<\/h2>\n<h3>Czy mog\u0119 zaktualizowa\u0107 swoje dane osobowe lub kontaktowe po rejestracji?<\/h3>\n<p>Tak. Mo\u017cesz zaktualizowa\u0107 swoje imi\u0119 i nazwisko, numer telefonu, adres oraz preferencje komunikacyjne na pulpicie nawigacyjnym konta. Przejd\u017a do \u201eUstawie\u0144 Profilu\u201d, aby wprowadzi\u0107 zmiany w dowolnym momencie. Ze wzgl\u0119d\u00f3w bezpiecze\u0144stwa niekt\u00f3re aktualizacje mog\u0105 wymaga\u0107 dodatkowego procesu weryfikacji z wieloj\u0119zycznym zespo\u0142em wsparcia.<\/p>\n<h3>Jak mog\u0119 zwi\u0119kszy\u0107 bezpiecze\u0144stwo mojego konta Spinania?<\/h3>\n<p>Mo\u017cesz w\u0142\u0105czy\u0107 Uwierzytelnianie Dwusk\u0142adnikowe (2FA) w ustawieniach bezpiecze\u0144stwa swojego konta. Ta funkcja dodaje dodatkowy krok weryfikacji przy ka\u017cdym logowaniu, zwykle w postaci kodu wys\u0142anego na Tw\u00f3j telefon. Zapewnia to maksymalne bezpiecze\u0144stwo Twojego konta.<\/p>\n<h3>W jaki spos\u00f3b chronicie moje dane osobowe?<\/h3>\n<p>Wszystkie transfery danych s\u0105 bezpieczne dzi\u0119ki wykorzystaniu szyfrowania SSL 256-bit i protoko\u0142u HTTPS. Platforma przestrzega przepis\u00f3w RODO, stosuje zaawansowane szyfrowanie danych i ma wdro\u017cone \u015bcis\u0142e kontrole dost\u0119pu. Twoje dane osobowe s\u0105 przechowywane na bezpiecznych serwerach i nigdy nie s\u0105 udost\u0119pniane bez Twojej zgody.<\/p>\n<\/div><\/div><\/p>\n","protected":false},"excerpt":{"rendered":"<p>Logowanie i Zarz\u0105dzanie Kontem w Spinania Dzi\u0119ki Spinania login mo\u017cesz od razu dosta\u0107 si\u0119 do swojego konta i korzysta\u0107 z bezpiecznej, \u0142atwej w obs\u0142udze platformy kasyno stworzonej specjalnie dla Ciebie. Niezale\u017cnie od tego, czy jeste\u015b nowym graczem, czy powracaj\u0105cym cz\u0142onkiem, zarz\u0105dzanie kontem Spinania jest proste i bezpieczne.<\/p>\n","protected":false},"author":1,"featured_media":0,"parent":0,"menu_order":0,"comment_status":"closed","ping_status":"closed","template":"template-builder.php","meta":{"_acf_changed":false,"inline_featured_image":false,"footnotes":""},"class_list":["post-1488","page","type-page","status-publish","hentry"],"acf":[],"yoast_head":"<!-- This site is optimized with the Yoast SEO plugin v27.3 - https:\/\/yoast.com\/product\/yoast-seo-wordpress\/ -->\n<title>Spinania Login | Rejestracja i zarz\u0105dzanie kontem<\/title>\n<meta name=\"description\" content=\"Utw\u00f3rz Spin Ania login, aby uzyska\u0107 natychmiastowy dost\u0119p do tysi\u0119cy gier. Zarejestruj si\u0119 lub zaloguj, aby zarz\u0105dza\u0107 swoim profilem, zweryfikowa\u0107 konto, obs\u0142ugiwa\u0107 depozyty i gra\u0107 w dowolnym momencie.\" \/>\n<meta name=\"robots\" content=\"index, follow, max-snippet:-1, max-image-preview:large, max-video-preview:-1\" \/>\n<link rel=\"canonical\" href=\"https:\/\/spin-ania.net\/pl\/logowanie-i-rejestracja\/\" \/>\n<meta property=\"og:locale\" content=\"pl_PL\" \/>\n<meta property=\"og:type\" content=\"article\" \/>\n<meta property=\"og:title\" content=\"Spinania Login | Rejestracja i zarz\u0105dzanie kontem\" \/>\n<meta property=\"og:description\" content=\"Utw\u00f3rz Spin Ania login, aby uzyska\u0107 natychmiastowy dost\u0119p do tysi\u0119cy gier. Zarejestruj si\u0119 lub zaloguj, aby zarz\u0105dza\u0107 swoim profilem, zweryfikowa\u0107 konto, obs\u0142ugiwa\u0107 depozyty i gra\u0107 w dowolnym momencie.\" \/>\n<meta property=\"og:url\" content=\"https:\/\/spin-ania.net\/pl\/logowanie-i-rejestracja\/\" \/>\n<meta property=\"og:site_name\" content=\"spinania\" \/>\n<meta property=\"article:modified_time\" content=\"2025-12-02T09:54:45+00:00\" \/>\n<meta name=\"twitter:card\" content=\"summary_large_image\" \/>\n<meta name=\"twitter:label1\" content=\"Est. reading time\" \/>\n\t<meta name=\"twitter:data1\" content=\"1 minute\" \/>\n<script type=\"application\/ld+json\" class=\"yoast-schema-graph\">{\"@context\":\"https:\\\/\\\/schema.org\",\"@graph\":[{\"@type\":\"WebPage\",\"@id\":\"https:\\\/\\\/spin-ania.net\\\/pl\\\/logowanie-i-rejestracja\\\/\",\"url\":\"https:\\\/\\\/spin-ania.net\\\/pl\\\/logowanie-i-rejestracja\\\/\",\"name\":\"Spinania Login | Rejestracja i zarz\u0105dzanie kontem\",\"isPartOf\":{\"@id\":\"https:\\\/\\\/spin-ania.net\\\/pl\\\/#website\"},\"datePublished\":\"2025-12-01T14:11:57+00:00\",\"dateModified\":\"2025-12-02T09:54:45+00:00\",\"description\":\"Utw\u00f3rz Spin Ania login, aby uzyska\u0107 natychmiastowy dost\u0119p do tysi\u0119cy gier. Zarejestruj si\u0119 lub zaloguj, aby zarz\u0105dza\u0107 swoim profilem, zweryfikowa\u0107 konto, obs\u0142ugiwa\u0107 depozyty i gra\u0107 w dowolnym momencie.\",\"breadcrumb\":{\"@id\":\"https:\\\/\\\/spin-ania.net\\\/pl\\\/logowanie-i-rejestracja\\\/#breadcrumb\"},\"inLanguage\":\"pl-PL\",\"potentialAction\":[{\"@type\":\"ReadAction\",\"target\":[\"https:\\\/\\\/spin-ania.net\\\/pl\\\/logowanie-i-rejestracja\\\/\"]}]},{\"@type\":\"BreadcrumbList\",\"@id\":\"https:\\\/\\\/spin-ania.net\\\/pl\\\/logowanie-i-rejestracja\\\/#breadcrumb\",\"itemListElement\":[{\"@type\":\"ListItem\",\"position\":1,\"name\":\"Spinania\",\"item\":\"https:\\\/\\\/spin-ania.net\\\/pl\\\/\"},{\"@type\":\"ListItem\",\"position\":2,\"name\":\"Logowanie i rejestracja\"}]},{\"@type\":\"WebSite\",\"@id\":\"https:\\\/\\\/spin-ania.net\\\/pl\\\/#website\",\"url\":\"https:\\\/\\\/spin-ania.net\\\/pl\\\/\",\"name\":\"Spinania\",\"description\":\"\",\"publisher\":{\"@id\":\"https:\\\/\\\/spin-ania.net\\\/pl\\\/#organization\"},\"potentialAction\":[{\"@type\":\"SearchAction\",\"target\":{\"@type\":\"EntryPoint\",\"urlTemplate\":\"https:\\\/\\\/spin-ania.net\\\/pl\\\/?s={search_term_string}\"},\"query-input\":{\"@type\":\"PropertyValueSpecification\",\"valueRequired\":true,\"valueName\":\"search_term_string\"}}],\"inLanguage\":\"pl-PL\"},{\"@type\":\"Organization\",\"@id\":\"https:\\\/\\\/spin-ania.net\\\/pl\\\/#organization\",\"name\":\"Spinania\",\"url\":\"https:\\\/\\\/spin-ania.net\\\/pl\\\/\",\"logo\":{\"@type\":\"ImageObject\",\"inLanguage\":\"pl-PL\",\"@id\":\"https:\\\/\\\/spin-ania.net\\\/pl\\\/#\\\/schema\\\/logo\\\/image\\\/\",\"url\":\"https:\\\/\\\/spin-ania.net\\\/wp-content\\\/uploads\\\/2025\\\/12\\\/Casino-logo-Desktop.png\",\"contentUrl\":\"https:\\\/\\\/spin-ania.net\\\/wp-content\\\/uploads\\\/2025\\\/12\\\/Casino-logo-Desktop.png\",\"width\":88,\"height\":26,\"caption\":\"Spinania\"},\"image\":{\"@id\":\"https:\\\/\\\/spin-ania.net\\\/pl\\\/#\\\/schema\\\/logo\\\/image\\\/\"}}]}<\/script>\n<!-- \/ Yoast SEO plugin. -->","yoast_head_json":{"title":"Spinania Login | Rejestracja i zarz\u0105dzanie kontem","description":"Utw\u00f3rz Spin Ania login, aby uzyska\u0107 natychmiastowy dost\u0119p do tysi\u0119cy gier. Zarejestruj si\u0119 lub zaloguj, aby zarz\u0105dza\u0107 swoim profilem, zweryfikowa\u0107 konto, obs\u0142ugiwa\u0107 depozyty i gra\u0107 w dowolnym momencie.","robots":{"index":"index","follow":"follow","max-snippet":"max-snippet:-1","max-image-preview":"max-image-preview:large","max-video-preview":"max-video-preview:-1"},"canonical":"https:\/\/spin-ania.net\/pl\/logowanie-i-rejestracja\/","og_locale":"pl_PL","og_type":"article","og_title":"Spinania Login | Rejestracja i zarz\u0105dzanie kontem","og_description":"Utw\u00f3rz Spin Ania login, aby uzyska\u0107 natychmiastowy dost\u0119p do tysi\u0119cy gier. Zarejestruj si\u0119 lub zaloguj, aby zarz\u0105dza\u0107 swoim profilem, zweryfikowa\u0107 konto, obs\u0142ugiwa\u0107 depozyty i gra\u0107 w dowolnym momencie.","og_url":"https:\/\/spin-ania.net\/pl\/logowanie-i-rejestracja\/","og_site_name":"spinania","article_modified_time":"2025-12-02T09:54:45+00:00","twitter_card":"summary_large_image","twitter_misc":{"Est. reading time":"1 minute"},"schema":{"@context":"https:\/\/schema.org","@graph":[{"@type":"WebPage","@id":"https:\/\/spin-ania.net\/pl\/logowanie-i-rejestracja\/","url":"https:\/\/spin-ania.net\/pl\/logowanie-i-rejestracja\/","name":"Spinania Login | Rejestracja i zarz\u0105dzanie kontem","isPartOf":{"@id":"https:\/\/spin-ania.net\/pl\/#website"},"datePublished":"2025-12-01T14:11:57+00:00","dateModified":"2025-12-02T09:54:45+00:00","description":"Utw\u00f3rz Spin Ania login, aby uzyska\u0107 natychmiastowy dost\u0119p do tysi\u0119cy gier. Zarejestruj si\u0119 lub zaloguj, aby zarz\u0105dza\u0107 swoim profilem, zweryfikowa\u0107 konto, obs\u0142ugiwa\u0107 depozyty i gra\u0107 w dowolnym momencie.","breadcrumb":{"@id":"https:\/\/spin-ania.net\/pl\/logowanie-i-rejestracja\/#breadcrumb"},"inLanguage":"pl-PL","potentialAction":[{"@type":"ReadAction","target":["https:\/\/spin-ania.net\/pl\/logowanie-i-rejestracja\/"]}]},{"@type":"BreadcrumbList","@id":"https:\/\/spin-ania.net\/pl\/logowanie-i-rejestracja\/#breadcrumb","itemListElement":[{"@type":"ListItem","position":1,"name":"Spinania","item":"https:\/\/spin-ania.net\/pl\/"},{"@type":"ListItem","position":2,"name":"Logowanie i rejestracja"}]},{"@type":"WebSite","@id":"https:\/\/spin-ania.net\/pl\/#website","url":"https:\/\/spin-ania.net\/pl\/","name":"Spinania","description":"","publisher":{"@id":"https:\/\/spin-ania.net\/pl\/#organization"},"potentialAction":[{"@type":"SearchAction","target":{"@type":"EntryPoint","urlTemplate":"https:\/\/spin-ania.net\/pl\/?s={search_term_string}"},"query-input":{"@type":"PropertyValueSpecification","valueRequired":true,"valueName":"search_term_string"}}],"inLanguage":"pl-PL"},{"@type":"Organization","@id":"https:\/\/spin-ania.net\/pl\/#organization","name":"Spinania","url":"https:\/\/spin-ania.net\/pl\/","logo":{"@type":"ImageObject","inLanguage":"pl-PL","@id":"https:\/\/spin-ania.net\/pl\/#\/schema\/logo\/image\/","url":"https:\/\/spin-ania.net\/wp-content\/uploads\/2025\/12\/Casino-logo-Desktop.png","contentUrl":"https:\/\/spin-ania.net\/wp-content\/uploads\/2025\/12\/Casino-logo-Desktop.png","width":88,"height":26,"caption":"Spinania"},"image":{"@id":"https:\/\/spin-ania.net\/pl\/#\/schema\/logo\/image\/"}}]}},"_links":{"self":[{"href":"https:\/\/spin-ania.net\/pl\/wp-json\/wp\/v2\/pages\/1488","targetHints":{"allow":["GET"]}}],"collection":[{"href":"https:\/\/spin-ania.net\/pl\/wp-json\/wp\/v2\/pages"}],"about":[{"href":"https:\/\/spin-ania.net\/pl\/wp-json\/wp\/v2\/types\/page"}],"author":[{"embeddable":true,"href":"https:\/\/spin-ania.net\/pl\/wp-json\/wp\/v2\/users\/1"}],"replies":[{"embeddable":true,"href":"https:\/\/spin-ania.net\/pl\/wp-json\/wp\/v2\/comments?post=1488"}],"version-history":[{"count":2,"href":"https:\/\/spin-ania.net\/pl\/wp-json\/wp\/v2\/pages\/1488\/revisions"}],"predecessor-version":[{"id":1796,"href":"https:\/\/spin-ania.net\/pl\/wp-json\/wp\/v2\/pages\/1488\/revisions\/1796"}],"wp:attachment":[{"href":"https:\/\/spin-ania.net\/pl\/wp-json\/wp\/v2\/media?parent=1488"}],"curies":[{"name":"wp","href":"https:\/\/api.w.org\/{rel}","templated":true}]}}