{"id":1487,"date":"2025-12-01T14:11:57","date_gmt":"2025-12-01T14:11:57","guid":{"rendered":"https:\/\/spin-ania.net\/login-and-registration\/"},"modified":"2025-12-02T09:05:47","modified_gmt":"2025-12-02T09:05:47","slug":"accesso-e-registrazione","status":"publish","type":"page","link":"https:\/\/spin-ania.net\/it\/accesso-e-registrazione\/","title":{"rendered":"Accesso e registrazione"},"content":{"rendered":"<h1>Accesso e Gestione Account Spinania<\/h1>\n<p>Con Spinania login, puoi entrare immediatamente nel tuo account e utilizzare una piattaforma casino sicura e facile da usare, studiata appositamente per te. Sia che tu sia un nuovo giocatore o un membro di ritorno, gestire il tuo account Spinania \u00e8 semplice e sicuro.<\/p>\n<p><div class=\"banner-wrap\" aria-label=\"Banner\"><img src=\"https:\/\/spin-ania.net\/wp-content\/uploads\/2025\/12\/Spinania-Banner-Desktop.webp\" class=\"w-100 d-none d-lg-block img-pc main-banner-img\" alt=\"Spinania Banner Desktop\" fetchpriority=\"high\" decoding=\"async\"><img src=\"https:\/\/spin-ania.net\/wp-content\/uploads\/2025\/12\/Spinania-mobile-banner.webp\" class=\"w-100 d-none d-md-block d-lg-none main-banner-img\" alt=\"Spinania mobile banner\" fetchpriority=\"high\" decoding=\"async\"><img src=\"https:\/\/spin-ania.net\/wp-content\/uploads\/2025\/12\/Spinania-mobile-banner.webp\" class=\"w-100 d-md-none\" alt=\"Spinania mobile banner\" fetchpriority=\"high\" decoding=\"async\"><div class=\"banner-description\">\n<div class=\"banner-title\">Bonus di benvenuto<\/div>\n<p class=\"banner-header-title\">1500 \u20ac<\/p>\n<div class=\"banner-header-AdditionalText\">+ 250 Giri gratuiti<\/div>\n<button data-item=\"homepage_banner_link\" class=\"goto m-button m-gradient-border m-button--primary m-button--large banner-button btn-orange\">\n            <div class=\"m-button-content\">\n                <span>Iscriviti ora<\/span>\n                <span><\/span>\n            <\/div>\n        <\/button>\n<\/div>\n<div class=\"WelcomePack\">\n<p><img loading=\"lazy\" decoding=\"async\" class=\"alignnone size-full wp-image-1616\" src=\"https:\/\/spin-ania.net\/wp-content\/uploads\/2025\/12\/welcome-crown.svg\" alt=\"crown\" width=\"25\" height=\"26\" \/><\/p>\n<div class=\"WelcomePack-Info\">Cashback settimanale fino al 25%<\/div>\n<p><img loading=\"lazy\" decoding=\"async\" class=\"alignnone size-full wp-image-1616\" src=\"https:\/\/spin-ania.net\/wp-content\/uploads\/2025\/12\/welcome-crown.svg\" alt=\"crown\" width=\"25\" height=\"26\" \/><\/p>\n<\/div>\n<\/div><div class=\"scrollable-content-wrap my-5\"><div class=\"scrollable-content-inner\"><h2>Accedi al Tuo Account Spinania<\/h2>\n<p>Accedere al tuo account Spinania richiede solo pochi secondi.<\/p>\n<ol>\n<li>Vai sul sito web di Spinania e clicca il pulsante Login nell&#8217;angolo in alto a destra.<\/li>\n<li>Inserisci il tuo indirizzo email registrato e la password, poi clicca &#8220;Accedi&#8221; per raggiungere la tua dashboard dell&#8217;account.<\/li>\n<\/ol>\n<p>Dopo aver effettuato l&#8217;accesso, puoi esplorare l&#8217;intera libreria di giochi, gestire i tuoi fondi, tenere traccia della cronologia di gioco e modificare le tue impostazioni personali. Dalla dashboard dell&#8217;account puoi gestire completamente depositi, prelievi, bonus e impostazioni dell&#8217;account. Puoi anche visualizzare la cronologia delle transazioni, verificare le promozioni attive e modificare i tuoi limiti di gioco responsabile.<\/p>\n<p>Le tue credenziali di accesso sono protette dalla crittografia SSL a 256 bit e dal protocollo HTTPS, garantendo che ogni sessione sia sicura. Attiva l&#8217;autenticazione a due fattori (2FA) nelle impostazioni di sicurezza per aggiungere un ulteriore livello di protezione. Questo strato aggiuntivo richiede un codice di verifica inviato al tuo telefono, rendendo quasi impossibile l&#8217;accesso non autorizzato.<\/p>\n<h3>Procedura di Recupero Accesso e Password Spin Ania<\/h3>\n<p>Hai dimenticato la password? Nessun problema.<\/p>\n<ol>\n<li>Clicca il link &#8220;Password dimenticata?&#8221; nella pagina di accesso e inserisci l&#8217;indirizzo email usato per la registrazione.<\/li>\n<li>Riceverai un link per reimpostare la password entro pochi minuti.<\/li>\n<li>Segui le istruzioni nell&#8217;email per creare una nuova password e recuperare l&#8217;accesso al tuo profilo.<\/li>\n<\/ol>\n<p>Per ricevere assistenza con l&#8217;accesso, contatta il team di supporto di Spinania tramite live chat o email, fornendo il numero di telefono o l&#8217;indirizzo email usati per la registrazione.<\/p>\n<h2>Come Creare un Account su Spinania<\/h2>\n<p>Quando crei un profilo sul casino Spinania, ottieni l&#8217;accesso a bonus esclusivi, promozioni personalizzate e un&#8217;esperienza di gioco su misura per te. La registrazione richiede solo pochi minuti e sono necessarie alcune informazioni di base.<\/p>\n<table>\n<tbody>\n<tr>\n<td>Step di Registrazione<\/td>\n<td>Informazioni Richieste<\/td>\n<\/tr>\n<tr>\n<td>Step 1<\/td>\n<td>Indirizzo email, password, accettazione Termini e Condizioni<\/td>\n<\/tr>\n<tr>\n<td>Step 2<\/td>\n<td>Nome, cognome, data di nascita, numero di telefono<\/td>\n<\/tr>\n<\/tbody>\n<\/table>\n<p>Per completare la registrazione, clicca Salva. Riceverai un&#8217;email di conferma dell&#8217;account con le istruzioni su come verificarlo e iniziare a giocare.<\/p>\n<h3>Controlla il Tuo Profilo e le Impostazioni Spinania<\/h3>\n<p>Puoi personalizzare il tuo profilo in base al tuo stile di gioco. Puoi cambiare la password, aggiornare le informazioni personali e impostare le preferenze di comunicazione in qualsiasi momento. Scegli le offerte che desideri ricevere e modifica le modalit\u00e0 di notifica. Puoi anche impostare limiti di deposito, perdite, puntate e tempi di sessione direttamente dalla dashboard del tuo profilo.<\/p>\n<p>Il casino Spin Ania tiene traccia dei tuoi giochi e generi preferiti, rendendo facile riprendere da dove avevi interrotto. Puoi monitorare le tue statistiche di gioco, visualizzare lo stato dei bonus e tenere d&#8217;occhio i tuoi punti reward, tutto in un unico posto.<\/p>\n<h2>Perch\u00e9 \u00e8 Importante Verificare il Tuo Account<\/h2>\n<p>Verificare il tuo profilo \u00e8 un passo importante che protegge te e Spin Ania. Questa procedura verifica la tua identit\u00e0 e assicura il rispetto dei limiti di et\u00e0 e altre normative. Per mantenere un ambiente di gioco sicuro, Spinania segue rigorose norme Know Your Customer (KYC).<\/p>\n<p>Per verificare la tua identit\u00e0, devi caricare un documento d&#8217;identit\u00e0 rilasciato dal governo e una prova di residenza. Questa procedura una tantum previene le frodi, protegge dal furto d&#8217;identit\u00e0 e garantisce che tutti i giocatori abbiano almeno 18 anni.<\/p>\n<h2>FAQ<\/h2>\n<h3>Posso aggiornare le mie informazioni personali o di contatto dopo la registrazione?<\/h3>\n<p>S\u00ec. Puoi aggiornare nome, numero di telefono, indirizzo e preferenze di comunicazione nella dashboard del tuo account. Vai in &#8220;Impostazioni Profilo&#8221; per apportare modifiche in qualsiasi momento. Per motivi di sicurezza, alcuni aggiornamenti potrebbero richiedere una procedura di verifica aggiuntiva con il team di supporto multilingue.<\/p>\n<h3>Come posso aumentare la sicurezza del mio account Spinania?<\/h3>\n<p>Puoi attivare l&#8217;Autenticazione a Due Fattori (2FA) nelle impostazioni di sicurezza del tuo account. Questa funzionalit\u00e0 aggiunge un ulteriore passo di verifica ad ogni accesso, solitamente un codice inviato al tuo telefono. Questo mantiene il tuo account il pi\u00f9 sicuro possibile.<\/p>\n<h3>Come proteggete i miei dati personali?<\/h3>\n<p>Tutti i trasferimenti di dati sono sicuri con Spinania grazie all&#8217;utilizzo della crittografia SSL a 256 bit e del protocollo HTTPS. La piattaforma segue le norme GDPR, utilizza una crittografia dati avanzata e ha implementato rigorosi controlli di accesso. Le tue informazioni personali sono conservate su server sicuri e non sono mai condivise senza il tuo consenso.<\/p>\n<\/div><\/div><\/p>\n","protected":false},"excerpt":{"rendered":"<p>Accesso e Gestione Account Spinania Con Spinania login, puoi entrare immediatamente nel tuo account e utilizzare una piattaforma casino sicura e facile da usare, studiata appositamente per te. Sia che tu sia un nuovo giocatore o un membro di ritorno, gestire il tuo account Spinania \u00e8 semplice e sicuro.<\/p>\n","protected":false},"author":1,"featured_media":0,"parent":0,"menu_order":0,"comment_status":"closed","ping_status":"closed","template":"template-builder.php","meta":{"_acf_changed":false,"inline_featured_image":false,"footnotes":""},"class_list":["post-1487","page","type-page","status-publish","hentry"],"acf":[],"yoast_head":"<!-- This site is optimized with the Yoast SEO plugin v27.3 - https:\/\/yoast.com\/product\/yoast-seo-wordpress\/ -->\n<title>Spinania Login | Registrazione e gestione dell&#039;account<\/title>\n<meta name=\"description\" content=\"Crea il tuo Spin Ania login per accedere immediatamente a migliaia di giochi. Registrati o accedi per gestire il tuo profilo, verificare il tuo account, gestire i depositi e giocare in qualsiasi momento.\" \/>\n<meta name=\"robots\" content=\"index, follow, max-snippet:-1, max-image-preview:large, max-video-preview:-1\" \/>\n<link rel=\"canonical\" href=\"https:\/\/spin-ania.net\/it\/accesso-e-registrazione\/\" \/>\n<meta property=\"og:locale\" content=\"it_IT\" \/>\n<meta property=\"og:type\" content=\"article\" \/>\n<meta property=\"og:title\" content=\"Spinania Login | Registrazione e gestione dell&#039;account\" \/>\n<meta property=\"og:description\" content=\"Crea il tuo Spin Ania login per accedere immediatamente a migliaia di giochi. Registrati o accedi per gestire il tuo profilo, verificare il tuo account, gestire i depositi e giocare in qualsiasi momento.\" \/>\n<meta property=\"og:url\" content=\"https:\/\/spin-ania.net\/it\/accesso-e-registrazione\/\" \/>\n<meta property=\"og:site_name\" content=\"spinania\" \/>\n<meta property=\"article:modified_time\" content=\"2025-12-02T09:05:47+00:00\" \/>\n<meta name=\"twitter:card\" content=\"summary_large_image\" \/>\n<meta name=\"twitter:label1\" content=\"Est. reading time\" \/>\n\t<meta name=\"twitter:data1\" content=\"1 minute\" \/>\n<script type=\"application\/ld+json\" class=\"yoast-schema-graph\">{\"@context\":\"https:\\\/\\\/schema.org\",\"@graph\":[{\"@type\":\"WebPage\",\"@id\":\"https:\\\/\\\/spin-ania.net\\\/it\\\/accesso-e-registrazione\\\/\",\"url\":\"https:\\\/\\\/spin-ania.net\\\/it\\\/accesso-e-registrazione\\\/\",\"name\":\"Spinania Login | Registrazione e gestione dell'account\",\"isPartOf\":{\"@id\":\"https:\\\/\\\/spin-ania.net\\\/it\\\/#website\"},\"datePublished\":\"2025-12-01T14:11:57+00:00\",\"dateModified\":\"2025-12-02T09:05:47+00:00\",\"description\":\"Crea il tuo Spin Ania login per accedere immediatamente a migliaia di giochi. Registrati o accedi per gestire il tuo profilo, verificare il tuo account, gestire i depositi e giocare in qualsiasi momento.\",\"breadcrumb\":{\"@id\":\"https:\\\/\\\/spin-ania.net\\\/it\\\/accesso-e-registrazione\\\/#breadcrumb\"},\"inLanguage\":\"it-IT\",\"potentialAction\":[{\"@type\":\"ReadAction\",\"target\":[\"https:\\\/\\\/spin-ania.net\\\/it\\\/accesso-e-registrazione\\\/\"]}]},{\"@type\":\"BreadcrumbList\",\"@id\":\"https:\\\/\\\/spin-ania.net\\\/it\\\/accesso-e-registrazione\\\/#breadcrumb\",\"itemListElement\":[{\"@type\":\"ListItem\",\"position\":1,\"name\":\"Spinania\",\"item\":\"https:\\\/\\\/spin-ania.net\\\/it\\\/\"},{\"@type\":\"ListItem\",\"position\":2,\"name\":\"Accesso e registrazione\"}]},{\"@type\":\"WebSite\",\"@id\":\"https:\\\/\\\/spin-ania.net\\\/it\\\/#website\",\"url\":\"https:\\\/\\\/spin-ania.net\\\/it\\\/\",\"name\":\"Spinania\",\"description\":\"\",\"publisher\":{\"@id\":\"https:\\\/\\\/spin-ania.net\\\/it\\\/#organization\"},\"potentialAction\":[{\"@type\":\"SearchAction\",\"target\":{\"@type\":\"EntryPoint\",\"urlTemplate\":\"https:\\\/\\\/spin-ania.net\\\/it\\\/?s={search_term_string}\"},\"query-input\":{\"@type\":\"PropertyValueSpecification\",\"valueRequired\":true,\"valueName\":\"search_term_string\"}}],\"inLanguage\":\"it-IT\"},{\"@type\":\"Organization\",\"@id\":\"https:\\\/\\\/spin-ania.net\\\/it\\\/#organization\",\"name\":\"Spinania\",\"url\":\"https:\\\/\\\/spin-ania.net\\\/it\\\/\",\"logo\":{\"@type\":\"ImageObject\",\"inLanguage\":\"it-IT\",\"@id\":\"https:\\\/\\\/spin-ania.net\\\/it\\\/#\\\/schema\\\/logo\\\/image\\\/\",\"url\":\"https:\\\/\\\/spin-ania.net\\\/wp-content\\\/uploads\\\/2025\\\/12\\\/Casino-logo-Desktop.png\",\"contentUrl\":\"https:\\\/\\\/spin-ania.net\\\/wp-content\\\/uploads\\\/2025\\\/12\\\/Casino-logo-Desktop.png\",\"width\":88,\"height\":26,\"caption\":\"Spinania\"},\"image\":{\"@id\":\"https:\\\/\\\/spin-ania.net\\\/it\\\/#\\\/schema\\\/logo\\\/image\\\/\"}}]}<\/script>\n<!-- \/ Yoast SEO plugin. -->","yoast_head_json":{"title":"Spinania Login | Registrazione e gestione dell'account","description":"Crea il tuo Spin Ania login per accedere immediatamente a migliaia di giochi. Registrati o accedi per gestire il tuo profilo, verificare il tuo account, gestire i depositi e giocare in qualsiasi momento.","robots":{"index":"index","follow":"follow","max-snippet":"max-snippet:-1","max-image-preview":"max-image-preview:large","max-video-preview":"max-video-preview:-1"},"canonical":"https:\/\/spin-ania.net\/it\/accesso-e-registrazione\/","og_locale":"it_IT","og_type":"article","og_title":"Spinania Login | Registrazione e gestione dell'account","og_description":"Crea il tuo Spin Ania login per accedere immediatamente a migliaia di giochi. Registrati o accedi per gestire il tuo profilo, verificare il tuo account, gestire i depositi e giocare in qualsiasi momento.","og_url":"https:\/\/spin-ania.net\/it\/accesso-e-registrazione\/","og_site_name":"spinania","article_modified_time":"2025-12-02T09:05:47+00:00","twitter_card":"summary_large_image","twitter_misc":{"Est. reading time":"1 minute"},"schema":{"@context":"https:\/\/schema.org","@graph":[{"@type":"WebPage","@id":"https:\/\/spin-ania.net\/it\/accesso-e-registrazione\/","url":"https:\/\/spin-ania.net\/it\/accesso-e-registrazione\/","name":"Spinania Login | Registrazione e gestione dell'account","isPartOf":{"@id":"https:\/\/spin-ania.net\/it\/#website"},"datePublished":"2025-12-01T14:11:57+00:00","dateModified":"2025-12-02T09:05:47+00:00","description":"Crea il tuo Spin Ania login per accedere immediatamente a migliaia di giochi. Registrati o accedi per gestire il tuo profilo, verificare il tuo account, gestire i depositi e giocare in qualsiasi momento.","breadcrumb":{"@id":"https:\/\/spin-ania.net\/it\/accesso-e-registrazione\/#breadcrumb"},"inLanguage":"it-IT","potentialAction":[{"@type":"ReadAction","target":["https:\/\/spin-ania.net\/it\/accesso-e-registrazione\/"]}]},{"@type":"BreadcrumbList","@id":"https:\/\/spin-ania.net\/it\/accesso-e-registrazione\/#breadcrumb","itemListElement":[{"@type":"ListItem","position":1,"name":"Spinania","item":"https:\/\/spin-ania.net\/it\/"},{"@type":"ListItem","position":2,"name":"Accesso e registrazione"}]},{"@type":"WebSite","@id":"https:\/\/spin-ania.net\/it\/#website","url":"https:\/\/spin-ania.net\/it\/","name":"Spinania","description":"","publisher":{"@id":"https:\/\/spin-ania.net\/it\/#organization"},"potentialAction":[{"@type":"SearchAction","target":{"@type":"EntryPoint","urlTemplate":"https:\/\/spin-ania.net\/it\/?s={search_term_string}"},"query-input":{"@type":"PropertyValueSpecification","valueRequired":true,"valueName":"search_term_string"}}],"inLanguage":"it-IT"},{"@type":"Organization","@id":"https:\/\/spin-ania.net\/it\/#organization","name":"Spinania","url":"https:\/\/spin-ania.net\/it\/","logo":{"@type":"ImageObject","inLanguage":"it-IT","@id":"https:\/\/spin-ania.net\/it\/#\/schema\/logo\/image\/","url":"https:\/\/spin-ania.net\/wp-content\/uploads\/2025\/12\/Casino-logo-Desktop.png","contentUrl":"https:\/\/spin-ania.net\/wp-content\/uploads\/2025\/12\/Casino-logo-Desktop.png","width":88,"height":26,"caption":"Spinania"},"image":{"@id":"https:\/\/spin-ania.net\/it\/#\/schema\/logo\/image\/"}}]}},"_links":{"self":[{"href":"https:\/\/spin-ania.net\/it\/wp-json\/wp\/v2\/pages\/1487","targetHints":{"allow":["GET"]}}],"collection":[{"href":"https:\/\/spin-ania.net\/it\/wp-json\/wp\/v2\/pages"}],"about":[{"href":"https:\/\/spin-ania.net\/it\/wp-json\/wp\/v2\/types\/page"}],"author":[{"embeddable":true,"href":"https:\/\/spin-ania.net\/it\/wp-json\/wp\/v2\/users\/1"}],"replies":[{"embeddable":true,"href":"https:\/\/spin-ania.net\/it\/wp-json\/wp\/v2\/comments?post=1487"}],"version-history":[{"count":1,"href":"https:\/\/spin-ania.net\/it\/wp-json\/wp\/v2\/pages\/1487\/revisions"}],"predecessor-version":[{"id":1740,"href":"https:\/\/spin-ania.net\/it\/wp-json\/wp\/v2\/pages\/1487\/revisions\/1740"}],"wp:attachment":[{"href":"https:\/\/spin-ania.net\/it\/wp-json\/wp\/v2\/media?parent=1487"}],"curies":[{"name":"wp","href":"https:\/\/api.w.org\/{rel}","templated":true}]}}