{"id":1452,"date":"2025-12-01T14:18:40","date_gmt":"2025-12-01T14:18:40","guid":{"rendered":"https:\/\/spin-ania.net\/bonus\/"},"modified":"2025-12-02T09:12:15","modified_gmt":"2025-12-02T09:12:15","slug":"bonus","status":"publish","type":"page","link":"https:\/\/spin-ania.net\/it\/bonus\/","title":{"rendered":"Bonus"},"content":{"rendered":"<h1>Bonus e Promozioni su Spinania<\/h1>\n<p>Il programma Spinania bonus premia sia i nuovi giocatori che quelli di ritorno. Il casino Spinania offre un bonus di benvenuto di \u20ac1.500, promozioni settimanali e ricompense fedelt\u00e0 speciali ai suoi giocatori. Ogni bonus \u00e8 accompagnato da termini e condizioni chiari e requisiti di puntata equi, in modo che i giocatori ottengano un vero valore per i loro depositi e il loro gameplay.<\/p>\n<p><div class=\"banner-wrap\" aria-label=\"Banner\"><img src=\"https:\/\/spin-ania.net\/wp-content\/uploads\/2025\/12\/Spinania-Banner-Desktop.webp\" class=\"w-100 d-none d-lg-block img-pc main-banner-img\" alt=\"Spinania Banner Desktop\" fetchpriority=\"high\" decoding=\"async\"><img src=\"https:\/\/spin-ania.net\/wp-content\/uploads\/2025\/12\/Spinania-mobile-banner.webp\" class=\"w-100 d-none d-md-block d-lg-none main-banner-img\" alt=\"Spinania mobile banner\" fetchpriority=\"high\" decoding=\"async\"><img src=\"https:\/\/spin-ania.net\/wp-content\/uploads\/2025\/12\/Spinania-mobile-banner.webp\" class=\"w-100 d-md-none\" alt=\"Spinania mobile banner\" fetchpriority=\"high\" decoding=\"async\"><div class=\"banner-description\">\n<div class=\"banner-title\">Bonus di benvenuto<\/div>\n<p class=\"banner-header-title\">1500 \u20ac<\/p>\n<div class=\"banner-header-AdditionalText\">+ 250 Giri gratuiti<\/div>\n<button data-item=\"homepage_banner_link\" class=\"goto m-button m-gradient-border m-button--primary m-button--large banner-button btn-orange\">\n            <div class=\"m-button-content\">\n                <span>Iscriviti ora<\/span>\n                <span><\/span>\n            <\/div>\n        <\/button>\n<\/div>\n<div class=\"WelcomePack\">\n<p><img loading=\"lazy\" decoding=\"async\" class=\"alignnone size-full wp-image-1616\" src=\"https:\/\/spin-ania.net\/wp-content\/uploads\/2025\/12\/welcome-crown.svg\" alt=\"crown\" width=\"25\" height=\"26\" \/><\/p>\n<div class=\"WelcomePack-Info\">Cashback settimanale fino al 25%<\/div>\n<p><img loading=\"lazy\" decoding=\"async\" class=\"alignnone size-full wp-image-1616\" src=\"https:\/\/spin-ania.net\/wp-content\/uploads\/2025\/12\/welcome-crown.svg\" alt=\"crown\" width=\"25\" height=\"26\" \/><\/p>\n<\/div>\n<\/div><div class=\"promotions-wrap\"><div class=\"promotion-card\" style=\"background-image: url(https:\/\/spin-ania.net\/wp-content\/uploads\/2025\/12\/First-deposit.webp);\"><h2 class=\"promotion-card__title\">Primo Deposito<\/h2><label class=\"promotion-card__offer\">100% fino a 500 \u20ac + 150 giri gratuiti<\/label><label class=\"promotion-card__description\"><\/label><div class=\"promotion-card__actions\"><button data-item=\"payments_link\" data-group=\"website_links\" class=\"goto btn btn-orange rounded-pill fw-bold px-4 m-button m-gradient-border m-button--primary m-button--large promotion-button promotion-card__action-btn\" aria-label=\"Iscriviti\"><div class=\"m-button-content\"><span class=\"promotion-button__content\">Iscriviti<\/span><\/div><\/button><button data-item=\"http:\/\/bonus_link\" data-group=\"website_links\" class=\"goto m-button m-gradient-border m-button--secondary m-button--medium promotion-card__info-btn\" aria-label=\"More information\"><div class=\"m-button-content\"><svg viewBox=\"0 0 24 24\" fill=\"none\" xmlns=\"http:\/\/www.w3.org\/2000\/svg\" class=\"m-icon m-icon-loadable\" name=\"Attention\" loading=\"false\" aria-hidden=\"true\"><path d=\"M12 22C6.477 22 2 17.522 2 12S6.477 2 12 2s10 4.478 10 10-4.477 10-10 10m-.002-13.004a.999.999 0 1 0 0-1.997.999.999 0 0 0 0 1.997M12 17a1 1 0 0 0 .993-.884L13 16l-.002-5.001-.007-.117a1 1 0 0 0-1.986 0l-.007.117L11 16l.007.117A1 1 0 0 0 12 17\" fill=\"currentColor\"><\/path><\/svg><\/div><\/button><\/div><\/div><div class=\"promotion-card\" style=\"background-image: url(https:\/\/spin-ania.net\/wp-content\/uploads\/2025\/12\/Second-deposit.webp);\"><h2 class=\"promotion-card__title\">Secondo Deposito<\/h2><label class=\"promotion-card__offer\">55% fino a 500 \u20ac + 100 giri gratuiti<\/label><label class=\"promotion-card__description\"><\/label><div class=\"promotion-card__actions\"><button data-item=\"payments_link\" data-group=\"website_links\" class=\"goto btn btn-orange rounded-pill fw-bold px-4 m-button m-gradient-border m-button--primary m-button--large promotion-button promotion-card__action-btn\" aria-label=\"Iscriviti\"><div class=\"m-button-content\"><span class=\"promotion-button__content\">Iscriviti<\/span><\/div><\/button><button data-item=\"http:\/\/bonus_link\" data-group=\"website_links\" class=\"goto m-button m-gradient-border m-button--secondary m-button--medium promotion-card__info-btn\" aria-label=\"More information\"><div class=\"m-button-content\"><svg viewBox=\"0 0 24 24\" fill=\"none\" xmlns=\"http:\/\/www.w3.org\/2000\/svg\" class=\"m-icon m-icon-loadable\" name=\"Attention\" loading=\"false\" aria-hidden=\"true\"><path d=\"M12 22C6.477 22 2 17.522 2 12S6.477 2 12 2s10 4.478 10 10-4.477 10-10 10m-.002-13.004a.999.999 0 1 0 0-1.997.999.999 0 0 0 0 1.997M12 17a1 1 0 0 0 .993-.884L13 16l-.002-5.001-.007-.117a1 1 0 0 0-1.986 0l-.007.117L11 16l.007.117A1 1 0 0 0 12 17\" fill=\"currentColor\"><\/path><\/svg><\/div><\/button><\/div><\/div><div class=\"promotion-card\" style=\"background-image: url(https:\/\/spin-ania.net\/wp-content\/uploads\/2025\/12\/Third-deposit.webp);\"><h2 class=\"promotion-card__title\">Terzo Deposito<\/h2><label class=\"promotion-card__offer\">100% fino a 500 \u20ac<\/label><label class=\"promotion-card__description\"><\/label><div class=\"promotion-card__actions\"><button data-item=\"payments_link\" data-group=\"website_links\" class=\"goto btn btn-orange rounded-pill fw-bold px-4 m-button m-gradient-border m-button--primary m-button--large promotion-button promotion-card__action-btn\" aria-label=\"Iscriviti\"><div class=\"m-button-content\"><span class=\"promotion-button__content\">Iscriviti<\/span><\/div><\/button><button data-item=\"http:\/\/bonus_link\" data-group=\"website_links\" class=\"goto m-button m-gradient-border m-button--secondary m-button--medium promotion-card__info-btn\" aria-label=\"More information\"><div class=\"m-button-content\"><svg viewBox=\"0 0 24 24\" fill=\"none\" xmlns=\"http:\/\/www.w3.org\/2000\/svg\" class=\"m-icon m-icon-loadable\" name=\"Attention\" loading=\"false\" aria-hidden=\"true\"><path d=\"M12 22C6.477 22 2 17.522 2 12S6.477 2 12 2s10 4.478 10 10-4.477 10-10 10m-.002-13.004a.999.999 0 1 0 0-1.997.999.999 0 0 0 0 1.997M12 17a1 1 0 0 0 .993-.884L13 16l-.002-5.001-.007-.117a1 1 0 0 0-1.986 0l-.007.117L11 16l.007.117A1 1 0 0 0 12 17\" fill=\"currentColor\"><\/path><\/svg><\/div><\/button><\/div><\/div><div class=\"promotion-card\" style=\"background-image: url(https:\/\/spin-ania.net\/wp-content\/uploads\/2025\/12\/Cashback.webp);\"><h2 class=\"promotion-card__title\">Cashback Settimanale<\/h2><label class=\"promotion-card__offer\">Fino al 25%<\/label><label class=\"promotion-card__description\"><\/label><div class=\"promotion-card__actions\"><button data-item=\"payments_link\" data-group=\"website_links\" class=\"goto btn btn-orange rounded-pill fw-bold px-4 m-button m-gradient-border m-button--primary m-button--large promotion-button promotion-card__action-btn\" aria-label=\"Iscriviti\"><div class=\"m-button-content\"><span class=\"promotion-button__content\">Iscriviti<\/span><\/div><\/button><button data-item=\"http:\/\/bonus_link\" data-group=\"website_links\" class=\"goto m-button m-gradient-border m-button--secondary m-button--medium promotion-card__info-btn\" aria-label=\"More information\"><div class=\"m-button-content\"><svg viewBox=\"0 0 24 24\" fill=\"none\" xmlns=\"http:\/\/www.w3.org\/2000\/svg\" class=\"m-icon m-icon-loadable\" name=\"Attention\" loading=\"false\" aria-hidden=\"true\"><path d=\"M12 22C6.477 22 2 17.522 2 12S6.477 2 12 2s10 4.478 10 10-4.477 10-10 10m-.002-13.004a.999.999 0 1 0 0-1.997.999.999 0 0 0 0 1.997M12 17a1 1 0 0 0 .993-.884L13 16l-.002-5.001-.007-.117a1 1 0 0 0-1.986 0l-.007.117L11 16l.007.117A1 1 0 0 0 12 17\" fill=\"currentColor\"><\/path><\/svg><\/div><\/button><\/div><\/div><div class=\"promotion-card\" style=\"background-image: url(https:\/\/spin-ania.net\/wp-content\/uploads\/2025\/12\/Highroller.webp);\"><h2 class=\"promotion-card__title\">Offerta Highroller<\/h2><label class=\"promotion-card__offer\">50% fino a \u20ac500<\/label><label class=\"promotion-card__description\"><\/label><div class=\"promotion-card__actions\"><button data-item=\"payments_link\" data-group=\"website_links\" class=\"goto btn btn-orange rounded-pill fw-bold px-4 m-button m-gradient-border m-button--primary m-button--large promotion-button promotion-card__action-btn\" aria-label=\"Iscriviti\"><div class=\"m-button-content\"><span class=\"promotion-button__content\">Iscriviti<\/span><\/div><\/button><button data-item=\"http:\/\/bonus_link\" data-group=\"website_links\" class=\"goto m-button m-gradient-border m-button--secondary m-button--medium promotion-card__info-btn\" aria-label=\"More information\"><div class=\"m-button-content\"><svg viewBox=\"0 0 24 24\" fill=\"none\" xmlns=\"http:\/\/www.w3.org\/2000\/svg\" class=\"m-icon m-icon-loadable\" name=\"Attention\" loading=\"false\" aria-hidden=\"true\"><path d=\"M12 22C6.477 22 2 17.522 2 12S6.477 2 12 2s10 4.478 10 10-4.477 10-10 10m-.002-13.004a.999.999 0 1 0 0-1.997.999.999 0 0 0 0 1.997M12 17a1 1 0 0 0 .993-.884L13 16l-.002-5.001-.007-.117a1 1 0 0 0-1.986 0l-.007.117L11 16l.007.117A1 1 0 0 0 12 17\" fill=\"currentColor\"><\/path><\/svg><\/div><\/button><\/div><\/div><div class=\"promotion-card\" style=\"background-image: url(https:\/\/spin-ania.net\/wp-content\/uploads\/2025\/12\/Rakeback.webp);\"><h2 class=\"promotion-card__title\">Rakeback<\/h2><label class=\"promotion-card__offer\">Fino al 17%<\/label><label class=\"promotion-card__description\"><\/label><div class=\"promotion-card__actions\"><button data-item=\"payments_link\" data-group=\"website_links\" class=\"goto btn btn-orange rounded-pill fw-bold px-4 m-button m-gradient-border m-button--primary m-button--large promotion-button promotion-card__action-btn\" aria-label=\"Iscriviti\"><div class=\"m-button-content\"><span class=\"promotion-button__content\">Iscriviti<\/span><\/div><\/button><button data-item=\"http:\/\/bonus_link\" data-group=\"website_links\" class=\"goto m-button m-gradient-border m-button--secondary m-button--medium promotion-card__info-btn\" aria-label=\"More information\"><div class=\"m-button-content\"><svg viewBox=\"0 0 24 24\" fill=\"none\" xmlns=\"http:\/\/www.w3.org\/2000\/svg\" class=\"m-icon m-icon-loadable\" name=\"Attention\" loading=\"false\" aria-hidden=\"true\"><path d=\"M12 22C6.477 22 2 17.522 2 12S6.477 2 12 2s10 4.478 10 10-4.477 10-10 10m-.002-13.004a.999.999 0 1 0 0-1.997.999.999 0 0 0 0 1.997M12 17a1 1 0 0 0 .993-.884L13 16l-.002-5.001-.007-.117a1 1 0 0 0-1.986 0l-.007.117L11 16l.007.117A1 1 0 0 0 12 17\" fill=\"currentColor\"><\/path><\/svg><\/div><\/button><\/div><\/div><div class=\"promotion-card\" style=\"background-image: url(https:\/\/spin-ania.net\/wp-content\/uploads\/2025\/12\/Sunday-reload.webp);\"><h2 class=\"promotion-card__title\">Ricarica domenicale<\/h2><label class=\"promotion-card__offer\">25% fino a \u20ac100<\/label><label class=\"promotion-card__description\"><\/label><div class=\"promotion-card__actions\"><button data-item=\"payments_link\" data-group=\"website_links\" class=\"goto btn btn-orange rounded-pill fw-bold px-4 m-button m-gradient-border m-button--primary m-button--large promotion-button promotion-card__action-btn\" aria-label=\"Iscriviti\"><div class=\"m-button-content\"><span class=\"promotion-button__content\">Iscriviti<\/span><\/div><\/button><button data-item=\"http:\/\/bonus_link\" data-group=\"website_links\" class=\"goto m-button m-gradient-border m-button--secondary m-button--medium promotion-card__info-btn\" aria-label=\"More information\"><div class=\"m-button-content\"><svg viewBox=\"0 0 24 24\" fill=\"none\" xmlns=\"http:\/\/www.w3.org\/2000\/svg\" class=\"m-icon m-icon-loadable\" name=\"Attention\" loading=\"false\" aria-hidden=\"true\"><path d=\"M12 22C6.477 22 2 17.522 2 12S6.477 2 12 2s10 4.478 10 10-4.477 10-10 10m-.002-13.004a.999.999 0 1 0 0-1.997.999.999 0 0 0 0 1.997M12 17a1 1 0 0 0 .993-.884L13 16l-.002-5.001-.007-.117a1 1 0 0 0-1.986 0l-.007.117L11 16l.007.117A1 1 0 0 0 12 17\" fill=\"currentColor\"><\/path><\/svg><\/div><\/button><\/div><\/div><\/div><div class=\"scrollable-content-wrap my-5\"><div class=\"scrollable-content-inner\"><h2>Offerte di Benvenuto per i Nuovi Giocatori<\/h2>\n<p>I nuovi giocatori su Spinania ricevono un grande pacchetto di benvenuto del valore di fino a \u20ac1.500 e 250 giri gratis, ripartiti sui primi tre depositi. Questa struttura offre ai nuovi giocatori molteplici opportunit\u00e0 di incrementare il proprio bankroll fin dall&#8217;inizio.<\/p>\n<table>\n<tbody>\n<tr>\n<td>Deposito<\/td>\n<td>Percentuale Bonus<\/td>\n<td>Importo Massimo<\/td>\n<td>Giri Gratis<\/td>\n<td>Requisito di Puntata<\/td>\n<td>Durata<\/td>\n<\/tr>\n<tr>\n<td>Primo<\/td>\n<td>100%<\/td>\n<td>\u20ac500<\/td>\n<td>150<\/td>\n<td>x35 (Bonus)<\/td>\n<td>7 giorni<\/td>\n<\/tr>\n<tr>\n<td>Secondo<\/td>\n<td>55%<\/td>\n<td>\u20ac500<\/td>\n<td>100<\/td>\n<td>x35 (Bonus)<\/td>\n<td>7 giorni<\/td>\n<\/tr>\n<tr>\n<td>Terzo<\/td>\n<td>100%<\/td>\n<td>\u20ac500<\/td>\n<td>0<\/td>\n<td>x35 (Bonus)<\/td>\n<td>7 giorni<\/td>\n<\/tr>\n<\/tbody>\n<\/table>\n<h2>Offerte Settimanali e Promozioni Bonus Regolari Spinania<\/h2>\n<p>Il Casino Spinania offre una selezione rotante di offerte settimanali adatte a diversi tipi di giocatori. Il programma Cashback Settimanale \u00e8 un favorito dai fan perch\u00e9 restituisce fino al 25% delle tue puntate direttamente sul tuo account. Questa promozione \u00e8 sempre attiva, quindi anche quando le cose vanno male, c&#8217;\u00e8 sempre un lato positivo.<\/p>\n<p>La piattaforma offre anche offerte a tempo limitato che cambiano ogni settimana, dando ai giocatori molte possibilit\u00e0 di incrementare il proprio bankroll. Queste offerte di solito includono depositi matched, giri gratis su giochi popolari e ingressi in tornei speciali. La sezione promozioni mostra chiaramente ogni offerta settimanale, rendendo facile restare aggiornati su ci\u00f2 che sta succedendo.<\/p>\n<h2>Competizioni e Tornei Casino Regolari<\/h2>\n<p>Il casino Spin Ania offre una serie di formati di torneo che rendono il gameplay regolare pi\u00f9 emozionante e propongono montepremi ricchi.<\/p>\n<ul>\n<li>Il Torneo Rookie Rumble \u00e8 pensato per i nuovi giocatori, in modo che tutti abbiano le stesse possibilit\u00e0 di vincere. Questo torneo giornaliero ha un montepremi di \u20ac2.500, dando ai principianti una buona possibilit\u00e0 di vincere in grande senza dover competere contro giocatori esperti d&#8217;alto rotolo.<\/li>\n<li>Il Live Tournament si svolge ogni tre giorni e ha un enorme montepremi di \u20ac10.000. Questa competizione \u00e8 riservata ai giochi con croupier dal vivo, quindi vinceranno i giocatori che amano l&#8217;atmosfera interattiva del gioco in tempo reale. Il frequente reset del programma d\u00e0 a tutti la possibilit\u00e0 di competere per le prime posizioni almeno una volta al mese.<\/li>\n<\/ul>\n<p>In questi tornei, le prestazioni dei giocatori di solito determinano la classifica finale e la distribuzione dei premi. La struttura della competizione rende il gameplay standard pi\u00f9 interessante, trasformando sessioni noiose in emozionanti sfide con vere ricompense in palio.<\/p>\n<h2>Termini e Condizioni per Bonus e Requisiti di Puntata<\/h2>\n<p>Conoscere i requisiti di puntata aiuta a scegliere e giocare i bonus in modo intelligente. Spinania ha un sistema semplice in cui giochi diversi contribuiscono in percentuali diverse al soddisfacimento dei requisiti.<\/p>\n<ul>\n<li>I giochi slot sono il modo pi\u00f9 veloce per soddisfare i requisiti dei bonus Spinania perch\u00e9 il 100% delle puntate con denaro reale conta verso i requisiti di puntata.<\/li>\n<li>I giochi di carte, roulette, poker e video poker contano per il 5% delle puntate.<\/li>\n<li>I giochi con croupier dal vivo non contano verso i requisiti di puntata.<\/li>\n<\/ul>\n<p>Questo schema incoraggia a giocare alle slot, ma permette anche a chi ama altri tipi di gioco una certa libert\u00e0.<\/p>\n<p>La tua puntata massima \u00e8 limitata a \u20ac5 o l&#8217;equivalente nella valuta scelta fintanto che \u00e8 attivo un bonus. Questo limite impedisce abusi dei bonus e assicura che tutti giochino in modo corretto sulla piattaforma. Puoi vincere fino a \u20ac50 con i bonus Spinania senza deposito, a meno che la promozione non specifichi diversamente.<\/p>\n<p>La pagina del Saldo mostra in tempo reale quanti soldi restano da puntare per ogni bonus attivo. Puoi anche alternare tra diversi bonus attivi sulla piattaforma mettendone uno in pausa per lavorare su un altro. Tuttavia, i bonus in pausa continueranno a scorrere verso la loro data di scadenza.<\/p>\n<p>Non puoi richiedere prelievi finch\u00e9 non hai soddisfatto il requisito di puntata per qualsiasi bonus attivo. Tuttavia, puoi cancellare i bonus in qualsiasi momento, e non perderai nessuno dei tuoi soldi. Ricorda che quando hai un bonus attivo, il sistema utilizzer\u00e0 prima il tuo saldo reale e poi eventuali soldi del bonus.<\/p>\n<h2>FAQ<\/h2>\n<h3>Come posso scoprire le ultime promozioni e i tornei di Spinania?<\/h3>\n<p>La pagina Promozioni mostra tutte le offerte attuali e imminenti. Puoi anche attivare le notifiche email nelle impostazioni del tuo profilo per ricevere aggiornamenti su nuovi bonus, tornei e offerte a tempo limitato non appena sono disponibili.<\/p>\n<h3>Cosa succede se il mio bonus scade prima che io soddisfi i requisiti di puntata?<\/h3>\n<p>Se un bonus scade, qualsiasi saldo bonus rimanente e le relative vincite verranno rimossi automaticamente dal tuo account. Tuttavia, il tuo saldo di denaro reale rimane invariato. Controlla il timer del bonus nella pagina del Saldo e pianifica il tuo gameplay per non perdere i soldi del bonus.<\/p>\n<h3>Posso alternare tra bonus attivi?<\/h3>\n<p>S\u00ec, la piattaforma ti permette di mettere in pausa bonus gi\u00e0 attivi e iniziare a puntare su uno diverso. Tieni presente che i bonus in pausa continuano a scorrere verso la loro data di scadenza anche quando non sono in uso. Pianifica la tua strategia bonus di conseguenza per non perdere offerte che non hai ancora utilizzato.<\/p>\n<\/div><\/div><\/p>\n","protected":false},"excerpt":{"rendered":"<p>Bonus e Promozioni su Spinania Il programma Spinania bonus premia sia i nuovi giocatori che quelli di ritorno. Il casino Spinania offre un bonus di benvenuto di \u20ac1.500, promozioni settimanali e ricompense fedelt\u00e0 speciali ai suoi giocatori. Ogni bonus \u00e8 accompagnato da termini e condizioni chiari e requisiti di puntata equi, in modo che i [&hellip;]<\/p>\n","protected":false},"author":1,"featured_media":0,"parent":0,"menu_order":0,"comment_status":"closed","ping_status":"closed","template":"template-builder.php","meta":{"_acf_changed":false,"inline_featured_image":false,"footnotes":""},"class_list":["post-1452","page","type-page","status-publish","hentry"],"acf":[],"yoast_head":"<!-- This site is optimized with the Yoast SEO plugin v27.3 - https:\/\/yoast.com\/product\/yoast-seo-wordpress\/ -->\n<title>Spinania Bonus | Giri gratuiti per i nuovi giocatori<\/title>\n<meta name=\"description\" content=\"Tutti i Spin Ania bonuses e le promozioni in un unico posto. Dalle offerte di benvenuto multilivello e giri gratuiti alle offerte cashback e tornei ad alto rischio.\" \/>\n<meta name=\"robots\" content=\"index, follow, max-snippet:-1, max-image-preview:large, max-video-preview:-1\" \/>\n<link rel=\"canonical\" href=\"https:\/\/spin-ania.net\/it\/bonus\/\" \/>\n<meta property=\"og:locale\" content=\"it_IT\" \/>\n<meta property=\"og:type\" content=\"article\" \/>\n<meta property=\"og:title\" content=\"Spinania Bonus | Giri gratuiti per i nuovi giocatori\" \/>\n<meta property=\"og:description\" content=\"Tutti i Spin Ania bonuses e le promozioni in un unico posto. Dalle offerte di benvenuto multilivello e giri gratuiti alle offerte cashback e tornei ad alto rischio.\" \/>\n<meta property=\"og:url\" content=\"https:\/\/spin-ania.net\/it\/bonus\/\" \/>\n<meta property=\"og:site_name\" content=\"spinania\" \/>\n<meta property=\"article:modified_time\" content=\"2025-12-02T09:12:15+00:00\" \/>\n<meta name=\"twitter:card\" content=\"summary_large_image\" \/>\n<meta name=\"twitter:label1\" content=\"Est. reading time\" \/>\n\t<meta name=\"twitter:data1\" content=\"1 minute\" \/>\n<script type=\"application\/ld+json\" class=\"yoast-schema-graph\">{\"@context\":\"https:\\\/\\\/schema.org\",\"@graph\":[{\"@type\":\"WebPage\",\"@id\":\"https:\\\/\\\/spin-ania.net\\\/it\\\/bonus\\\/\",\"url\":\"https:\\\/\\\/spin-ania.net\\\/it\\\/bonus\\\/\",\"name\":\"Spinania Bonus | Giri gratuiti per i nuovi giocatori\",\"isPartOf\":{\"@id\":\"https:\\\/\\\/spin-ania.net\\\/it\\\/#website\"},\"datePublished\":\"2025-12-01T14:18:40+00:00\",\"dateModified\":\"2025-12-02T09:12:15+00:00\",\"description\":\"Tutti i Spin Ania bonuses e le promozioni in un unico posto. Dalle offerte di benvenuto multilivello e giri gratuiti alle offerte cashback e tornei ad alto rischio.\",\"breadcrumb\":{\"@id\":\"https:\\\/\\\/spin-ania.net\\\/it\\\/bonus\\\/#breadcrumb\"},\"inLanguage\":\"it-IT\",\"potentialAction\":[{\"@type\":\"ReadAction\",\"target\":[\"https:\\\/\\\/spin-ania.net\\\/it\\\/bonus\\\/\"]}]},{\"@type\":\"BreadcrumbList\",\"@id\":\"https:\\\/\\\/spin-ania.net\\\/it\\\/bonus\\\/#breadcrumb\",\"itemListElement\":[{\"@type\":\"ListItem\",\"position\":1,\"name\":\"Spinania\",\"item\":\"https:\\\/\\\/spin-ania.net\\\/it\\\/\"},{\"@type\":\"ListItem\",\"position\":2,\"name\":\"Bonus\"}]},{\"@type\":\"WebSite\",\"@id\":\"https:\\\/\\\/spin-ania.net\\\/it\\\/#website\",\"url\":\"https:\\\/\\\/spin-ania.net\\\/it\\\/\",\"name\":\"Spinania\",\"description\":\"\",\"publisher\":{\"@id\":\"https:\\\/\\\/spin-ania.net\\\/it\\\/#organization\"},\"potentialAction\":[{\"@type\":\"SearchAction\",\"target\":{\"@type\":\"EntryPoint\",\"urlTemplate\":\"https:\\\/\\\/spin-ania.net\\\/it\\\/?s={search_term_string}\"},\"query-input\":{\"@type\":\"PropertyValueSpecification\",\"valueRequired\":true,\"valueName\":\"search_term_string\"}}],\"inLanguage\":\"it-IT\"},{\"@type\":\"Organization\",\"@id\":\"https:\\\/\\\/spin-ania.net\\\/it\\\/#organization\",\"name\":\"Spinania\",\"url\":\"https:\\\/\\\/spin-ania.net\\\/it\\\/\",\"logo\":{\"@type\":\"ImageObject\",\"inLanguage\":\"it-IT\",\"@id\":\"https:\\\/\\\/spin-ania.net\\\/it\\\/#\\\/schema\\\/logo\\\/image\\\/\",\"url\":\"https:\\\/\\\/spin-ania.net\\\/wp-content\\\/uploads\\\/2025\\\/12\\\/Casino-logo-Desktop.png\",\"contentUrl\":\"https:\\\/\\\/spin-ania.net\\\/wp-content\\\/uploads\\\/2025\\\/12\\\/Casino-logo-Desktop.png\",\"width\":88,\"height\":26,\"caption\":\"Spinania\"},\"image\":{\"@id\":\"https:\\\/\\\/spin-ania.net\\\/it\\\/#\\\/schema\\\/logo\\\/image\\\/\"}}]}<\/script>\n<!-- \/ Yoast SEO plugin. -->","yoast_head_json":{"title":"Spinania Bonus | Giri gratuiti per i nuovi giocatori","description":"Tutti i Spin Ania bonuses e le promozioni in un unico posto. Dalle offerte di benvenuto multilivello e giri gratuiti alle offerte cashback e tornei ad alto rischio.","robots":{"index":"index","follow":"follow","max-snippet":"max-snippet:-1","max-image-preview":"max-image-preview:large","max-video-preview":"max-video-preview:-1"},"canonical":"https:\/\/spin-ania.net\/it\/bonus\/","og_locale":"it_IT","og_type":"article","og_title":"Spinania Bonus | Giri gratuiti per i nuovi giocatori","og_description":"Tutti i Spin Ania bonuses e le promozioni in un unico posto. Dalle offerte di benvenuto multilivello e giri gratuiti alle offerte cashback e tornei ad alto rischio.","og_url":"https:\/\/spin-ania.net\/it\/bonus\/","og_site_name":"spinania","article_modified_time":"2025-12-02T09:12:15+00:00","twitter_card":"summary_large_image","twitter_misc":{"Est. reading time":"1 minute"},"schema":{"@context":"https:\/\/schema.org","@graph":[{"@type":"WebPage","@id":"https:\/\/spin-ania.net\/it\/bonus\/","url":"https:\/\/spin-ania.net\/it\/bonus\/","name":"Spinania Bonus | Giri gratuiti per i nuovi giocatori","isPartOf":{"@id":"https:\/\/spin-ania.net\/it\/#website"},"datePublished":"2025-12-01T14:18:40+00:00","dateModified":"2025-12-02T09:12:15+00:00","description":"Tutti i Spin Ania bonuses e le promozioni in un unico posto. Dalle offerte di benvenuto multilivello e giri gratuiti alle offerte cashback e tornei ad alto rischio.","breadcrumb":{"@id":"https:\/\/spin-ania.net\/it\/bonus\/#breadcrumb"},"inLanguage":"it-IT","potentialAction":[{"@type":"ReadAction","target":["https:\/\/spin-ania.net\/it\/bonus\/"]}]},{"@type":"BreadcrumbList","@id":"https:\/\/spin-ania.net\/it\/bonus\/#breadcrumb","itemListElement":[{"@type":"ListItem","position":1,"name":"Spinania","item":"https:\/\/spin-ania.net\/it\/"},{"@type":"ListItem","position":2,"name":"Bonus"}]},{"@type":"WebSite","@id":"https:\/\/spin-ania.net\/it\/#website","url":"https:\/\/spin-ania.net\/it\/","name":"Spinania","description":"","publisher":{"@id":"https:\/\/spin-ania.net\/it\/#organization"},"potentialAction":[{"@type":"SearchAction","target":{"@type":"EntryPoint","urlTemplate":"https:\/\/spin-ania.net\/it\/?s={search_term_string}"},"query-input":{"@type":"PropertyValueSpecification","valueRequired":true,"valueName":"search_term_string"}}],"inLanguage":"it-IT"},{"@type":"Organization","@id":"https:\/\/spin-ania.net\/it\/#organization","name":"Spinania","url":"https:\/\/spin-ania.net\/it\/","logo":{"@type":"ImageObject","inLanguage":"it-IT","@id":"https:\/\/spin-ania.net\/it\/#\/schema\/logo\/image\/","url":"https:\/\/spin-ania.net\/wp-content\/uploads\/2025\/12\/Casino-logo-Desktop.png","contentUrl":"https:\/\/spin-ania.net\/wp-content\/uploads\/2025\/12\/Casino-logo-Desktop.png","width":88,"height":26,"caption":"Spinania"},"image":{"@id":"https:\/\/spin-ania.net\/it\/#\/schema\/logo\/image\/"}}]}},"_links":{"self":[{"href":"https:\/\/spin-ania.net\/it\/wp-json\/wp\/v2\/pages\/1452","targetHints":{"allow":["GET"]}}],"collection":[{"href":"https:\/\/spin-ania.net\/it\/wp-json\/wp\/v2\/pages"}],"about":[{"href":"https:\/\/spin-ania.net\/it\/wp-json\/wp\/v2\/types\/page"}],"author":[{"embeddable":true,"href":"https:\/\/spin-ania.net\/it\/wp-json\/wp\/v2\/users\/1"}],"replies":[{"embeddable":true,"href":"https:\/\/spin-ania.net\/it\/wp-json\/wp\/v2\/comments?post=1452"}],"version-history":[{"count":2,"href":"https:\/\/spin-ania.net\/it\/wp-json\/wp\/v2\/pages\/1452\/revisions"}],"predecessor-version":[{"id":1748,"href":"https:\/\/spin-ania.net\/it\/wp-json\/wp\/v2\/pages\/1452\/revisions\/1748"}],"wp:attachment":[{"href":"https:\/\/spin-ania.net\/it\/wp-json\/wp\/v2\/media?parent=1452"}],"curies":[{"name":"wp","href":"https:\/\/api.w.org\/{rel}","templated":true}]}}