{"id":1484,"date":"2025-12-01T14:11:57","date_gmt":"2025-12-01T14:11:57","guid":{"rendered":"https:\/\/spin-ania.net\/login-and-registration\/"},"modified":"2025-12-24T14:26:39","modified_gmt":"2025-12-24T14:26:39","slug":"connexion-et-inscription","status":"publish","type":"page","link":"https:\/\/spin-ania.net\/fr\/connexion-et-inscription\/","title":{"rendered":"Connexion et inscription"},"content":{"rendered":"<h1>Connexion et Gestion de Compte Spinania<\/h1>\n<p>Avec Spinania login, vous acc\u00e9dez imm\u00e9diatement \u00e0 votre compte et utilisez une plateforme de casino s\u00e9curis\u00e9e, facile \u00e0 utiliser et con\u00e7ue sp\u00e9cialement pour vous. Que vous soyez un nouveau joueur ou un membre de retour, g\u00e9rer votre compte Spinania est simple et s\u00e9curis\u00e9.<\/p>\n<p><div class=\"banner-wrap\" aria-label=\"Banner\"><img src=\"https:\/\/spin-ania.net\/wp-content\/uploads\/2025\/12\/Spinania-Banner-Desktop.webp\" class=\"w-100 d-none d-lg-block img-pc main-banner-img\" alt=\"Spinania Banner Desktop\" fetchpriority=\"high\" decoding=\"async\"><img src=\"https:\/\/spin-ania.net\/wp-content\/uploads\/2025\/12\/Spinania-mobile-banner.webp\" class=\"w-100 d-none d-md-block d-lg-none main-banner-img\" alt=\"Spinania mobile banner\" fetchpriority=\"high\" decoding=\"async\"><img src=\"https:\/\/spin-ania.net\/wp-content\/uploads\/2025\/12\/Spinania-mobile-banner.webp\" class=\"w-100 d-md-none\" alt=\"Spinania mobile banner\" fetchpriority=\"high\" decoding=\"async\"><div class=\"banner-description\">\n<div class=\"banner-title\">Bonus de bienvenue<\/div>\n<p class=\"banner-header-title\">1000 \u20ac<\/p>\n<div class=\"banner-header-AdditionalText\">+ 100 Tours gratuits<\/div>\n<button data-item=\"homepage_banner_link\" class=\"goto m-button m-gradient-border m-button--primary m-button--large banner-button btn-orange\">\n            <div class=\"m-button-content\">\n                <span>Inscrivez-vous d\u00e8s maintenant<\/span>\n                <span><\/span>\n            <\/div>\n        <\/button>\n<\/div>\n<div class=\"WelcomePack\">\n<p><img loading=\"lazy\" decoding=\"async\" class=\"alignnone size-full wp-image-1343\" src=\"https:\/\/spin-ania.net\/wp-content\/uploads\/2025\/12\/welcome-crown.svg\" alt=\"crown\" width=\"25\" height=\"26\" \/><\/p>\n<div class=\"WelcomePack-Info\">Cashback hebdomadaire jusqu&rsquo;\u00e0 25 %<\/div>\n<p><img loading=\"lazy\" decoding=\"async\" class=\"alignnone size-full wp-image-1343\" src=\"https:\/\/spin-ania.net\/wp-content\/uploads\/2025\/12\/welcome-crown.svg\" alt=\"crown\" width=\"25\" height=\"26\" \/><\/p>\n<\/div>\n<\/div><div class=\"scrollable-content-wrap my-5\"><div class=\"scrollable-content-inner\"><h2>Se Connecter \u00e0 Votre Compte Spinania<\/h2>\n<p>Se connecter \u00e0 votre compte Spinania ne prend que quelques secondes.<\/p>\n<ol>\n<li>Allez sur le site web de Spinania et cliquez sur le bouton \u00ab\u00a0Connexion\u00a0\u00bb dans le coin sup\u00e9rieur droit.<\/li>\n<li>Saisissez votre adresse e-mail enregistr\u00e9e et votre mot de passe, puis cliquez sur \u00ab\u00a0Se Connecter\u00a0\u00bb pour acc\u00e9der \u00e0 votre tableau de bord de compte.<\/li>\n<\/ol>\n<p>Apr\u00e8s vous \u00eatre connect\u00e9, vous pouvez parcourir votre biblioth\u00e8que de jeux compl\u00e8te, g\u00e9rer vos finances, suivre votre historique de jeu et modifier vos param\u00e8tres personnels. Vous pouvez g\u00e9rer enti\u00e8rement vos d\u00e9p\u00f4ts, retraits, bonus et param\u00e8tres de compte depuis le tableau de bord. Vous pouvez \u00e9galement consulter votre historique des transactions, v\u00e9rifier les promotions actives et modifier vos limites de jeu responsable.<\/p>\n<p>Le chiffrement SSL 256 bits et le protocole HTTPS prot\u00e8gent vos informations de connexion, garantissant que chaque session est s\u00e9curis\u00e9e. Activez l&rsquo;authentification \u00e0 deux facteurs (2FA) dans vos param\u00e8tres de s\u00e9curit\u00e9 pour ajouter une couche de protection suppl\u00e9mentaire. Cette couche suppl\u00e9mentaire n\u00e9cessite un code de v\u00e9rification envoy\u00e9 sur votre t\u00e9l\u00e9phone, ce qui rend quasiment impossible l&rsquo;acc\u00e8s non autoris\u00e9.<\/p>\n<h3>Processus de R\u00e9cup\u00e9ration du Mot de Passe Spin Ania<\/h3>\n<p>Mot de passe oubli\u00e9 ? Aucun probl\u00e8me.<\/p>\n<ol>\n<li>Cliquez sur le lien \u00ab\u00a0Mot de passe oubli\u00e9 ?\u00a0\u00bb sur la page de connexion et saisissez l&rsquo;adresse e-mail que vous avez utilis\u00e9e pour vous inscrire.<\/li>\n<li>Vous recevrez un lien de r\u00e9initialisation dans les minutes qui suivent.<\/li>\n<li>Suivez les instructions dans l&rsquo;e-mail pour cr\u00e9er un nouveau mot de passe et r\u00e9cup\u00e9rer l&rsquo;acc\u00e8s \u00e0 votre profil.<\/li>\n<\/ol>\n<p>Pour obtenir de l&rsquo;aide concernant votre connexion, utilisez le chat en direct ou l&rsquo;e-mail pour contacter l&rsquo;\u00e9quipe d&rsquo;assistance de Spinania avec le num\u00e9ro de t\u00e9l\u00e9phone ou l&rsquo;adresse e-mail que vous avez utilis\u00e9e lors de l&rsquo;inscription.<\/p>\n<h2>Comment Cr\u00e9er un Compte sur Spinania<\/h2>\n<p>Lorsque vous cr\u00e9ez un profil sur le casino Spinania, vous obtenez l&rsquo;acc\u00e8s \u00e0 des bonus exclusifs, des promotions personnalis\u00e9es et une exp\u00e9rience de jeu adapt\u00e9e \u00e0 vos pr\u00e9f\u00e9rences. L&rsquo;inscription ne prend que quelques minutes et vous n&rsquo;avez besoin que de quelques informations de base.<\/p>\n<table>\n<tbody>\n<tr>\n<td>\u00c9tape d&rsquo;Inscription<\/td>\n<td>Informations Requises<\/td>\n<\/tr>\n<tr>\n<td>\u00c9tape 1<\/td>\n<td>Adresse e-mail, mot de passe, acceptation des CGU<\/td>\n<\/tr>\n<tr>\n<td>\u00c9tape 2<\/td>\n<td>Pr\u00e9nom, nom, date de naissance, num\u00e9ro de t\u00e9l\u00e9phone<\/td>\n<\/tr>\n<\/tbody>\n<\/table>\n<p>Pour terminer l&rsquo;inscription, cliquez sur \u00ab\u00a0Enregistrer\u00a0\u00bb. Vous recevrez un e-mail de confirmation de votre compte vous indiquant les prochaines \u00e9tapes pour le v\u00e9rifier et commencer \u00e0 jouer.<\/p>\n<h3>Contr\u00f4lez Votre Profil et Param\u00e8tres Spin Ania<\/h3>\n<p>Vous pouvez personnaliser votre profil pour qu&rsquo;il corresponde \u00e0 votre style de jeu. Vous pouvez modifier votre mot de passe, mettre \u00e0 jour vos informations personnelles et d\u00e9finir vos pr\u00e9f\u00e9rences de communication \u00e0 tout moment. Choisissez les offres que vous souhaitez recevoir et modifiez la fa\u00e7on dont vous recevez les notifications. Vous pouvez \u00e9galement d\u00e9finir des limites de d\u00e9p\u00f4ts, de pertes, de mises et de temps de session directement depuis votre tableau de bord de profil.<\/p>\n<p>Le casino Spinania garde une trace de vos jeux et genres pr\u00e9f\u00e9r\u00e9s, afin qu&rsquo;il soit facile de reprendre l\u00e0 o\u00f9 vous vous \u00e9tiez arr\u00eat\u00e9. Vous pouvez suivre vos statistiques de jeu, voir votre statut de bonus et surveiller vos points de r\u00e9compense, le tout au m\u00eame endroit.<\/p>\n<h2>Pourquoi il est Important de V\u00e9rifier Votre Compte<\/h2>\n<p>V\u00e9rifier votre profil est une \u00e9tape importante qui prot\u00e8ge \u00e0 la fois vous et Spin Ania. Ce processus v\u00e9rifie votre identit\u00e9 et s&rsquo;assure que vous respectez les limites d&rsquo;\u00e2ge et autres r\u00e9glementations. Pour maintenir un environnement de jeu s\u00fbr, Spinania suit des r\u00e8gles strictes de \u00ab\u00a0Know Your Customer\u00a0\u00bb (KYC).<\/p>\n<p>Pour v\u00e9rifier votre identit\u00e9, vous devez t\u00e9l\u00e9charger une pi\u00e8ce d&rsquo;identit\u00e9 officielle et un justificatif de domicile. Ce processus unique emp\u00eache la fraude, prot\u00e8ge contre le vol d&rsquo;identit\u00e9 et garantit que tous les joueurs ont au moins 18 ans.<\/p>\n<h2>FAQ<\/h2>\n<h3>Puis-je mettre \u00e0 jour mes informations personnelles ou de contact apr\u00e8s l&rsquo;inscription ?<\/h3>\n<p>Oui. Vous pouvez mettre \u00e0 jour votre nom, votre num\u00e9ro de t\u00e9l\u00e9phone, votre adresse et vos pr\u00e9f\u00e9rences de communication dans votre tableau de bord de compte. Allez dans \u00ab\u00a0Param\u00e8tres du Profil\u00a0\u00bb pour effectuer des modifications \u00e0 tout moment. Pour des raisons de s\u00e9curit\u00e9, certaines mises \u00e0 jour peuvent n\u00e9cessiter un processus de v\u00e9rification suppl\u00e9mentaire avec l&rsquo;\u00e9quipe de support multilingue.<\/p>\n<h3>Comment puis-je renforcer la s\u00e9curit\u00e9 de mon compte Spinania ?<\/h3>\n<p>Vous pouvez activer l&rsquo;Authentification \u00e0 Deux Facteurs (2FA) dans les param\u00e8tres de s\u00e9curit\u00e9 de votre compte. Cette fonctionnalit\u00e9 ajoute une \u00e9tape de v\u00e9rification suppl\u00e9mentaire \u00e0 chaque connexion, g\u00e9n\u00e9ralement un code envoy\u00e9 sur votre t\u00e9l\u00e9phone. Cela permet de s\u00e9curiser au maximum votre compte.<\/p>\n<h3>Comment prot\u00e9gez-vous mes donn\u00e9es personnelles ?<\/h3>\n<p>Tous les transferts de donn\u00e9es sont s\u00e9curis\u00e9s avec Spinania gr\u00e2ce au chiffrement SSL 256 bits et au protocole HTTPS. La plateforme suit les r\u00e8gles du RGPD, utilise un chiffrement avanc\u00e9 des donn\u00e9es et a mis en place des contr\u00f4les d&rsquo;acc\u00e8s stricts. Vos informations personnelles sont conserv\u00e9es sur des serveurs s\u00e9curis\u00e9s et ne sont jamais partag\u00e9es sans votre permission.<\/p>\n<\/div><\/div><\/p>\n","protected":false},"excerpt":{"rendered":"<p>Connexion et Gestion de Compte Spinania Avec Spinania login, vous acc\u00e9dez imm\u00e9diatement \u00e0 votre compte et utilisez une plateforme de casino s\u00e9curis\u00e9e, facile \u00e0 utiliser et con\u00e7ue sp\u00e9cialement pour vous. Que vous soyez un nouveau joueur ou un membre de retour, g\u00e9rer votre compte Spinania est simple et s\u00e9curis\u00e9.<\/p>\n","protected":false},"author":1,"featured_media":0,"parent":0,"menu_order":0,"comment_status":"closed","ping_status":"closed","template":"template-builder.php","meta":{"_acf_changed":false,"inline_featured_image":false,"footnotes":""},"class_list":["post-1484","page","type-page","status-publish","hentry"],"acf":[],"yoast_head":"<!-- This site is optimized with the Yoast SEO plugin v27.3 - https:\/\/yoast.com\/product\/yoast-seo-wordpress\/ -->\n<title>Spinania Login | Inscription et gestion de compte<\/title>\n<meta name=\"description\" content=\"Cr\u00e9ez votre Spin Ania login pour acc\u00e9der instantan\u00e9ment \u00e0 des milliers de jeux. Inscrivez-vous ou connectez-vous pour g\u00e9rer votre profil, v\u00e9rifier votre compte, effectuer des d\u00e9p\u00f4ts et jouer quand vous le souhaitez.\" \/>\n<meta name=\"robots\" content=\"index, follow, max-snippet:-1, max-image-preview:large, max-video-preview:-1\" \/>\n<link rel=\"canonical\" href=\"https:\/\/spin-ania.net\/fr\/connexion-et-inscription\/\" \/>\n<meta property=\"og:locale\" content=\"fr_FR\" \/>\n<meta property=\"og:type\" content=\"article\" \/>\n<meta property=\"og:title\" content=\"Spinania Login | Inscription et gestion de compte\" \/>\n<meta property=\"og:description\" content=\"Cr\u00e9ez votre Spin Ania login pour acc\u00e9der instantan\u00e9ment \u00e0 des milliers de jeux. Inscrivez-vous ou connectez-vous pour g\u00e9rer votre profil, v\u00e9rifier votre compte, effectuer des d\u00e9p\u00f4ts et jouer quand vous le souhaitez.\" \/>\n<meta property=\"og:url\" content=\"https:\/\/spin-ania.net\/fr\/connexion-et-inscription\/\" \/>\n<meta property=\"og:site_name\" content=\"spinania\" \/>\n<meta property=\"article:modified_time\" content=\"2025-12-24T14:26:39+00:00\" \/>\n<meta name=\"twitter:card\" content=\"summary_large_image\" \/>\n<meta name=\"twitter:label1\" content=\"Dur\u00e9e de lecture estim\u00e9e\" \/>\n\t<meta name=\"twitter:data1\" content=\"1 minute\" \/>\n<script type=\"application\/ld+json\" class=\"yoast-schema-graph\">{\"@context\":\"https:\\\/\\\/schema.org\",\"@graph\":[{\"@type\":\"WebPage\",\"@id\":\"https:\\\/\\\/spin-ania.net\\\/fr\\\/connexion-et-inscription\\\/\",\"url\":\"https:\\\/\\\/spin-ania.net\\\/fr\\\/connexion-et-inscription\\\/\",\"name\":\"Spinania Login | Inscription et gestion de compte\",\"isPartOf\":{\"@id\":\"https:\\\/\\\/spin-ania.net\\\/fr\\\/#website\"},\"datePublished\":\"2025-12-01T14:11:57+00:00\",\"dateModified\":\"2025-12-24T14:26:39+00:00\",\"description\":\"Cr\u00e9ez votre Spin Ania login pour acc\u00e9der instantan\u00e9ment \u00e0 des milliers de jeux. Inscrivez-vous ou connectez-vous pour g\u00e9rer votre profil, v\u00e9rifier votre compte, effectuer des d\u00e9p\u00f4ts et jouer quand vous le souhaitez.\",\"breadcrumb\":{\"@id\":\"https:\\\/\\\/spin-ania.net\\\/fr\\\/connexion-et-inscription\\\/#breadcrumb\"},\"inLanguage\":\"fr-FR\",\"potentialAction\":[{\"@type\":\"ReadAction\",\"target\":[\"https:\\\/\\\/spin-ania.net\\\/fr\\\/connexion-et-inscription\\\/\"]}]},{\"@type\":\"BreadcrumbList\",\"@id\":\"https:\\\/\\\/spin-ania.net\\\/fr\\\/connexion-et-inscription\\\/#breadcrumb\",\"itemListElement\":[{\"@type\":\"ListItem\",\"position\":1,\"name\":\"Spinania\",\"item\":\"https:\\\/\\\/spin-ania.net\\\/fr\\\/\"},{\"@type\":\"ListItem\",\"position\":2,\"name\":\"Connexion et inscription\"}]},{\"@type\":\"WebSite\",\"@id\":\"https:\\\/\\\/spin-ania.net\\\/fr\\\/#website\",\"url\":\"https:\\\/\\\/spin-ania.net\\\/fr\\\/\",\"name\":\"Spinania\",\"description\":\"\",\"publisher\":{\"@id\":\"https:\\\/\\\/spin-ania.net\\\/fr\\\/#organization\"},\"potentialAction\":[{\"@type\":\"SearchAction\",\"target\":{\"@type\":\"EntryPoint\",\"urlTemplate\":\"https:\\\/\\\/spin-ania.net\\\/fr\\\/?s={search_term_string}\"},\"query-input\":{\"@type\":\"PropertyValueSpecification\",\"valueRequired\":true,\"valueName\":\"search_term_string\"}}],\"inLanguage\":\"fr-FR\"},{\"@type\":\"Organization\",\"@id\":\"https:\\\/\\\/spin-ania.net\\\/fr\\\/#organization\",\"name\":\"Spinania\",\"url\":\"https:\\\/\\\/spin-ania.net\\\/fr\\\/\",\"logo\":{\"@type\":\"ImageObject\",\"inLanguage\":\"fr-FR\",\"@id\":\"https:\\\/\\\/spin-ania.net\\\/fr\\\/#\\\/schema\\\/logo\\\/image\\\/\",\"url\":\"https:\\\/\\\/spin-ania.net\\\/wp-content\\\/uploads\\\/2025\\\/12\\\/Casino-logo-Desktop.png\",\"contentUrl\":\"https:\\\/\\\/spin-ania.net\\\/wp-content\\\/uploads\\\/2025\\\/12\\\/Casino-logo-Desktop.png\",\"width\":88,\"height\":26,\"caption\":\"Spinania\"},\"image\":{\"@id\":\"https:\\\/\\\/spin-ania.net\\\/fr\\\/#\\\/schema\\\/logo\\\/image\\\/\"}}]}<\/script>\n<!-- \/ Yoast SEO plugin. -->","yoast_head_json":{"title":"Spinania Login | Inscription et gestion de compte","description":"Cr\u00e9ez votre Spin Ania login pour acc\u00e9der instantan\u00e9ment \u00e0 des milliers de jeux. Inscrivez-vous ou connectez-vous pour g\u00e9rer votre profil, v\u00e9rifier votre compte, effectuer des d\u00e9p\u00f4ts et jouer quand vous le souhaitez.","robots":{"index":"index","follow":"follow","max-snippet":"max-snippet:-1","max-image-preview":"max-image-preview:large","max-video-preview":"max-video-preview:-1"},"canonical":"https:\/\/spin-ania.net\/fr\/connexion-et-inscription\/","og_locale":"fr_FR","og_type":"article","og_title":"Spinania Login | Inscription et gestion de compte","og_description":"Cr\u00e9ez votre Spin Ania login pour acc\u00e9der instantan\u00e9ment \u00e0 des milliers de jeux. Inscrivez-vous ou connectez-vous pour g\u00e9rer votre profil, v\u00e9rifier votre compte, effectuer des d\u00e9p\u00f4ts et jouer quand vous le souhaitez.","og_url":"https:\/\/spin-ania.net\/fr\/connexion-et-inscription\/","og_site_name":"spinania","article_modified_time":"2025-12-24T14:26:39+00:00","twitter_card":"summary_large_image","twitter_misc":{"Dur\u00e9e de lecture estim\u00e9e":"1 minute"},"schema":{"@context":"https:\/\/schema.org","@graph":[{"@type":"WebPage","@id":"https:\/\/spin-ania.net\/fr\/connexion-et-inscription\/","url":"https:\/\/spin-ania.net\/fr\/connexion-et-inscription\/","name":"Spinania Login | Inscription et gestion de compte","isPartOf":{"@id":"https:\/\/spin-ania.net\/fr\/#website"},"datePublished":"2025-12-01T14:11:57+00:00","dateModified":"2025-12-24T14:26:39+00:00","description":"Cr\u00e9ez votre Spin Ania login pour acc\u00e9der instantan\u00e9ment \u00e0 des milliers de jeux. Inscrivez-vous ou connectez-vous pour g\u00e9rer votre profil, v\u00e9rifier votre compte, effectuer des d\u00e9p\u00f4ts et jouer quand vous le souhaitez.","breadcrumb":{"@id":"https:\/\/spin-ania.net\/fr\/connexion-et-inscription\/#breadcrumb"},"inLanguage":"fr-FR","potentialAction":[{"@type":"ReadAction","target":["https:\/\/spin-ania.net\/fr\/connexion-et-inscription\/"]}]},{"@type":"BreadcrumbList","@id":"https:\/\/spin-ania.net\/fr\/connexion-et-inscription\/#breadcrumb","itemListElement":[{"@type":"ListItem","position":1,"name":"Spinania","item":"https:\/\/spin-ania.net\/fr\/"},{"@type":"ListItem","position":2,"name":"Connexion et inscription"}]},{"@type":"WebSite","@id":"https:\/\/spin-ania.net\/fr\/#website","url":"https:\/\/spin-ania.net\/fr\/","name":"Spinania","description":"","publisher":{"@id":"https:\/\/spin-ania.net\/fr\/#organization"},"potentialAction":[{"@type":"SearchAction","target":{"@type":"EntryPoint","urlTemplate":"https:\/\/spin-ania.net\/fr\/?s={search_term_string}"},"query-input":{"@type":"PropertyValueSpecification","valueRequired":true,"valueName":"search_term_string"}}],"inLanguage":"fr-FR"},{"@type":"Organization","@id":"https:\/\/spin-ania.net\/fr\/#organization","name":"Spinania","url":"https:\/\/spin-ania.net\/fr\/","logo":{"@type":"ImageObject","inLanguage":"fr-FR","@id":"https:\/\/spin-ania.net\/fr\/#\/schema\/logo\/image\/","url":"https:\/\/spin-ania.net\/wp-content\/uploads\/2025\/12\/Casino-logo-Desktop.png","contentUrl":"https:\/\/spin-ania.net\/wp-content\/uploads\/2025\/12\/Casino-logo-Desktop.png","width":88,"height":26,"caption":"Spinania"},"image":{"@id":"https:\/\/spin-ania.net\/fr\/#\/schema\/logo\/image\/"}}]}},"_links":{"self":[{"href":"https:\/\/spin-ania.net\/fr\/wp-json\/wp\/v2\/pages\/1484","targetHints":{"allow":["GET"]}}],"collection":[{"href":"https:\/\/spin-ania.net\/fr\/wp-json\/wp\/v2\/pages"}],"about":[{"href":"https:\/\/spin-ania.net\/fr\/wp-json\/wp\/v2\/types\/page"}],"author":[{"embeddable":true,"href":"https:\/\/spin-ania.net\/fr\/wp-json\/wp\/v2\/users\/1"}],"replies":[{"embeddable":true,"href":"https:\/\/spin-ania.net\/fr\/wp-json\/wp\/v2\/comments?post=1484"}],"version-history":[{"count":2,"href":"https:\/\/spin-ania.net\/fr\/wp-json\/wp\/v2\/pages\/1484\/revisions"}],"predecessor-version":[{"id":1830,"href":"https:\/\/spin-ania.net\/fr\/wp-json\/wp\/v2\/pages\/1484\/revisions\/1830"}],"wp:attachment":[{"href":"https:\/\/spin-ania.net\/fr\/wp-json\/wp\/v2\/media?parent=1484"}],"curies":[{"name":"wp","href":"https:\/\/api.w.org\/{rel}","templated":true}]}}