{"id":1435,"date":"2025-12-01T14:04:31","date_gmt":"2025-12-01T14:04:31","guid":{"rendered":"https:\/\/spin-ania.net\/app\/"},"modified":"2025-12-24T14:26:06","modified_gmt":"2025-12-24T14:26:06","slug":"app","status":"publish","type":"page","link":"https:\/\/spin-ania.net\/fr\/app\/","title":{"rendered":"App"},"content":{"rendered":"<h1>Application Mobile Spinania Casino<\/h1>\n<p>Avec Spinania app, vous b\u00e9n\u00e9ficiez de l&rsquo;exp\u00e9rience de jeux compl\u00e8te du casino sur votre t\u00e9l\u00e9phone, avec des performances rapides et un acc\u00e8s instantan\u00e9. Les joueurs peuvent jouer \u00e0 leurs machines \u00e0 sous en ligne pr\u00e9f\u00e9r\u00e9es n&rsquo;importe o\u00f9 et b\u00e9n\u00e9ficier du m\u00eame niveau de s\u00e9curit\u00e9 et de la m\u00eame vari\u00e9t\u00e9 de jeux que sur la plateforme desktop. L&rsquo;application mobile dispose de commandes et d&rsquo;une navigation faciles \u00e0 utiliser, con\u00e7ues sp\u00e9cialement pour les utilisateurs de smartphones et de tablettes.<\/p>\n<p><div class=\"banner-wrap\" aria-label=\"Banner\"><img src=\"https:\/\/spin-ania.net\/wp-content\/uploads\/2025\/12\/Spinania-Banner-Desktop.webp\" class=\"w-100 d-none d-lg-block img-pc main-banner-img\" alt=\"Spinania Banner Desktop\" fetchpriority=\"high\" decoding=\"async\"><img src=\"https:\/\/spin-ania.net\/wp-content\/uploads\/2025\/12\/Spinania-mobile-banner.webp\" class=\"w-100 d-none d-md-block d-lg-none main-banner-img\" alt=\"Spinania mobile banner\" fetchpriority=\"high\" decoding=\"async\"><img src=\"https:\/\/spin-ania.net\/wp-content\/uploads\/2025\/12\/Spinania-mobile-banner.webp\" class=\"w-100 d-md-none\" alt=\"Spinania mobile banner\" fetchpriority=\"high\" decoding=\"async\"><div class=\"banner-description\">\n<div class=\"banner-title\">Bonus de bienvenue<\/div>\n<p class=\"banner-header-title\">1000 \u20ac<\/p>\n<div class=\"banner-header-AdditionalText\">+ 100 Tours gratuits<\/div>\n<button data-item=\"homepage_banner_link\" class=\"goto m-button m-gradient-border m-button--primary m-button--large banner-button btn-orange\">\n            <div class=\"m-button-content\">\n                <span>Inscrivez-vous d\u00e8s maintenant<\/span>\n                <span><\/span>\n            <\/div>\n        <\/button>\n<\/div>\n<div class=\"WelcomePack\">\n<p><img loading=\"lazy\" decoding=\"async\" class=\"alignnone size-full wp-image-1343\" src=\"https:\/\/spin-ania.net\/wp-content\/uploads\/2025\/12\/welcome-crown.svg\" alt=\"crown\" width=\"25\" height=\"26\" \/><\/p>\n<div class=\"WelcomePack-Info\">Cashback hebdomadaire jusqu&rsquo;\u00e0 25 %<\/div>\n<p><img loading=\"lazy\" decoding=\"async\" class=\"alignnone size-full wp-image-1343\" src=\"https:\/\/spin-ania.net\/wp-content\/uploads\/2025\/12\/welcome-crown.svg\" alt=\"crown\" width=\"25\" height=\"26\" \/><\/p>\n<\/div>\n<\/div><div class=\"scrollable-content-wrap my-5\"><div class=\"scrollable-content-inner\"><h2>T\u00e9l\u00e9chargez l&rsquo;Application Spinania pour iPhone ou iPad<\/h2>\n<p>Spinania est disponible pour les utilisateurs iOS via une application web progressive qui fonctionne comme une application native mais n&rsquo;a pas besoin d&rsquo;\u00eatre install\u00e9e depuis l&rsquo;App Store.<\/p>\n<ol>\n<li>Visitez le site web de Spinania dans Safari.<\/li>\n<li>Appuyez sur le carr\u00e9 avec une fl\u00e8che pointant vers le haut en bas de votre \u00e9cran pour partager.<\/li>\n<li>Parcourez les options du menu et s\u00e9lectionnez \u00ab\u00a0Ajouter \u00e0 l&rsquo;\u00c9cran d&rsquo;Accueil\u00a0\u00bb.<\/li>\n<li>Appuyez sur \u00ab\u00a0Ajouter\u00a0\u00bb dans le coin sup\u00e9rieur droit pour modifier le nom de l&rsquo;application avant l&rsquo;installation.<\/li>\n<li>L&rsquo;ic\u00f4ne Spinania appara\u00eetra sur votre \u00e9cran d&rsquo;accueil avec vos autres applications.<\/li>\n<li>Touchez l&rsquo;ic\u00f4ne pour lancer l&rsquo;application et vous connecter.<\/li>\n<\/ol>\n<p>La version iOS fonctionne sur tous les mod\u00e8les d&rsquo;iPhone ex\u00e9cutant iOS 12 ou version ult\u00e9rieure, et elle fonctionne \u00e9galement bien sur les iPad. En mode plein \u00e9cran, les contr\u00f4les du navigateur disparaissent, pour une exp\u00e9rience de jeu plus immersive.<\/p>\n<p><img loading=\"lazy\" decoding=\"async\" src=\"https:\/\/spin-ania.net\/wp-content\/uploads\/2025\/12\/Spinania-iOS-App.webp\" alt=\"Spinania iOS App\" width=\"1248\" height=\"536\" \/><\/p>\n<\/div><\/div><div style=\"clear: both\"><\/div><div class=\"d-flex justify-content-center\"><button data-item=\"decouvrez_link\" data-group=\"website_links\" class=\"goto fw-bold rounded-pill btn btn-orange\" aria-label=\"T\u00e9l\u00e9chargez l&#039;application Spinania\" >T\u00e9l\u00e9chargez l&#039;application Spinania<\/button><\/div><div class=\"scrollable-content-wrap my-5\"><div class=\"scrollable-content-inner\"><h2>Installation de l&rsquo;Application Android Spin Ania<\/h2>\n<p>Les joueurs Android peuvent installer l&rsquo;application de diff\u00e9rentes mani\u00e8res, compatibles avec tous les mod\u00e8les d&rsquo;appareils majeurs. Les performances restent les m\u00eames quelles que soient les sp\u00e9cifications de l&rsquo;appareil.<\/p>\n<h3>Configurer Spinania pour Android<\/h3>\n<ol>\n<li>Ouvrez Chrome sur Android et visitez le site de Spinania.<\/li>\n<li>Appuyez sur l&rsquo;ic\u00f4ne de menu \u00e0 trois points en haut \u00e0 droite de votre navigateur.<\/li>\n<li>Appuyez sur \u00ab\u00a0Ajouter\u00a0\u00bb lorsque vous y \u00eates invit\u00e9 apr\u00e8s avoir s\u00e9lectionn\u00e9 \u00ab\u00a0Ajouter \u00e0 l&rsquo;\u00e9cran d&rsquo;accueil\u00a0\u00bb dans le menu d\u00e9roulant.<\/li>\n<li>L&rsquo;installation prend quelques secondes et cr\u00e9e une ic\u00f4ne d&rsquo;application casino Spinania sur l&rsquo;\u00e9cran d&rsquo;accueil.<\/li>\n<\/ol>\n<p>Lorsqu&rsquo;ils sont demand\u00e9s, les nouveaux utilisateurs doivent autoriser les notifications pour recevoir des mises \u00e0 jour sur les nouveaux jeux et bonus. L&rsquo;application ne demande que quelques autorisations et fonctionne dans le m\u00eame cadre de s\u00e9curit\u00e9 que le site web principal. Les mises \u00e0 jour se font automatiquement en arri\u00e8re-plan, vous n&rsquo;avez donc pas \u00e0 les t\u00e9l\u00e9charger manuellement.<\/p>\n<p><img loading=\"lazy\" decoding=\"async\" src=\"https:\/\/spin-ania.net\/wp-content\/uploads\/2025\/12\/Spinania-Android-App.webp\" alt=\"Spinania Android App\" width=\"1248\" height=\"536\" \/><\/p>\n<\/div><\/div><div style=\"clear: both\"><\/div><div class=\"d-flex justify-content-center\"><button data-item=\"decouvrez_link\" data-group=\"website_links\" class=\"goto fw-bold rounded-pill btn btn-orange\" aria-label=\"T\u00e9l\u00e9charger Spinania\" >T\u00e9l\u00e9charger Spinania<\/button><\/div><div class=\"scrollable-content-wrap my-5\"><div class=\"scrollable-content-inner\"><h2>Les Meilleurs Atouts de l&rsquo;Utilisation de l&rsquo;Application Spinania sur Votre T\u00e9l\u00e9phone<\/h2>\n<p>Jouer sur votre t\u00e9l\u00e9phone avec Spinania pr\u00e9sente de nombreux avantages qui am\u00e9liorent l&rsquo;exp\u00e9rience globale. L&rsquo;application se charge plus rapidement que les versions navigateur et utilise moins de donn\u00e9es pendant le jeu. Les notifications \u00ab\u00a0push\u00a0\u00bb vous informent des nouveaux bonus et promotions sans que vous ayez \u00e0 visiter le site web.<\/p>\n<p>L&rsquo;interface tactile facilite le contr\u00f4le des machines \u00e0 sous et des jeux de table. L&rsquo;application fonctionne \u00e9galement parfaitement avec les options de paiement mobile comme le paiement direct par op\u00e9rateur et les portefeuilles num\u00e9riques.<\/p>\n<p>L&rsquo;optimisation de la batterie vous permet de jouer plus longtemps sans trop solliciter la batterie de votre appareil. Le casino mobile garde une trace de votre progression dans le jeu et le processus de v\u00e9rification entre les sessions, vous permettant de mettre en pause et de reprendre l\u00e0 o\u00f9 vous vous \u00e9tiez arr\u00eat\u00e9.<\/p>\n<h2>Comment Utiliser une Application Web sur Votre PC<\/h2>\n<p>Les joueurs sur ordinateur de bureau peuvent b\u00e9n\u00e9ficier d&rsquo;un acc\u00e8s rapide similaire sur leurs machines sans avoir \u00e0 t\u00e9l\u00e9charger de logiciel suppl\u00e9mentaire.<\/p>\n<ol>\n<li>Utilisez Chrome ou Edge pour visiter le site de Spinania.<\/li>\n<li>S\u00e9lectionnez \u00ab\u00a0Installer\u00a0\u00bb dans le menu du navigateur ou via l&rsquo;ic\u00f4ne dans la barre d&rsquo;adresse.<\/li>\n<\/ol>\n<p>L&rsquo;application web s&rsquo;installe comme un programme s\u00e9par\u00e9 qui s&rsquo;ouvre dans sa propre fen\u00eatre sans aucune barre d&rsquo;outils. Cette m\u00e9thode utilise moins de ressources syst\u00e8me que de garder plusieurs onglets de navigateur ouverts. L&rsquo;application web de bureau synchronise automatiquement votre historique de jeu et vos pr\u00e9f\u00e9rences avec la version mobile.<\/p>\n<p>Les utilisateurs Windows peuvent \u00e9pingler l&rsquo;application \u00e0 leur barre des t\u00e2ches pour y acc\u00e9der en un clic. Apr\u00e8s l&rsquo;installation de l&rsquo;application web, les utilisateurs Mac la trouveront dans leur dossier Applications.<\/p>\n<p><img loading=\"lazy\" decoding=\"async\" src=\"https:\/\/spin-ania.net\/wp-content\/uploads\/2025\/12\/Spinania-Desktop.webp\" alt=\"Spinania Desktop\" width=\"1248\" height=\"536\" \/><\/p>\n<\/div><\/div><div style=\"clear: both\"><\/div><div class=\"d-flex justify-content-center\"><button data-item=\"decouvrez_link\" data-group=\"website_links\" class=\"goto fw-bold rounded-pill btn btn-orange\" aria-label=\"T\u00e9l\u00e9chargez l&#039;application Spinania\" >T\u00e9l\u00e9chargez l&#039;application Spinania<\/button><\/div><div class=\"scrollable-content-wrap my-5\"><div class=\"scrollable-content-inner\"><h2>Comparaison du Casino sur PC et Mobile<\/h2>\n<p>Les deux plateformes vous permettent de jouer \u00e0 tous les jeux de leur biblioth\u00e8que et ont les m\u00eames taux de redistribution (RTP) et structures de bonus. Les principales diff\u00e9rences r\u00e9sident dans la conception de l&rsquo;interface et la gestion des entr\u00e9es, et non dans les fonctionnalit\u00e9s disponibles. Les \u00e9crans de bureau peuvent afficher plus d&rsquo;informations \u00e0 la fois, tandis que les versions mobiles se concentrent sur les commandes les plus importantes.<\/p>\n<table>\n<tbody>\n<tr>\n<td>Aspect<\/td>\n<td>Version PC<\/td>\n<td>Version Mobile<\/td>\n<\/tr>\n<tr>\n<td>Espace \u00c9cran<\/td>\n<td>Cat\u00e9gories multiples visibles<\/td>\n<td>Vue concentr\u00e9e sur un seul jeu<\/td>\n<\/tr>\n<tr>\n<td>Multi-comptes<\/td>\n<td>Jouer \u00e0 plusieurs jeux facilement<\/td>\n<td>Limit\u00e9 par la taille de l&rsquo;\u00e9cran<\/td>\n<\/tr>\n<tr>\n<td>Moyens de Paiement<\/td>\n<td>Toutes options disponibles<\/td>\n<td>Toutes options disponibles<\/td>\n<\/tr>\n<tr>\n<td>Graphismes<\/td>\n<td>R\u00e9solution plus \u00e9lev\u00e9e possible<\/td>\n<td>Optimis\u00e9s pour petits \u00e9crans<\/td>\n<\/tr>\n<tr>\n<td>Dur\u00e9e de Session<\/td>\n<td>Id\u00e9al pour des sessions prolong\u00e9es<\/td>\n<td>Parfait pour des sessions rapides<\/td>\n<\/tr>\n<\/tbody>\n<\/table>\n<p>Sur les \u00e9crans de bureau, les affichages de gros jackpots et les statistiques de jeu ressortent davantage. Les versions mobiles int\u00e8grent ces informations dans des menus d\u00e9pliants pour optimiser l&rsquo;espace de jeu. Les jeux de croupier en direct fonctionnent aussi bien sur les deux plateformes, et vous pouvez modifier les param\u00e8tres de qualit\u00e9 vid\u00e9o.<\/p>\n<p>L&rsquo;exp\u00e9rience mobile est id\u00e9ale lorsque vous ne pouvez pas utiliser un ordinateur de bureau, comme lors de vos trajets domicile-travail ou en vacances. Le jeu sur ordinateur est pr\u00e9f\u00e9rable pour ceux qui aiment les grands \u00e9crans et les claviers physiques pour discuter. La plupart des joueurs utilisent les deux versions, en fonction de leur situation et de leur temps disponible.<\/p>\n<h2>Foire Aux Questions<\/h2>\n<h3>Puis-je utiliser le m\u00eame compte sur les versions mobile et desktop ?<\/h3>\n<p>Oui, votre compte Spinania fonctionne parfaitement sur tous les appareils. Vous pouvez vous connecter sur n&rsquo;importe quel appareil avec les m\u00eames identifiants, et votre solde, votre progression dans le jeu et votre statut de bonus resteront synchronis\u00e9s. Vous pouvez alterner entre les appareils pendant que vous jouez sans interruption.<\/p>\n<h3>L&rsquo;application mobile n\u00e9cessite-t-elle une connexion internet constante ?<\/h3>\n<p>Pour obtenir des r\u00e9sultats \u00e9quitables et des mises \u00e0 jour en temps r\u00e9el, une connexion internet stable est n\u00e9cessaire lorsque vous jouez. Vous pouvez toujours consulter votre historique de compte, lire les r\u00e8gles du jeu et v\u00e9rifier les conditions d&rsquo;une promotion m\u00eame sans connexion internet. Lorsque le service internet revient, l&rsquo;application se reconnectera automatiquement. Si le probl\u00e8me de connexion persiste, veuillez contacter notre \u00e9quipe d&rsquo;assistance via le chat en direct ou par e-mail.<\/p>\n<h3>Les bonus mobiles sont-ils diff\u00e9rents des promotions sur desktop ?<\/h3>\n<p>Pour garantir \u00e0 tous un traitement \u00e9quitable, Spinania maintient les m\u00eames offres de bonus sur toutes les plateformes. Les utilisateurs mobiles peuvent b\u00e9n\u00e9ficier des m\u00eames packs de bienvenue, bonus de rechargement et offres de tours gratuits que les utilisateurs sur ordinateur. Quel que soit la plateforme choisie, les conditions et limites de mise restent identiques.<\/p>\n<\/div><\/div><\/p>\n","protected":false},"excerpt":{"rendered":"<p>Application Mobile Spinania Casino Avec Spinania app, vous b\u00e9n\u00e9ficiez de l&rsquo;exp\u00e9rience de jeux compl\u00e8te du casino sur votre t\u00e9l\u00e9phone, avec des performances rapides et un acc\u00e8s instantan\u00e9. Les joueurs peuvent jouer \u00e0 leurs machines \u00e0 sous en ligne pr\u00e9f\u00e9r\u00e9es n&rsquo;importe o\u00f9 et b\u00e9n\u00e9ficier du m\u00eame niveau de s\u00e9curit\u00e9 et de la m\u00eame vari\u00e9t\u00e9 de jeux [&hellip;]<\/p>\n","protected":false},"author":1,"featured_media":0,"parent":0,"menu_order":0,"comment_status":"closed","ping_status":"closed","template":"template-builder.php","meta":{"_acf_changed":false,"inline_featured_image":false,"footnotes":""},"class_list":["post-1435","page","type-page","status-publish","hentry"],"acf":[],"yoast_head":"<!-- This site is optimized with the Yoast SEO plugin v27.3 - https:\/\/yoast.com\/product\/yoast-seo-wordpress\/ -->\n<title>Spinania App | Casino mobile pour Android et iOS<\/title>\n<meta name=\"description\" content=\"Votre casino, toujours avec vous. Spin Ania App vous donne acc\u00e8s \u00e0 tous vos jeux pr\u00e9f\u00e9r\u00e9s sur n&#039;importe quel appareil mobile. Jouez en toute s\u00e9curit\u00e9 gr\u00e2ce \u00e0 la synchronisation compl\u00e8te de votre compte.\" \/>\n<meta name=\"robots\" content=\"index, follow, max-snippet:-1, max-image-preview:large, max-video-preview:-1\" \/>\n<link rel=\"canonical\" href=\"https:\/\/spin-ania.net\/fr\/app\/\" \/>\n<meta property=\"og:locale\" content=\"fr_FR\" \/>\n<meta property=\"og:type\" content=\"article\" \/>\n<meta property=\"og:title\" content=\"Spinania App | Casino mobile pour Android et iOS\" \/>\n<meta property=\"og:description\" content=\"Votre casino, toujours avec vous. Spin Ania App vous donne acc\u00e8s \u00e0 tous vos jeux pr\u00e9f\u00e9r\u00e9s sur n&#039;importe quel appareil mobile. Jouez en toute s\u00e9curit\u00e9 gr\u00e2ce \u00e0 la synchronisation compl\u00e8te de votre compte.\" \/>\n<meta property=\"og:url\" content=\"https:\/\/spin-ania.net\/fr\/app\/\" \/>\n<meta property=\"og:site_name\" content=\"spinania\" \/>\n<meta property=\"article:modified_time\" content=\"2025-12-24T14:26:06+00:00\" \/>\n<meta name=\"twitter:card\" content=\"summary_large_image\" \/>\n<meta name=\"twitter:label1\" content=\"Dur\u00e9e de lecture estim\u00e9e\" \/>\n\t<meta name=\"twitter:data1\" content=\"1 minute\" \/>\n<script type=\"application\/ld+json\" class=\"yoast-schema-graph\">{\"@context\":\"https:\\\/\\\/schema.org\",\"@graph\":[{\"@type\":\"WebPage\",\"@id\":\"https:\\\/\\\/spin-ania.net\\\/fr\\\/app\\\/\",\"url\":\"https:\\\/\\\/spin-ania.net\\\/fr\\\/app\\\/\",\"name\":\"Spinania App | Casino mobile pour Android et iOS\",\"isPartOf\":{\"@id\":\"https:\\\/\\\/spin-ania.net\\\/fr\\\/#website\"},\"datePublished\":\"2025-12-01T14:04:31+00:00\",\"dateModified\":\"2025-12-24T14:26:06+00:00\",\"description\":\"Votre casino, toujours avec vous. Spin Ania App vous donne acc\u00e8s \u00e0 tous vos jeux pr\u00e9f\u00e9r\u00e9s sur n'importe quel appareil mobile. Jouez en toute s\u00e9curit\u00e9 gr\u00e2ce \u00e0 la synchronisation compl\u00e8te de votre compte.\",\"breadcrumb\":{\"@id\":\"https:\\\/\\\/spin-ania.net\\\/fr\\\/app\\\/#breadcrumb\"},\"inLanguage\":\"fr-FR\",\"potentialAction\":[{\"@type\":\"ReadAction\",\"target\":[\"https:\\\/\\\/spin-ania.net\\\/fr\\\/app\\\/\"]}]},{\"@type\":\"BreadcrumbList\",\"@id\":\"https:\\\/\\\/spin-ania.net\\\/fr\\\/app\\\/#breadcrumb\",\"itemListElement\":[{\"@type\":\"ListItem\",\"position\":1,\"name\":\"Spinania\",\"item\":\"https:\\\/\\\/spin-ania.net\\\/fr\\\/\"},{\"@type\":\"ListItem\",\"position\":2,\"name\":\"App\"}]},{\"@type\":\"WebSite\",\"@id\":\"https:\\\/\\\/spin-ania.net\\\/fr\\\/#website\",\"url\":\"https:\\\/\\\/spin-ania.net\\\/fr\\\/\",\"name\":\"Spinania\",\"description\":\"\",\"publisher\":{\"@id\":\"https:\\\/\\\/spin-ania.net\\\/fr\\\/#organization\"},\"potentialAction\":[{\"@type\":\"SearchAction\",\"target\":{\"@type\":\"EntryPoint\",\"urlTemplate\":\"https:\\\/\\\/spin-ania.net\\\/fr\\\/?s={search_term_string}\"},\"query-input\":{\"@type\":\"PropertyValueSpecification\",\"valueRequired\":true,\"valueName\":\"search_term_string\"}}],\"inLanguage\":\"fr-FR\"},{\"@type\":\"Organization\",\"@id\":\"https:\\\/\\\/spin-ania.net\\\/fr\\\/#organization\",\"name\":\"Spinania\",\"url\":\"https:\\\/\\\/spin-ania.net\\\/fr\\\/\",\"logo\":{\"@type\":\"ImageObject\",\"inLanguage\":\"fr-FR\",\"@id\":\"https:\\\/\\\/spin-ania.net\\\/fr\\\/#\\\/schema\\\/logo\\\/image\\\/\",\"url\":\"https:\\\/\\\/spin-ania.net\\\/wp-content\\\/uploads\\\/2025\\\/12\\\/Casino-logo-Desktop.png\",\"contentUrl\":\"https:\\\/\\\/spin-ania.net\\\/wp-content\\\/uploads\\\/2025\\\/12\\\/Casino-logo-Desktop.png\",\"width\":88,\"height\":26,\"caption\":\"Spinania\"},\"image\":{\"@id\":\"https:\\\/\\\/spin-ania.net\\\/fr\\\/#\\\/schema\\\/logo\\\/image\\\/\"}}]}<\/script>\n<!-- \/ Yoast SEO plugin. -->","yoast_head_json":{"title":"Spinania App | Casino mobile pour Android et iOS","description":"Votre casino, toujours avec vous. Spin Ania App vous donne acc\u00e8s \u00e0 tous vos jeux pr\u00e9f\u00e9r\u00e9s sur n'importe quel appareil mobile. Jouez en toute s\u00e9curit\u00e9 gr\u00e2ce \u00e0 la synchronisation compl\u00e8te de votre compte.","robots":{"index":"index","follow":"follow","max-snippet":"max-snippet:-1","max-image-preview":"max-image-preview:large","max-video-preview":"max-video-preview:-1"},"canonical":"https:\/\/spin-ania.net\/fr\/app\/","og_locale":"fr_FR","og_type":"article","og_title":"Spinania App | Casino mobile pour Android et iOS","og_description":"Votre casino, toujours avec vous. Spin Ania App vous donne acc\u00e8s \u00e0 tous vos jeux pr\u00e9f\u00e9r\u00e9s sur n'importe quel appareil mobile. Jouez en toute s\u00e9curit\u00e9 gr\u00e2ce \u00e0 la synchronisation compl\u00e8te de votre compte.","og_url":"https:\/\/spin-ania.net\/fr\/app\/","og_site_name":"spinania","article_modified_time":"2025-12-24T14:26:06+00:00","twitter_card":"summary_large_image","twitter_misc":{"Dur\u00e9e de lecture estim\u00e9e":"1 minute"},"schema":{"@context":"https:\/\/schema.org","@graph":[{"@type":"WebPage","@id":"https:\/\/spin-ania.net\/fr\/app\/","url":"https:\/\/spin-ania.net\/fr\/app\/","name":"Spinania App | Casino mobile pour Android et iOS","isPartOf":{"@id":"https:\/\/spin-ania.net\/fr\/#website"},"datePublished":"2025-12-01T14:04:31+00:00","dateModified":"2025-12-24T14:26:06+00:00","description":"Votre casino, toujours avec vous. Spin Ania App vous donne acc\u00e8s \u00e0 tous vos jeux pr\u00e9f\u00e9r\u00e9s sur n'importe quel appareil mobile. Jouez en toute s\u00e9curit\u00e9 gr\u00e2ce \u00e0 la synchronisation compl\u00e8te de votre compte.","breadcrumb":{"@id":"https:\/\/spin-ania.net\/fr\/app\/#breadcrumb"},"inLanguage":"fr-FR","potentialAction":[{"@type":"ReadAction","target":["https:\/\/spin-ania.net\/fr\/app\/"]}]},{"@type":"BreadcrumbList","@id":"https:\/\/spin-ania.net\/fr\/app\/#breadcrumb","itemListElement":[{"@type":"ListItem","position":1,"name":"Spinania","item":"https:\/\/spin-ania.net\/fr\/"},{"@type":"ListItem","position":2,"name":"App"}]},{"@type":"WebSite","@id":"https:\/\/spin-ania.net\/fr\/#website","url":"https:\/\/spin-ania.net\/fr\/","name":"Spinania","description":"","publisher":{"@id":"https:\/\/spin-ania.net\/fr\/#organization"},"potentialAction":[{"@type":"SearchAction","target":{"@type":"EntryPoint","urlTemplate":"https:\/\/spin-ania.net\/fr\/?s={search_term_string}"},"query-input":{"@type":"PropertyValueSpecification","valueRequired":true,"valueName":"search_term_string"}}],"inLanguage":"fr-FR"},{"@type":"Organization","@id":"https:\/\/spin-ania.net\/fr\/#organization","name":"Spinania","url":"https:\/\/spin-ania.net\/fr\/","logo":{"@type":"ImageObject","inLanguage":"fr-FR","@id":"https:\/\/spin-ania.net\/fr\/#\/schema\/logo\/image\/","url":"https:\/\/spin-ania.net\/wp-content\/uploads\/2025\/12\/Casino-logo-Desktop.png","contentUrl":"https:\/\/spin-ania.net\/wp-content\/uploads\/2025\/12\/Casino-logo-Desktop.png","width":88,"height":26,"caption":"Spinania"},"image":{"@id":"https:\/\/spin-ania.net\/fr\/#\/schema\/logo\/image\/"}}]}},"_links":{"self":[{"href":"https:\/\/spin-ania.net\/fr\/wp-json\/wp\/v2\/pages\/1435","targetHints":{"allow":["GET"]}}],"collection":[{"href":"https:\/\/spin-ania.net\/fr\/wp-json\/wp\/v2\/pages"}],"about":[{"href":"https:\/\/spin-ania.net\/fr\/wp-json\/wp\/v2\/types\/page"}],"author":[{"embeddable":true,"href":"https:\/\/spin-ania.net\/fr\/wp-json\/wp\/v2\/users\/1"}],"replies":[{"embeddable":true,"href":"https:\/\/spin-ania.net\/fr\/wp-json\/wp\/v2\/comments?post=1435"}],"version-history":[{"count":3,"href":"https:\/\/spin-ania.net\/fr\/wp-json\/wp\/v2\/pages\/1435\/revisions"}],"predecessor-version":[{"id":1829,"href":"https:\/\/spin-ania.net\/fr\/wp-json\/wp\/v2\/pages\/1435\/revisions\/1829"}],"wp:attachment":[{"href":"https:\/\/spin-ania.net\/fr\/wp-json\/wp\/v2\/media?parent=1435"}],"curies":[{"name":"wp","href":"https:\/\/api.w.org\/{rel}","templated":true}]}}