{"id":1489,"date":"2025-12-01T14:11:57","date_gmt":"2025-12-01T14:11:57","guid":{"rendered":"https:\/\/spin-ania.net\/login-and-registration\/"},"modified":"2025-12-02T10:23:45","modified_gmt":"2025-12-02T10:23:45","slug":"inicio-de-sesion-y-registro","status":"publish","type":"page","link":"https:\/\/spin-ania.net\/es\/inicio-de-sesion-y-registro\/","title":{"rendered":"Inicio de sesi\u00f3n y Registro"},"content":{"rendered":"<h1>Inicio de Sesi\u00f3n y Gesti\u00f3n de Cuenta en Spinania<\/h1>\n<p>Con el Spinania login, puedes acceder inmediatamente a tu cuenta y utilizar una plataforma de casino segura y f\u00e1cil de usar hecha a tu medida. Ya seas un jugador nuevo o un miembro habitual, gestionar tu cuenta de Spinania es simple y seguro.<\/p>\n<p><div class=\"banner-wrap\" aria-label=\"Banner\"><img src=\"https:\/\/spin-ania.net\/wp-content\/uploads\/2025\/12\/Spinania-Banner-Desktop.webp\" class=\"w-100 d-none d-lg-block img-pc main-banner-img\" alt=\"Spinania Banner Desktop\" fetchpriority=\"high\" decoding=\"async\"><img src=\"https:\/\/spin-ania.net\/wp-content\/uploads\/2025\/12\/Spinania-mobile-banner.webp\" class=\"w-100 d-none d-md-block d-lg-none main-banner-img\" alt=\"Spinania mobile banner\" fetchpriority=\"high\" decoding=\"async\"><img src=\"https:\/\/spin-ania.net\/wp-content\/uploads\/2025\/12\/Spinania-mobile-banner.webp\" class=\"w-100 d-md-none\" alt=\"Spinania mobile banner\" fetchpriority=\"high\" decoding=\"async\"><div class=\"banner-description\">\n<div class=\"banner-title\">Bonos de bienvenida<\/div>\n<p class=\"banner-header-title\">1500 \u20ac<\/p>\n<div class=\"banner-header-AdditionalText\">+ 250 Giros gratis<\/div>\n<button data-item=\"homepage_banner_link\" class=\"goto m-button m-gradient-border m-button--primary m-button--large banner-button btn-orange\">\n            <div class=\"m-button-content\">\n                <span>Reg\u00edstrese ahora<\/span>\n                <span><\/span>\n            <\/div>\n        <\/button>\n<\/div>\n<div class=\"WelcomePack\">\n<p><img loading=\"lazy\" decoding=\"async\" class=\"alignnone size-full wp-image-1341\" src=\"https:\/\/spin-ania.net\/wp-content\/uploads\/2025\/12\/welcome-crown.svg\" alt=\"crown\" width=\"25\" height=\"26\" \/><\/p>\n<div class=\"WelcomePack-Info\">Reembolso semanal de hasta el 25 %<\/div>\n<p><img loading=\"lazy\" decoding=\"async\" class=\"alignnone size-full wp-image-1341\" src=\"https:\/\/spin-ania.net\/wp-content\/uploads\/2025\/12\/welcome-crown.svg\" alt=\"crown\" width=\"25\" height=\"26\" \/><\/p>\n<\/div>\n<\/div><div class=\"scrollable-content-wrap my-5\"><div class=\"scrollable-content-inner\"><h2>Iniciar Sesi\u00f3n en Tu Cuenta de Spinania<\/h2>\n<p>Iniciar sesi\u00f3n en tu cuenta de Spinania solo toma unos segundos.<\/p>\n<ol>\n<li>Ve al sitio web de Spinania y haz clic en el bot\u00f3n &#8220;Iniciar Sesi\u00f3n&#8221; en la esquina superior derecha.<\/li>\n<li>Introduce tu direcci\u00f3n de correo electr\u00f3nico registrada y tu contrase\u00f1a, luego haz clic en &#8220;Iniciar Sesi\u00f3n&#8221; para acceder al panel de control de tu cuenta.<\/li>\n<\/ol>\n<p>Despu\u00e9s de iniciar sesi\u00f3n, puedes explorar toda tu biblioteca de juegos, gestionar tu dinero, realizar un seguimiento de tu historial de juego y cambiar tu configuraci\u00f3n personal. Desde el panel de control de tu cuenta puedes gestionar completamente tus dep\u00f3sitos, retiradas, bonos y ajustes de cuenta. Tambi\u00e9n puedes ver tu historial de transacciones, consultar las promociones activas y modificar tus l\u00edmites de juego responsable.<\/p>\n<p>Tu informaci\u00f3n de inicio de sesi\u00f3n est\u00e1 protegida por cifrado SSL de 256 bits y el protocolo HTTPS, garantizando que cada sesi\u00f3n sea segura. Activa la autenticaci\u00f3n de dos factores (2FA) en tu configuraci\u00f3n de seguridad para a\u00f1adir una capa extra de protecci\u00f3n. Esta capa adicional requiere un c\u00f3digo de verificaci\u00f3n enviado a tu tel\u00e9fono, lo que hace casi imposible que alguien acceda sin autorizaci\u00f3n.<\/p>\n<h3>Proceso de Inicio de Sesi\u00f3n y Recuperaci\u00f3n de Contrase\u00f1a en Spin Ania<\/h3>\n<p>\u00bfHas olvidado tu contrase\u00f1a? No hay problema.<\/p>\n<ol>\n<li>Haz clic en el enlace &#8220;\u00bfHas olvidado tu contrase\u00f1a?&#8221; en la p\u00e1gina de inicio de sesi\u00f3n e introduce la direcci\u00f3n de correo electr\u00f3nico que usaste para registrarte.<\/li>\n<li>Recibir\u00e1s un enlace para restablecerla en cuesti\u00f3n de minutos.<\/li>\n<li>Sigue las instrucciones del correo electr\u00f3nico para crear una nueva contrase\u00f1a y recuperar el acceso a tu perfil.<\/li>\n<\/ol>\n<p>Para obtener ayuda con tu inicio de sesi\u00f3n, utiliza el chat en vivo o el correo electr\u00f3nico para contactar al equipo de soporte de Spinania facilitando el n\u00famero de tel\u00e9fono o la direcci\u00f3n de correo electr\u00f3nico que usaste para registrarte.<\/p>\n<h2>C\u00f3mo Crear una Cuenta en Spinania<\/h2>\n<p>Cuando creas un perfil en el casino Spinania, obtienes acceso a bonos exclusivos, promociones personalizadas y una experiencia de juego adaptada a ti. Registrarse solo toma unos minutos y solo necesitas proporcionar informaci\u00f3n b\u00e1sica.<\/p>\n<table>\n<tbody>\n<tr>\n<td>Paso de Registro<\/td>\n<td>Informaci\u00f3n Requerida<\/td>\n<\/tr>\n<tr>\n<td>Paso 1<\/td>\n<td>Direcci\u00f3n de correo electr\u00f3nico, contrase\u00f1a, aceptaci\u00f3n de los T\u00e9rminos y Condiciones<\/td>\n<\/tr>\n<tr>\n<td>Paso 2<\/td>\n<td>Nombre, apellidos, fecha de nacimiento, n\u00famero de tel\u00e9fono<\/td>\n<\/tr>\n<\/tbody>\n<\/table>\n<p>Para finalizar el registro, haz clic en Guardar. Recibir\u00e1s un correo electr\u00f3nico de confirmaci\u00f3n de tu cuenta con las instrucciones para verificarla y comenzar a jugar.<\/p>\n<h3>Controla Tu Perfil y Configuraci\u00f3n de Spinania<\/h3>\n<p>Puedes personalizar tu perfil para que se adapte a tu estilo de juego. Puedes cambiar tu contrase\u00f1a, actualizar tu informaci\u00f3n personal y configurar tus preferencias de comunicaci\u00f3n en cualquier momento. Elige las ofertas que deseas recibir y modifica c\u00f3mo recibes las notificaciones. Tambi\u00e9n puedes establecer l\u00edmites de dep\u00f3sitos, p\u00e9rdidas, apuestas y tiempo de sesi\u00f3n directamente desde el panel de control de tu perfil.<\/p>\n<p>El casino Spin Ania realiza un seguimiento de tus juegos y g\u00e9neros favoritos, por lo que es f\u00e1cil retomar donde lo dejaste. Puedes realizar un seguimiento de tus estad\u00edsticas de juego, consultar el estado de tus bonos y monitorizar tus puntos de recompensa, todo en un mismo lugar.<\/p>\n<h2>Por Qu\u00e9 es Importante Verificar Tu Cuenta<\/h2>\n<p>Verificar tu perfil es un paso importante que te protege tanto a ti como a Spin Ania. Este proceso verifica tu identidad y asegura que cumples con los l\u00edmites de edad y otras normas. Para mantener un entorno de juego seguro, Spinania sigue estrictas normas de Conozca a Su Cliente (KYC).<\/p>\n<p>Para verificar tu identidad, necesitas subir una identificaci\u00f3n oficial (DNI, pasaporte) y un justificante de domicilio. Este proceso \u00fanico previene el fraude, protege contra el robo de identidad y asegura que todos los jugadores son mayores de 18 a\u00f1os.<\/p>\n<h2>Preguntas Frecuentes<\/h2>\n<h3>\u00bfPuedo actualizar mi informaci\u00f3n personal o de contacto despu\u00e9s del registro?<\/h3>\n<p>S\u00ed. Puedes actualizar tu nombre, n\u00famero de tel\u00e9fono, direcci\u00f3n y preferencias de comunicaci\u00f3n en el panel de control de tu cuenta. Ve a &#8220;Configuraci\u00f3n del Perfil&#8221; para realizar cambios en cualquier momento. Por razones de seguridad, algunas actualizaciones pueden requerir un proceso de verificaci\u00f3n adicional con el equipo de soporte multiling\u00fce.<\/p>\n<h3>\u00bfC\u00f3mo puedo aumentar la seguridad de mi cuenta de Spinania?<\/h3>\n<p>Puedes activar la Autenticaci\u00f3n de Dos Factores (2FA) en la configuraci\u00f3n de seguridad de tu cuenta. Esta funci\u00f3n a\u00f1ade un paso extra de verificaci\u00f3n cada vez que inicias sesi\u00f3n, normalmente un c\u00f3digo enviado a tu tel\u00e9fono. Esto mantiene tu cuenta lo m\u00e1s segura posible.<\/p>\n<h3>\u00bfC\u00f3mo proteg\u00e9is mis datos personales?<\/h3>\n<p>Todas las transferencias de datos son seguras con Spinania gracias al uso de cifrado SSL de 256 bits y el protocolo HTTPS. La plataforma sigue las normas GDPR, utiliza cifrado de datos avanzado y tiene implementados estrictos controles de acceso. Tu informaci\u00f3n personal se almacena en servidores seguros y nunca se comparte sin tu permiso.<\/p>\n<\/div><\/div><\/p>\n","protected":false},"excerpt":{"rendered":"<p>Inicio de Sesi\u00f3n y Gesti\u00f3n de Cuenta en Spinania Con el Spinania login, puedes acceder inmediatamente a tu cuenta y utilizar una plataforma de casino segura y f\u00e1cil de usar hecha a tu medida. Ya seas un jugador nuevo o un miembro habitual, gestionar tu cuenta de Spinania es simple y seguro.<\/p>\n","protected":false},"author":1,"featured_media":0,"parent":0,"menu_order":0,"comment_status":"closed","ping_status":"closed","template":"template-builder.php","meta":{"_acf_changed":false,"inline_featured_image":false,"footnotes":""},"class_list":["post-1489","page","type-page","status-publish","hentry"],"acf":[],"yoast_head":"<!-- This site is optimized with the Yoast SEO plugin v27.3 - https:\/\/yoast.com\/product\/yoast-seo-wordpress\/ -->\n<title>Spinania Login | Registro y gesti\u00f3n de cuenta<\/title>\n<meta name=\"description\" content=\"Crea tu Spin Ania login para acceder al instante a miles de juegos. Reg\u00edstrate o inicia sesi\u00f3n para gestionar tu perfil, verificar tu cuenta, realizar dep\u00f3sitos y jugar cuando quieras.\" \/>\n<meta name=\"robots\" content=\"index, follow, max-snippet:-1, max-image-preview:large, max-video-preview:-1\" \/>\n<link rel=\"canonical\" href=\"https:\/\/spin-ania.net\/es\/inicio-de-sesion-y-registro\/\" \/>\n<meta property=\"og:locale\" content=\"es_ES\" \/>\n<meta property=\"og:type\" content=\"article\" \/>\n<meta property=\"og:title\" content=\"Spinania Login | Registro y gesti\u00f3n de cuenta\" \/>\n<meta property=\"og:description\" content=\"Crea tu Spin Ania login para acceder al instante a miles de juegos. Reg\u00edstrate o inicia sesi\u00f3n para gestionar tu perfil, verificar tu cuenta, realizar dep\u00f3sitos y jugar cuando quieras.\" \/>\n<meta property=\"og:url\" content=\"https:\/\/spin-ania.net\/es\/inicio-de-sesion-y-registro\/\" \/>\n<meta property=\"og:site_name\" content=\"spinania\" \/>\n<meta property=\"article:modified_time\" content=\"2025-12-02T10:23:45+00:00\" \/>\n<meta name=\"twitter:card\" content=\"summary_large_image\" \/>\n<meta name=\"twitter:label1\" content=\"Est. reading time\" \/>\n\t<meta name=\"twitter:data1\" content=\"1 minute\" \/>\n<script type=\"application\/ld+json\" class=\"yoast-schema-graph\">{\"@context\":\"https:\\\/\\\/schema.org\",\"@graph\":[{\"@type\":\"WebPage\",\"@id\":\"https:\\\/\\\/spin-ania.net\\\/es\\\/inicio-de-sesion-y-registro\\\/\",\"url\":\"https:\\\/\\\/spin-ania.net\\\/es\\\/inicio-de-sesion-y-registro\\\/\",\"name\":\"Spinania Login | Registro y gesti\u00f3n de cuenta\",\"isPartOf\":{\"@id\":\"https:\\\/\\\/spin-ania.net\\\/es\\\/#website\"},\"datePublished\":\"2025-12-01T14:11:57+00:00\",\"dateModified\":\"2025-12-02T10:23:45+00:00\",\"description\":\"Crea tu Spin Ania login para acceder al instante a miles de juegos. Reg\u00edstrate o inicia sesi\u00f3n para gestionar tu perfil, verificar tu cuenta, realizar dep\u00f3sitos y jugar cuando quieras.\",\"breadcrumb\":{\"@id\":\"https:\\\/\\\/spin-ania.net\\\/es\\\/inicio-de-sesion-y-registro\\\/#breadcrumb\"},\"inLanguage\":\"es-ES\",\"potentialAction\":[{\"@type\":\"ReadAction\",\"target\":[\"https:\\\/\\\/spin-ania.net\\\/es\\\/inicio-de-sesion-y-registro\\\/\"]}]},{\"@type\":\"BreadcrumbList\",\"@id\":\"https:\\\/\\\/spin-ania.net\\\/es\\\/inicio-de-sesion-y-registro\\\/#breadcrumb\",\"itemListElement\":[{\"@type\":\"ListItem\",\"position\":1,\"name\":\"Spinania\",\"item\":\"https:\\\/\\\/spin-ania.net\\\/es\\\/\"},{\"@type\":\"ListItem\",\"position\":2,\"name\":\"Inicio de sesi\u00f3n y Registro\"}]},{\"@type\":\"WebSite\",\"@id\":\"https:\\\/\\\/spin-ania.net\\\/es\\\/#website\",\"url\":\"https:\\\/\\\/spin-ania.net\\\/es\\\/\",\"name\":\"Spinania\",\"description\":\"\",\"publisher\":{\"@id\":\"https:\\\/\\\/spin-ania.net\\\/es\\\/#organization\"},\"potentialAction\":[{\"@type\":\"SearchAction\",\"target\":{\"@type\":\"EntryPoint\",\"urlTemplate\":\"https:\\\/\\\/spin-ania.net\\\/es\\\/?s={search_term_string}\"},\"query-input\":{\"@type\":\"PropertyValueSpecification\",\"valueRequired\":true,\"valueName\":\"search_term_string\"}}],\"inLanguage\":\"es-ES\"},{\"@type\":\"Organization\",\"@id\":\"https:\\\/\\\/spin-ania.net\\\/es\\\/#organization\",\"name\":\"Spinania\",\"url\":\"https:\\\/\\\/spin-ania.net\\\/es\\\/\",\"logo\":{\"@type\":\"ImageObject\",\"inLanguage\":\"es-ES\",\"@id\":\"https:\\\/\\\/spin-ania.net\\\/es\\\/#\\\/schema\\\/logo\\\/image\\\/\",\"url\":\"https:\\\/\\\/spin-ania.net\\\/wp-content\\\/uploads\\\/2025\\\/12\\\/Casino-logo-Desktop.png\",\"contentUrl\":\"https:\\\/\\\/spin-ania.net\\\/wp-content\\\/uploads\\\/2025\\\/12\\\/Casino-logo-Desktop.png\",\"width\":88,\"height\":26,\"caption\":\"Spinania\"},\"image\":{\"@id\":\"https:\\\/\\\/spin-ania.net\\\/es\\\/#\\\/schema\\\/logo\\\/image\\\/\"}}]}<\/script>\n<!-- \/ Yoast SEO plugin. -->","yoast_head_json":{"title":"Spinania Login | Registro y gesti\u00f3n de cuenta","description":"Crea tu Spin Ania login para acceder al instante a miles de juegos. Reg\u00edstrate o inicia sesi\u00f3n para gestionar tu perfil, verificar tu cuenta, realizar dep\u00f3sitos y jugar cuando quieras.","robots":{"index":"index","follow":"follow","max-snippet":"max-snippet:-1","max-image-preview":"max-image-preview:large","max-video-preview":"max-video-preview:-1"},"canonical":"https:\/\/spin-ania.net\/es\/inicio-de-sesion-y-registro\/","og_locale":"es_ES","og_type":"article","og_title":"Spinania Login | Registro y gesti\u00f3n de cuenta","og_description":"Crea tu Spin Ania login para acceder al instante a miles de juegos. Reg\u00edstrate o inicia sesi\u00f3n para gestionar tu perfil, verificar tu cuenta, realizar dep\u00f3sitos y jugar cuando quieras.","og_url":"https:\/\/spin-ania.net\/es\/inicio-de-sesion-y-registro\/","og_site_name":"spinania","article_modified_time":"2025-12-02T10:23:45+00:00","twitter_card":"summary_large_image","twitter_misc":{"Est. reading time":"1 minute"},"schema":{"@context":"https:\/\/schema.org","@graph":[{"@type":"WebPage","@id":"https:\/\/spin-ania.net\/es\/inicio-de-sesion-y-registro\/","url":"https:\/\/spin-ania.net\/es\/inicio-de-sesion-y-registro\/","name":"Spinania Login | Registro y gesti\u00f3n de cuenta","isPartOf":{"@id":"https:\/\/spin-ania.net\/es\/#website"},"datePublished":"2025-12-01T14:11:57+00:00","dateModified":"2025-12-02T10:23:45+00:00","description":"Crea tu Spin Ania login para acceder al instante a miles de juegos. Reg\u00edstrate o inicia sesi\u00f3n para gestionar tu perfil, verificar tu cuenta, realizar dep\u00f3sitos y jugar cuando quieras.","breadcrumb":{"@id":"https:\/\/spin-ania.net\/es\/inicio-de-sesion-y-registro\/#breadcrumb"},"inLanguage":"es-ES","potentialAction":[{"@type":"ReadAction","target":["https:\/\/spin-ania.net\/es\/inicio-de-sesion-y-registro\/"]}]},{"@type":"BreadcrumbList","@id":"https:\/\/spin-ania.net\/es\/inicio-de-sesion-y-registro\/#breadcrumb","itemListElement":[{"@type":"ListItem","position":1,"name":"Spinania","item":"https:\/\/spin-ania.net\/es\/"},{"@type":"ListItem","position":2,"name":"Inicio de sesi\u00f3n y Registro"}]},{"@type":"WebSite","@id":"https:\/\/spin-ania.net\/es\/#website","url":"https:\/\/spin-ania.net\/es\/","name":"Spinania","description":"","publisher":{"@id":"https:\/\/spin-ania.net\/es\/#organization"},"potentialAction":[{"@type":"SearchAction","target":{"@type":"EntryPoint","urlTemplate":"https:\/\/spin-ania.net\/es\/?s={search_term_string}"},"query-input":{"@type":"PropertyValueSpecification","valueRequired":true,"valueName":"search_term_string"}}],"inLanguage":"es-ES"},{"@type":"Organization","@id":"https:\/\/spin-ania.net\/es\/#organization","name":"Spinania","url":"https:\/\/spin-ania.net\/es\/","logo":{"@type":"ImageObject","inLanguage":"es-ES","@id":"https:\/\/spin-ania.net\/es\/#\/schema\/logo\/image\/","url":"https:\/\/spin-ania.net\/wp-content\/uploads\/2025\/12\/Casino-logo-Desktop.png","contentUrl":"https:\/\/spin-ania.net\/wp-content\/uploads\/2025\/12\/Casino-logo-Desktop.png","width":88,"height":26,"caption":"Spinania"},"image":{"@id":"https:\/\/spin-ania.net\/es\/#\/schema\/logo\/image\/"}}]}},"_links":{"self":[{"href":"https:\/\/spin-ania.net\/es\/wp-json\/wp\/v2\/pages\/1489","targetHints":{"allow":["GET"]}}],"collection":[{"href":"https:\/\/spin-ania.net\/es\/wp-json\/wp\/v2\/pages"}],"about":[{"href":"https:\/\/spin-ania.net\/es\/wp-json\/wp\/v2\/types\/page"}],"author":[{"embeddable":true,"href":"https:\/\/spin-ania.net\/es\/wp-json\/wp\/v2\/users\/1"}],"replies":[{"embeddable":true,"href":"https:\/\/spin-ania.net\/es\/wp-json\/wp\/v2\/comments?post=1489"}],"version-history":[{"count":2,"href":"https:\/\/spin-ania.net\/es\/wp-json\/wp\/v2\/pages\/1489\/revisions"}],"predecessor-version":[{"id":1818,"href":"https:\/\/spin-ania.net\/es\/wp-json\/wp\/v2\/pages\/1489\/revisions\/1818"}],"wp:attachment":[{"href":"https:\/\/spin-ania.net\/es\/wp-json\/wp\/v2\/media?parent=1489"}],"curies":[{"name":"wp","href":"https:\/\/api.w.org\/{rel}","templated":true}]}}