{"id":1444,"date":"2025-12-01T14:04:31","date_gmt":"2025-12-01T14:04:31","guid":{"rendered":"https:\/\/spin-ania.net\/app-2\/"},"modified":"2025-12-02T10:19:09","modified_gmt":"2025-12-02T10:19:09","slug":"aplicacion","status":"publish","type":"page","link":"https:\/\/spin-ania.net\/es\/aplicacion\/","title":{"rendered":"Aplicaci\u00f3n"},"content":{"rendered":"<h1>Aplicaci\u00f3n M\u00f3vil de Spinania Casino<\/h1>\n<p>Con la Spinania app, puedes obtener la experiencia de juego del casino completa en tu tel\u00e9fono con rendimiento r\u00e1pido y acceso instant\u00e1neo. Los jugadores pueden jugar a sus tragamonedas online favoritas en cualquier lugar y tienen el mismo nivel de seguridad y variedad de juegos que en la plataforma de escritorio. La aplicaci\u00f3n m\u00f3vil tiene controles y navegaci\u00f3n f\u00e1ciles de usar dise\u00f1ados espec\u00edficamente para usuarios de smartphones y tablets.<\/p>\n<p><div class=\"banner-wrap\" aria-label=\"Banner\"><img src=\"https:\/\/spin-ania.net\/wp-content\/uploads\/2025\/12\/Spinania-Banner-Desktop.webp\" class=\"w-100 d-none d-lg-block img-pc main-banner-img\" alt=\"Spinania Banner Desktop\" fetchpriority=\"high\" decoding=\"async\"><img src=\"https:\/\/spin-ania.net\/wp-content\/uploads\/2025\/12\/Spinania-mobile-banner.webp\" class=\"w-100 d-none d-md-block d-lg-none main-banner-img\" alt=\"Spinania mobile banner\" fetchpriority=\"high\" decoding=\"async\"><img src=\"https:\/\/spin-ania.net\/wp-content\/uploads\/2025\/12\/Spinania-mobile-banner.webp\" class=\"w-100 d-md-none\" alt=\"Spinania mobile banner\" fetchpriority=\"high\" decoding=\"async\"><div class=\"banner-description\">\n<div class=\"banner-title\">Bonos de bienvenida<\/div>\n<p class=\"banner-header-title\">1500 \u20ac<\/p>\n<div class=\"banner-header-AdditionalText\">+ 250 Giros gratis<\/div>\n<button data-item=\"homepage_banner_link\" class=\"goto m-button m-gradient-border m-button--primary m-button--large banner-button btn-orange\">\n            <div class=\"m-button-content\">\n                <span>Reg\u00edstrese ahora<\/span>\n                <span><\/span>\n            <\/div>\n        <\/button>\n<\/div>\n<div class=\"WelcomePack\">\n<p><img loading=\"lazy\" decoding=\"async\" class=\"alignnone size-full wp-image-1341\" src=\"https:\/\/spin-ania.net\/wp-content\/uploads\/2025\/12\/welcome-crown.svg\" alt=\"crown\" width=\"25\" height=\"26\" \/><\/p>\n<div class=\"WelcomePack-Info\">Reembolso semanal de hasta el 25 %<\/div>\n<p><img loading=\"lazy\" decoding=\"async\" class=\"alignnone size-full wp-image-1341\" src=\"https:\/\/spin-ania.net\/wp-content\/uploads\/2025\/12\/welcome-crown.svg\" alt=\"crown\" width=\"25\" height=\"26\" \/><\/p>\n<\/div>\n<\/div><div class=\"scrollable-content-wrap my-5\"><div class=\"scrollable-content-inner\"><h2>Descarga la App de Spinania para iPhone o iPad<\/h2>\n<p>Spinania est\u00e1 disponible para usuarios de iOS a trav\u00e9s de una aplicaci\u00f3n web progresiva que funciona como una aplicaci\u00f3n nativa pero no necesita ser instalada desde la App Store.<\/p>\n<ol>\n<li>Visita el sitio web de Spinania en Safari.<\/li>\n<li>Toca el cuadrado con una flecha hacia arriba cerca de la parte inferior de tu pantalla para compartir.<\/li>\n<li>Navega por las opciones del men\u00fa y selecciona &#8220;A\u00f1adir a la Pantalla de Inicio&#8221;.<\/li>\n<li>Toca &#8220;A\u00f1adir&#8221; en la esquina superior derecha para cambiar el nombre de la aplicaci\u00f3n antes de instalarla.<\/li>\n<li>El icono de Spinania aparecer\u00e1 en tu pantalla de inicio junto a otras aplicaciones.<\/li>\n<li>Toca el icono para iniciar la aplicaci\u00f3n e iniciar sesi\u00f3n.<\/li>\n<\/ol>\n<p>La versi\u00f3n para iOS funciona en todos los modelos de iPhone que ejecutan iOS 12 o posterior, y tambi\u00e9n funciona bien en iPads. En el modo de pantalla completa, los controles del navegador desaparecen, lo que permite una experiencia de juego m\u00e1s inmersiva.<\/p>\n<p><img loading=\"lazy\" decoding=\"async\" src=\"https:\/\/spin-ania.net\/wp-content\/uploads\/2025\/12\/Spinania-iOS-App.webp\" alt=\"Spinania iOS App\" width=\"1248\" height=\"536\" \/><\/p>\n<\/div><\/div><div style=\"clear: both\"><\/div><div class=\"d-flex justify-content-center\"><button data-item=\"decouvrez_link\" data-group=\"website_links\" class=\"goto fw-bold rounded-pill btn btn-orange\" aria-label=\"Descarga la aplicaci\u00f3n Spinania\" >Descarga la aplicaci\u00f3n Spinania<\/button><\/div><div class=\"scrollable-content-wrap my-5\"><div class=\"scrollable-content-inner\"><h2>Instalaci\u00f3n de la App de Spin Ania para Android<\/h2>\n<p>Los jugadores de Android pueden instalar la aplicaci\u00f3n de varias maneras compatibles con todos los modelos de dispositivos principales. El rendimiento se mantiene igual sin importar las especificaciones del dispositivo.<\/p>\n<h3>Configurar Spinania para Android<\/h3>\n<ol>\n<li>Abre Chrome en Android y visita Spinania.<\/li>\n<li>Presiona el icono del men\u00fa de tres puntos en la parte superior derecha de tu navegador.<\/li>\n<li>Toca &#8220;A\u00f1adir&#8221; cuando se te solicite, despu\u00e9s de seleccionar &#8220;A\u00f1adir a la pantalla de inicio&#8221; en el men\u00fa desplegable.<\/li>\n<li>La instalaci\u00f3n toma segundos y crea un icono de la aplicaci\u00f3n de casino Spinania en la pantalla de inicio.<\/li>\n<\/ol>\n<p>Cuando se les pregunte, los usuarios primerizos deben permitir las notificaciones para poder recibir actualizaciones sobre nuevos juegos y bonos. La aplicaci\u00f3n solo solicita unos pocos permisos y funciona dentro del mismo marco de seguridad que el sitio web principal. Las actualizaciones ocurren autom\u00e1ticamente en segundo plano, por lo que no tienes que descargarlas manualmente.<\/p>\n<p><img loading=\"lazy\" decoding=\"async\" src=\"https:\/\/spin-ania.net\/wp-content\/uploads\/2025\/12\/Spinania-Android-App.webp\" alt=\"Spinania Android App\" width=\"1248\" height=\"536\" \/><\/p>\n<\/div><\/div><div style=\"clear: both\"><\/div><div class=\"d-flex justify-content-center\"><button data-item=\"decouvrez_link\" data-group=\"website_links\" class=\"goto fw-bold rounded-pill btn btn-orange\" aria-label=\"Descargar Spinania\" >Descargar Spinania<\/button><\/div><div class=\"scrollable-content-wrap my-5\"><div class=\"scrollable-content-inner\"><h2>Lo Mejor de Usar la App de Spinania en Tu Tel\u00e9fono<\/h2>\n<p>Jugar en tu tel\u00e9fono con Spinania tiene muchos beneficios que mejoran toda la experiencia. La aplicaci\u00f3n se carga m\u00e1s r\u00e1pido que las versiones basadas en navegador y usa menos datos mientras juegas. Las notificaciones push te informan sobre nuevos bonos y promociones sin que tengas que visitar el sitio web.<\/p>\n<p>La interfaz t\u00e1ctil facilita el control tanto de los juegos de tragamonedas como de los juegos de mesa. La aplicaci\u00f3n tambi\u00e9n funciona perfectamente con opciones de pago m\u00f3vil como la facturaci\u00f3n directa a trav\u00e9s del operador y monederos digitales.<\/p>\n<p>La optimizaci\u00f3n de la bater\u00eda te permite jugar durante m\u00e1s tiempo sin agotar demasiado la bater\u00eda de tu dispositivo. El casino m\u00f3vil realiza un seguimiento de tu progreso en el juego y en el proceso de verificaci\u00f3n entre sesiones, para que puedas pausar y retomar donde lo dejaste.<\/p>\n<h2>C\u00f3mo Usar una Aplicaci\u00f3n Web en tu PC<\/h2>\n<p>Las personas que juegan en sus ordenadores de sobremesa pueden tener un acceso r\u00e1pido similar en sus equipos sin tener que descargar software adicional.<\/p>\n<ol>\n<li>Usa Chrome o Edge para visitar Spinania.<\/li>\n<li>Selecciona &#8220;Instalar&#8221; desde el men\u00fa del navegador o el icono de la barra de direcciones.<\/li>\n<\/ol>\n<p>La aplicaci\u00f3n web se instala como un programa separado que se abre en su propia ventana sin barras de herramientas. Este m\u00e9todo utiliza menos recursos del sistema que mantener varias pesta\u00f1as del navegador abiertas. La aplicaci\u00f3n web de escritorio sincroniza autom\u00e1ticamente tu historial de juego y preferencias con la versi\u00f3n m\u00f3vil.<\/p>\n<p>Los usuarios de Windows pueden anclar la aplicaci\u00f3n a su barra de tareas para acceder a ella con un solo clic. Despu\u00e9s de instalar la aplicaci\u00f3n web, los usuarios de Mac la encontrar\u00e1n en su carpeta de Aplicaciones.<\/p>\n<p><img loading=\"lazy\" decoding=\"async\" src=\"https:\/\/spin-ania.net\/wp-content\/uploads\/2025\/12\/Spinania-Desktop.webp\" alt=\"Spinania Desktop\" width=\"1248\" height=\"536\" \/><\/p>\n<\/div><\/div><div style=\"clear: both\"><\/div><div class=\"d-flex justify-content-center\"><button data-item=\"decouvrez_link\" data-group=\"website_links\" class=\"goto fw-bold rounded-pill btn btn-orange\" aria-label=\"Descarga la aplicaci\u00f3n Spinania\" >Descarga la aplicaci\u00f3n Spinania<\/button><\/div><div class=\"scrollable-content-wrap my-5\"><div class=\"scrollable-content-inner\"><h2>Comparativa del Casino en PC y M\u00f3vil<\/h2>\n<p>Ambas plataformas te permiten jugar a todos los juegos de su biblioteca y tienen las mismas tasas de pagos y estructuras de bonos. Las principales diferencias est\u00e1n en el dise\u00f1o de la interfaz y el manejo de las entradas, no en las caracter\u00edsticas disponibles. Las pantallas de escritorio pueden mostrar m\u00e1s informaci\u00f3n a la vez, mientras que las versiones m\u00f3viles se centran en los controles m\u00e1s importantes.<\/p>\n<table>\n<tbody>\n<tr>\n<td>Aspecto<\/td>\n<td>Versi\u00f3n PC<\/td>\n<td>Versi\u00f3n M\u00f3vil<\/td>\n<\/tr>\n<tr>\n<td>Espacio en Pantalla<\/td>\n<td>M\u00faltiples categor\u00edas de juego visibles<\/td>\n<td>Vista enfocada a un solo juego<\/td>\n<\/tr>\n<tr>\n<td>Multijuego<\/td>\n<td>F\u00e1cil jugar varios juegos a la vez<\/td>\n<td>Limitado por el tama\u00f1o de pantalla<\/td>\n<\/tr>\n<tr>\n<td>M\u00e9todos de Pago<\/td>\n<td>Todas las opciones disponibles<\/td>\n<td>Todas las opciones disponibles<\/td>\n<\/tr>\n<tr>\n<td>Gr\u00e1ficos del Juego<\/td>\n<td>Resoluci\u00f3n m\u00e1s alta disponible<\/td>\n<td>Optimizados para pantallas peque\u00f1as<\/td>\n<\/tr>\n<tr>\n<td>Duraci\u00f3n de la Sesi\u00f3n<\/td>\n<td>Ideal para sesiones largas<\/td>\n<td>Perfecta para sesiones r\u00e1pidas<\/td>\n<\/tr>\n<\/tbody>\n<\/table>\n<p>En los monitores de escritorio, las grandes pantallas de jackpot y las estad\u00edsticas del juego destacan m\u00e1s. Las versiones m\u00f3viles integran esta informaci\u00f3n en men\u00fas desplegables para aprovechar al m\u00e1ximo el \u00e1rea de juego. Los juegos de dealer en vivo funcionan igual de bien en ambas plataformas, y puedes cambiar la configuraci\u00f3n de calidad de video.<\/p>\n<p>La experiencia m\u00f3vil es mejor cuando no puedes usar un ordenador de sobremesa, como en el camino al trabajo o de vacaciones. El juego en escritorio es mejor para las personas que prefieren pantallas m\u00e1s grandes y teclados f\u00edsicos para chatear. La mayor\u00eda de los jugadores usan ambas versiones, dependiendo de su ubicaci\u00f3n y del tiempo disponible.<\/p>\n<h2>Preguntas Frecuentes<\/h2>\n<h3>\u00bfPuedo usar la misma cuenta en las versiones m\u00f3vil y de escritorio?<\/h3>\n<p>S\u00ed, tu cuenta de Spinania funciona perfectamente en todos los dispositivos. Puedes iniciar sesi\u00f3n en cualquier dispositivo con la misma informaci\u00f3n, y tu saldo, progreso en el juego y estado de los bonos se mantendr\u00e1n igual. Puedes cambiar entre dispositivos mientras est\u00e1s jugando sin que se interrumpan los juegos.<\/p>\n<h3>\u00bfLa aplicaci\u00f3n m\u00f3vil requiere conexi\u00f3n a Internet constante?<\/h3>\n<p>Para obtener resultados justos y actualizaciones en tiempo real, necesitas una conexi\u00f3n a Internet estable cuando juegues. A\u00fan puedes ver tu historial de cuenta, leer las reglas del juego y consultar los t\u00e9rminos de una promoci\u00f3n incluso cuando no est\u00e9s conectado a Internet. Cuando se restablezca el servicio de Internet, la aplicaci\u00f3n se reconectar\u00e1 autom\u00e1ticamente. Si el problema de conexi\u00f3n persiste, por favor, contacta a nuestro equipo de soporte a trav\u00e9s del chat en vivo o correo electr\u00f3nico.<\/p>\n<h3>\u00bfLos bonos para m\u00f3viles son diferentes a las promociones para escritorio?<\/h3>\n<p>Para asegurar que todos reciben el mismo trato, Spinania mantiene las mismas ofertas de bonos en todas las plataformas. Los usuarios m\u00f3viles pueden obtener los mismos paquetes de bienvenida, bonos de recarga y ofertas de giros gratis que los usuarios de escritorio. Sin importar la plataforma que elijas, los t\u00e9rminos y condiciones de apuesta siguen siendo los mismos.<\/p>\n<\/div><\/div><\/p>\n","protected":false},"excerpt":{"rendered":"<p>Aplicaci\u00f3n M\u00f3vil de Spinania Casino Con la Spinania app, puedes obtener la experiencia de juego del casino completa en tu tel\u00e9fono con rendimiento r\u00e1pido y acceso instant\u00e1neo. Los jugadores pueden jugar a sus tragamonedas online favoritas en cualquier lugar y tienen el mismo nivel de seguridad y variedad de juegos que en la plataforma de [&hellip;]<\/p>\n","protected":false},"author":1,"featured_media":0,"parent":0,"menu_order":0,"comment_status":"closed","ping_status":"closed","template":"template-builder.php","meta":{"_acf_changed":false,"inline_featured_image":false,"footnotes":""},"class_list":["post-1444","page","type-page","status-publish","hentry"],"acf":[],"yoast_head":"<!-- This site is optimized with the Yoast SEO plugin v27.3 - https:\/\/yoast.com\/product\/yoast-seo-wordpress\/ -->\n<title>Spinania App | Casino m\u00f3vil para Android e iOS<\/title>\n<meta name=\"description\" content=\"Tu casino, siempre contigo. Spin Ania App te da acceso a todos tus juegos favoritos en cualquier dispositivo m\u00f3vil. Disfruta de una experiencia de juego segura con sincronizaci\u00f3n completa de tu cuenta.\" \/>\n<meta name=\"robots\" content=\"index, follow, max-snippet:-1, max-image-preview:large, max-video-preview:-1\" \/>\n<link rel=\"canonical\" href=\"https:\/\/spin-ania.net\/es\/aplicacion\/\" \/>\n<meta property=\"og:locale\" content=\"es_ES\" \/>\n<meta property=\"og:type\" content=\"article\" \/>\n<meta property=\"og:title\" content=\"Spinania App | Casino m\u00f3vil para Android e iOS\" \/>\n<meta property=\"og:description\" content=\"Tu casino, siempre contigo. Spin Ania App te da acceso a todos tus juegos favoritos en cualquier dispositivo m\u00f3vil. Disfruta de una experiencia de juego segura con sincronizaci\u00f3n completa de tu cuenta.\" \/>\n<meta property=\"og:url\" content=\"https:\/\/spin-ania.net\/es\/aplicacion\/\" \/>\n<meta property=\"og:site_name\" content=\"spinania\" \/>\n<meta property=\"article:modified_time\" content=\"2025-12-02T10:19:09+00:00\" \/>\n<meta name=\"twitter:card\" content=\"summary_large_image\" \/>\n<meta name=\"twitter:label1\" content=\"Est. reading time\" \/>\n\t<meta name=\"twitter:data1\" content=\"1 minute\" \/>\n<script type=\"application\/ld+json\" class=\"yoast-schema-graph\">{\"@context\":\"https:\\\/\\\/schema.org\",\"@graph\":[{\"@type\":\"WebPage\",\"@id\":\"https:\\\/\\\/spin-ania.net\\\/es\\\/aplicacion\\\/\",\"url\":\"https:\\\/\\\/spin-ania.net\\\/es\\\/aplicacion\\\/\",\"name\":\"Spinania App | Casino m\u00f3vil para Android e iOS\",\"isPartOf\":{\"@id\":\"https:\\\/\\\/spin-ania.net\\\/es\\\/#website\"},\"datePublished\":\"2025-12-01T14:04:31+00:00\",\"dateModified\":\"2025-12-02T10:19:09+00:00\",\"description\":\"Tu casino, siempre contigo. Spin Ania App te da acceso a todos tus juegos favoritos en cualquier dispositivo m\u00f3vil. Disfruta de una experiencia de juego segura con sincronizaci\u00f3n completa de tu cuenta.\",\"breadcrumb\":{\"@id\":\"https:\\\/\\\/spin-ania.net\\\/es\\\/aplicacion\\\/#breadcrumb\"},\"inLanguage\":\"es-ES\",\"potentialAction\":[{\"@type\":\"ReadAction\",\"target\":[\"https:\\\/\\\/spin-ania.net\\\/es\\\/aplicacion\\\/\"]}]},{\"@type\":\"BreadcrumbList\",\"@id\":\"https:\\\/\\\/spin-ania.net\\\/es\\\/aplicacion\\\/#breadcrumb\",\"itemListElement\":[{\"@type\":\"ListItem\",\"position\":1,\"name\":\"Spinania\",\"item\":\"https:\\\/\\\/spin-ania.net\\\/es\\\/\"},{\"@type\":\"ListItem\",\"position\":2,\"name\":\"Aplicaci\u00f3n\"}]},{\"@type\":\"WebSite\",\"@id\":\"https:\\\/\\\/spin-ania.net\\\/es\\\/#website\",\"url\":\"https:\\\/\\\/spin-ania.net\\\/es\\\/\",\"name\":\"Spinania\",\"description\":\"\",\"publisher\":{\"@id\":\"https:\\\/\\\/spin-ania.net\\\/es\\\/#organization\"},\"potentialAction\":[{\"@type\":\"SearchAction\",\"target\":{\"@type\":\"EntryPoint\",\"urlTemplate\":\"https:\\\/\\\/spin-ania.net\\\/es\\\/?s={search_term_string}\"},\"query-input\":{\"@type\":\"PropertyValueSpecification\",\"valueRequired\":true,\"valueName\":\"search_term_string\"}}],\"inLanguage\":\"es-ES\"},{\"@type\":\"Organization\",\"@id\":\"https:\\\/\\\/spin-ania.net\\\/es\\\/#organization\",\"name\":\"Spinania\",\"url\":\"https:\\\/\\\/spin-ania.net\\\/es\\\/\",\"logo\":{\"@type\":\"ImageObject\",\"inLanguage\":\"es-ES\",\"@id\":\"https:\\\/\\\/spin-ania.net\\\/es\\\/#\\\/schema\\\/logo\\\/image\\\/\",\"url\":\"https:\\\/\\\/spin-ania.net\\\/wp-content\\\/uploads\\\/2025\\\/12\\\/Casino-logo-Desktop.png\",\"contentUrl\":\"https:\\\/\\\/spin-ania.net\\\/wp-content\\\/uploads\\\/2025\\\/12\\\/Casino-logo-Desktop.png\",\"width\":88,\"height\":26,\"caption\":\"Spinania\"},\"image\":{\"@id\":\"https:\\\/\\\/spin-ania.net\\\/es\\\/#\\\/schema\\\/logo\\\/image\\\/\"}}]}<\/script>\n<!-- \/ Yoast SEO plugin. -->","yoast_head_json":{"title":"Spinania App | Casino m\u00f3vil para Android e iOS","description":"Tu casino, siempre contigo. Spin Ania App te da acceso a todos tus juegos favoritos en cualquier dispositivo m\u00f3vil. Disfruta de una experiencia de juego segura con sincronizaci\u00f3n completa de tu cuenta.","robots":{"index":"index","follow":"follow","max-snippet":"max-snippet:-1","max-image-preview":"max-image-preview:large","max-video-preview":"max-video-preview:-1"},"canonical":"https:\/\/spin-ania.net\/es\/aplicacion\/","og_locale":"es_ES","og_type":"article","og_title":"Spinania App | Casino m\u00f3vil para Android e iOS","og_description":"Tu casino, siempre contigo. Spin Ania App te da acceso a todos tus juegos favoritos en cualquier dispositivo m\u00f3vil. Disfruta de una experiencia de juego segura con sincronizaci\u00f3n completa de tu cuenta.","og_url":"https:\/\/spin-ania.net\/es\/aplicacion\/","og_site_name":"spinania","article_modified_time":"2025-12-02T10:19:09+00:00","twitter_card":"summary_large_image","twitter_misc":{"Est. reading time":"1 minute"},"schema":{"@context":"https:\/\/schema.org","@graph":[{"@type":"WebPage","@id":"https:\/\/spin-ania.net\/es\/aplicacion\/","url":"https:\/\/spin-ania.net\/es\/aplicacion\/","name":"Spinania App | Casino m\u00f3vil para Android e iOS","isPartOf":{"@id":"https:\/\/spin-ania.net\/es\/#website"},"datePublished":"2025-12-01T14:04:31+00:00","dateModified":"2025-12-02T10:19:09+00:00","description":"Tu casino, siempre contigo. Spin Ania App te da acceso a todos tus juegos favoritos en cualquier dispositivo m\u00f3vil. Disfruta de una experiencia de juego segura con sincronizaci\u00f3n completa de tu cuenta.","breadcrumb":{"@id":"https:\/\/spin-ania.net\/es\/aplicacion\/#breadcrumb"},"inLanguage":"es-ES","potentialAction":[{"@type":"ReadAction","target":["https:\/\/spin-ania.net\/es\/aplicacion\/"]}]},{"@type":"BreadcrumbList","@id":"https:\/\/spin-ania.net\/es\/aplicacion\/#breadcrumb","itemListElement":[{"@type":"ListItem","position":1,"name":"Spinania","item":"https:\/\/spin-ania.net\/es\/"},{"@type":"ListItem","position":2,"name":"Aplicaci\u00f3n"}]},{"@type":"WebSite","@id":"https:\/\/spin-ania.net\/es\/#website","url":"https:\/\/spin-ania.net\/es\/","name":"Spinania","description":"","publisher":{"@id":"https:\/\/spin-ania.net\/es\/#organization"},"potentialAction":[{"@type":"SearchAction","target":{"@type":"EntryPoint","urlTemplate":"https:\/\/spin-ania.net\/es\/?s={search_term_string}"},"query-input":{"@type":"PropertyValueSpecification","valueRequired":true,"valueName":"search_term_string"}}],"inLanguage":"es-ES"},{"@type":"Organization","@id":"https:\/\/spin-ania.net\/es\/#organization","name":"Spinania","url":"https:\/\/spin-ania.net\/es\/","logo":{"@type":"ImageObject","inLanguage":"es-ES","@id":"https:\/\/spin-ania.net\/es\/#\/schema\/logo\/image\/","url":"https:\/\/spin-ania.net\/wp-content\/uploads\/2025\/12\/Casino-logo-Desktop.png","contentUrl":"https:\/\/spin-ania.net\/wp-content\/uploads\/2025\/12\/Casino-logo-Desktop.png","width":88,"height":26,"caption":"Spinania"},"image":{"@id":"https:\/\/spin-ania.net\/es\/#\/schema\/logo\/image\/"}}]}},"_links":{"self":[{"href":"https:\/\/spin-ania.net\/es\/wp-json\/wp\/v2\/pages\/1444","targetHints":{"allow":["GET"]}}],"collection":[{"href":"https:\/\/spin-ania.net\/es\/wp-json\/wp\/v2\/pages"}],"about":[{"href":"https:\/\/spin-ania.net\/es\/wp-json\/wp\/v2\/types\/page"}],"author":[{"embeddable":true,"href":"https:\/\/spin-ania.net\/es\/wp-json\/wp\/v2\/users\/1"}],"replies":[{"embeddable":true,"href":"https:\/\/spin-ania.net\/es\/wp-json\/wp\/v2\/comments?post=1444"}],"version-history":[{"count":2,"href":"https:\/\/spin-ania.net\/es\/wp-json\/wp\/v2\/pages\/1444\/revisions"}],"predecessor-version":[{"id":1816,"href":"https:\/\/spin-ania.net\/es\/wp-json\/wp\/v2\/pages\/1444\/revisions\/1816"}],"wp:attachment":[{"href":"https:\/\/spin-ania.net\/es\/wp-json\/wp\/v2\/media?parent=1444"}],"curies":[{"name":"wp","href":"https:\/\/api.w.org\/{rel}","templated":true}]}}