{"id":1485,"date":"2025-12-01T14:11:57","date_gmt":"2025-12-01T14:11:57","guid":{"rendered":"https:\/\/spin-ania.net\/login-and-registration\/"},"modified":"2025-12-02T08:31:06","modified_gmt":"2025-12-02T08:31:06","slug":"anmeldung-und-registrierung","status":"publish","type":"page","link":"https:\/\/spin-ania.net\/de\/anmeldung-und-registrierung\/","title":{"rendered":"Anmeldung und Registrierung"},"content":{"rendered":"<h1>Spinania Login und Kontoverwaltung<\/h1>\n<p>Mit dem Spinania Login gelangen Sie sofort zu Ihrem Konto und nutzen eine sichere, benutzerfreundliche Casino-Plattform, die speziell f\u00fcr Sie gemacht ist. Egal, ob Sie ein neuer Spieler oder ein zur\u00fcckkehrendes Mitglied sind, die Verwaltung Ihres Spinania-Kontos ist einfach und sicher.<\/p>\n<p><div class=\"banner-wrap\" aria-label=\"Banner\"><img src=\"https:\/\/spin-ania.net\/wp-content\/uploads\/2025\/12\/Spinania-Banner-Desktop.webp\" class=\"w-100 d-none d-lg-block img-pc main-banner-img\" alt=\"Spinania Banner Desktop\" fetchpriority=\"high\" decoding=\"async\"><img src=\"https:\/\/spin-ania.net\/wp-content\/uploads\/2025\/12\/Spinania-mobile-banner.webp\" class=\"w-100 d-none d-md-block d-lg-none main-banner-img\" alt=\"Spinania mobile banner\" fetchpriority=\"high\" decoding=\"async\"><img src=\"https:\/\/spin-ania.net\/wp-content\/uploads\/2025\/12\/Spinania-mobile-banner.webp\" class=\"w-100 d-md-none\" alt=\"Spinania mobile banner\" fetchpriority=\"high\" decoding=\"async\"><div class=\"banner-description\">\n<div class=\"banner-title\">Willkommensboni<\/div>\n<p class=\"banner-header-title\">1500 \u20ac<\/p>\n<div class=\"banner-header-AdditionalText\">+ 250 Freispiele<\/div>\n<button data-item=\"homepage_banner_link\" class=\"goto m-button m-gradient-border m-button--primary m-button--large banner-button btn-orange\">\n            <div class=\"m-button-content\">\n                <span>Jetzt anmelden<\/span>\n                <span><\/span>\n            <\/div>\n        <\/button>\n<\/div>\n<div class=\"WelcomePack\">\n<p><img loading=\"lazy\" decoding=\"async\" class=\"alignnone size-full wp-image-1340\" src=\"https:\/\/spin-ania.net\/wp-content\/uploads\/2025\/12\/welcome-crown.svg\" alt=\"crown\" width=\"25\" height=\"26\" \/><\/p>\n<div class=\"WelcomePack-Info\">W\u00f6chentlicher Cashback von bis zu 25 %<\/div>\n<p><img loading=\"lazy\" decoding=\"async\" class=\"alignnone size-full wp-image-1340\" src=\"https:\/\/spin-ania.net\/wp-content\/uploads\/2025\/12\/welcome-crown.svg\" alt=\"crown\" width=\"25\" height=\"26\" \/><\/p>\n<\/div>\n<\/div><div class=\"scrollable-content-wrap my-5\"><div class=\"scrollable-content-inner\"><h2>Melden Sie sich bei Ihrem Spinania-Konto an<\/h2>\n<p>Die Anmeldung in Ihrem Spinania-Konto dauert nur Sekunden.<\/p>\n<ol>\n<li>Gehen Sie zur Spinania-Website und klicken Sie auf die Login-Schaltfl\u00e4che in der oberen rechten Ecke.<\/li>\n<li>Geben Sie Ihre registrierte E-Mail-Adresse und Ihr Passwort ein und klicken Sie dann auf &#8222;Anmelden&#8220;, um zu Ihrem Account-Dashboard zu gelangen.<\/li>\n<\/ol>\n<p>Nachdem Sie sich angemeldet haben, k\u00f6nnen Sie Ihre gesamte Spielbibliothek durchsuchen, Ihre Finanzen verwalten, Ihren Spielverlauf verfolgen und Ihre pers\u00f6nlichen Einstellungen \u00e4ndern. Sie k\u00f6nnen Ihre Einzahlungen, Auszahlungen, Boni und Kontoeinstellungen vollst\u00e4ndig vom Account-Dashboard aus verwalten. Sie k\u00f6nnen auch Ihren Transaktionsverlauf einsehen, nach aktiven Aktionen suchen und Ihre Limits f\u00fcr verantwortungsvolles Spielen \u00e4ndern.<\/p>\n<p>SSL-256-Bit-Verschl\u00fcsselung und das HTTPS-Protokoll sch\u00fctzen Ihre Login-Informationen und stellen sicher, dass jede Sitzung sicher ist. Aktivieren Sie die Zwei-Faktor-Authentifizierung (2FA) in Ihren Sicherheitseinstellungen, um eine zus\u00e4tzliche Schutzebene hinzuzuf\u00fcgen. Diese zus\u00e4tzliche Ebene ben\u00f6tigt einen Best\u00e4tigungscode, der an Ihr Telefon gesendet wird, was unbefugten Zugriff nahezu unm\u00f6glich macht.<\/p>\n<h3>Spin Ania Login und Passwort-Wiederherstellung<\/h3>\n<p>Passwort vergessen? Kein Problem.<\/p>\n<ol>\n<li>Klicken Sie auf den Link &#8222;Passwort vergessen?&#8220; auf der Login-Seite und geben Sie die E-Mail-Adresse ein, mit der Sie sich registriert haben.<\/li>\n<li>Sie erhalten innerhalb weniger Minuten einen Reset-Link.<\/li>\n<li>Befolgen Sie die Anweisungen in der E-Mail, um ein neues Passwort zu erstellen und den Zugriff auf Ihr Profil wiederherzustellen.<\/li>\n<\/ol>\n<p>Um Hilfe bei Ihrem Login zu erhalten, wenden Sie sich per Live-Chat oder E-Mail mit der Telefonnummer oder E-Mail-Adresse, mit der Sie sich registriert haben, an das Spinania-Support-Team.<\/p>\n<h2>So erstellen Sie ein Konto bei Spinania<\/h2>\n<p>Wenn Sie ein Spinania Casino-Profil erstellen, erhalten Sie Zugang zu exklusiven Boni, personalisierten Aktionen und einem Spielerlebnis, das genau auf Sie zugeschnitten ist. Die Registrierung dauert nur wenige Minuten und Sie ben\u00f6tigen nur einige grundlegende Informationen.<\/p>\n<table>\n<tbody>\n<tr>\n<td>Registrierungsschritt<\/td>\n<td>Erforderliche Informationen<\/td>\n<\/tr>\n<tr>\n<td>Schritt 1<\/td>\n<td>E-Mail-Adresse, Passwort, Akzeptierung der AGB<\/td>\n<\/tr>\n<tr>\n<td>Schritt 2<\/td>\n<td>Vorname, Nachname, Geburtsdatum, Telefonnummer<\/td>\n<\/tr>\n<\/tbody>\n<\/table>\n<p>Klicken Sie zum Abschluss der Registrierung auf Speichern. Sie erhalten eine E-Mail zur Best\u00e4tigung Ihres Kontos mit Informationen zu den n\u00e4chsten Schriften zur Verifizierung und zum Spielstart.<\/p>\n<h3>Steuern Sie Ihr Spinania-Profil und Ihre Einstellungen<\/h3>\n<p>Sie k\u00f6nnen Ihr Profil an Ihren Spielstil anpassen. Sie k\u00f6nnen Ihr Passwort \u00e4ndern, Ihre pers\u00f6nlichen Daten aktualisieren und Ihre Kommunikationseinstellungen jederzeit festlegen. W\u00e4hlen Sie die Angebote aus, die Sie erhalten m\u00f6chten, und \u00e4ndern Sie, wie Sie Benachrichtigungen erhalten. Sie k\u00f6nnen auch Limits f\u00fcr Einzahlungen, Verluste, Eins\u00e4tze und Sitzungsdauern direkt von Ihrem Profil-Dashboard aus festlegen.<\/p>\n<p>Das Spin Ania Casino merkt sich Ihre Lieblingsspiele und -genres, sodass Sie leicht dort weitermachen k\u00f6nnen, wo Sie aufgeh\u00f6rt haben. Sie k\u00f6nnen Ihre Spielstatistiken verfolgen, Ihren Bonusstatus einsehen und Ihre Belohnungspunkte an einem Ort im Auge behalten.<\/p>\n<h2>Warum die Verifizierung Ihres Kontos wichtig ist<\/h2>\n<p>Die Verifizierung Ihres Profils ist ein wichtiger Schritt, der sowohl Sie als auch Spin Ania sch\u00fctzt. Dieser Prozess \u00fcberpr\u00fcft Ihre Identit\u00e4t und stellt sicher, dass Sie Altersgrenzen und andere Regeln einhalten. Um die Spielumgebung sicher zu halten, befolgt Spinania strenge Know-Your-Customer (KYC)-Richtlinien.<\/p>\n<p>Um Ihre Identit\u00e4t zu verifizieren, m\u00fcssen Sie einen amtlichen Ausweis und einen Adressnachweis hochladen. Dieser einmalige Prozess verhindert Betrug, sch\u00fctzt vor Identit\u00e4tsdiebstahl und stellt sicher, dass alle Spieler mindestens 18 Jahre alt sind.<\/p>\n<h2>FAQ<\/h2>\n<h3>Kann ich meine pers\u00f6nlichen Daten oder Kontaktdaten nach der Registrierung aktualisieren?<\/h3>\n<p>Ja. Sie k\u00f6nnen Ihren Namen, Ihre Telefonnummer, Adresse und Kommunikationseinstellungen in Ihrem Account-Dashboard aktualisieren. Gehen Sie zu &#8222;Profil-Einstellungen&#8220;, um jederzeit \u00c4nderungen vorzunehmen. Aus Sicherheitsgr\u00fcnden erfordern einige Aktualisierungen m\u00f6glicherweise einen zus\u00e4tzlichen Verifizierungsprozess mit dem multilingualen Support-Team.<\/p>\n<h3>Wie kann ich die Sicherheit meines Spinania-Kontos erh\u00f6hen?<\/h3>\n<p>Sie k\u00f6nnen die Zwei-Faktor-Authentifizierung (2FA) in den Sicherheitseinstellungen Ihres Kontos aktivieren. Diese Funktion f\u00fcgt bei jeder Anmeldung einen zus\u00e4tzlichen Verifizierungsschritt hinzu, in der Regel einen Code, der an Ihr Telefon gesendet wird. Dies h\u00e4lt Ihr Konto so sicher wie m\u00f6glich.<\/p>\n<h3>Wie sch\u00fctzen Sie meine pers\u00f6nlichen Daten?<\/h3>\n<p>Alle Daten\u00fcbertragungen sind mit Spinania sicher, da wir SSL-256-Bit-Verschl\u00fcsselung und das HTTPS-Protokoll verwenden. Die Plattform befolgt die DSGVO, verwendet fortschrittliche Datenverschl\u00fcsselung und verf\u00fcgt \u00fcber strenge Zugriffskontrollen. Ihre pers\u00f6nlichen Daten werden auf sicheren Servern gespeichert und ohne Ihre Erlaubnis niemals weitergegeben.<\/p>\n<\/div><\/div><\/p>\n","protected":false},"excerpt":{"rendered":"<p>Spinania Login und Kontoverwaltung Mit dem Spinania Login gelangen Sie sofort zu Ihrem Konto und nutzen eine sichere, benutzerfreundliche Casino-Plattform, die speziell f\u00fcr Sie gemacht ist. Egal, ob Sie ein neuer Spieler oder ein zur\u00fcckkehrendes Mitglied sind, die Verwaltung Ihres Spinania-Kontos ist einfach und sicher.<\/p>\n","protected":false},"author":1,"featured_media":0,"parent":0,"menu_order":0,"comment_status":"closed","ping_status":"closed","template":"template-builder.php","meta":{"_acf_changed":false,"inline_featured_image":false,"footnotes":""},"class_list":["post-1485","page","type-page","status-publish","hentry"],"acf":[],"yoast_head":"<!-- This site is optimized with the Yoast SEO plugin v27.3 - https:\/\/yoast.com\/product\/yoast-seo-wordpress\/ -->\n<title>Spinania Login | Registrierung &amp; Kontoverwaltung<\/title>\n<meta name=\"description\" content=\"Erstellen Sie Ihr Spin Ania login und erhalten Sie sofortigen Zugriff auf Tausende von Spielen. Registrieren Sie sich oder melden Sie sich an, um Ihr Profil zu verwalten, Ihr Konto zu verifizieren, Einzahlungen vorzunehmen und jederzeit zu spielen.\" \/>\n<meta name=\"robots\" content=\"index, follow, max-snippet:-1, max-image-preview:large, max-video-preview:-1\" \/>\n<link rel=\"canonical\" href=\"https:\/\/spin-ania.net\/de\/anmeldung-und-registrierung\/\" \/>\n<meta property=\"og:locale\" content=\"de_DE\" \/>\n<meta property=\"og:type\" content=\"article\" \/>\n<meta property=\"og:title\" content=\"Spinania Login | Registrierung &amp; Kontoverwaltung\" \/>\n<meta property=\"og:description\" content=\"Erstellen Sie Ihr Spin Ania login und erhalten Sie sofortigen Zugriff auf Tausende von Spielen. Registrieren Sie sich oder melden Sie sich an, um Ihr Profil zu verwalten, Ihr Konto zu verifizieren, Einzahlungen vorzunehmen und jederzeit zu spielen.\" \/>\n<meta property=\"og:url\" content=\"https:\/\/spin-ania.net\/de\/anmeldung-und-registrierung\/\" \/>\n<meta property=\"og:site_name\" content=\"spinania\" \/>\n<meta property=\"article:modified_time\" content=\"2025-12-02T08:31:06+00:00\" \/>\n<meta name=\"twitter:card\" content=\"summary_large_image\" \/>\n<meta name=\"twitter:label1\" content=\"Gesch\u00e4tzte Lesezeit\" \/>\n\t<meta name=\"twitter:data1\" content=\"1\u00a0Minute\" \/>\n<script type=\"application\/ld+json\" class=\"yoast-schema-graph\">{\"@context\":\"https:\\\/\\\/schema.org\",\"@graph\":[{\"@type\":\"WebPage\",\"@id\":\"https:\\\/\\\/spin-ania.net\\\/de\\\/anmeldung-und-registrierung\\\/\",\"url\":\"https:\\\/\\\/spin-ania.net\\\/de\\\/anmeldung-und-registrierung\\\/\",\"name\":\"Spinania Login | Registrierung & Kontoverwaltung\",\"isPartOf\":{\"@id\":\"https:\\\/\\\/spin-ania.net\\\/de\\\/#website\"},\"datePublished\":\"2025-12-01T14:11:57+00:00\",\"dateModified\":\"2025-12-02T08:31:06+00:00\",\"description\":\"Erstellen Sie Ihr Spin Ania login und erhalten Sie sofortigen Zugriff auf Tausende von Spielen. Registrieren Sie sich oder melden Sie sich an, um Ihr Profil zu verwalten, Ihr Konto zu verifizieren, Einzahlungen vorzunehmen und jederzeit zu spielen.\",\"breadcrumb\":{\"@id\":\"https:\\\/\\\/spin-ania.net\\\/de\\\/anmeldung-und-registrierung\\\/#breadcrumb\"},\"inLanguage\":\"de\",\"potentialAction\":[{\"@type\":\"ReadAction\",\"target\":[\"https:\\\/\\\/spin-ania.net\\\/de\\\/anmeldung-und-registrierung\\\/\"]}]},{\"@type\":\"BreadcrumbList\",\"@id\":\"https:\\\/\\\/spin-ania.net\\\/de\\\/anmeldung-und-registrierung\\\/#breadcrumb\",\"itemListElement\":[{\"@type\":\"ListItem\",\"position\":1,\"name\":\"Spinania\",\"item\":\"https:\\\/\\\/spin-ania.net\\\/de\\\/\"},{\"@type\":\"ListItem\",\"position\":2,\"name\":\"Anmeldung und Registrierung\"}]},{\"@type\":\"WebSite\",\"@id\":\"https:\\\/\\\/spin-ania.net\\\/de\\\/#website\",\"url\":\"https:\\\/\\\/spin-ania.net\\\/de\\\/\",\"name\":\"Spinania\",\"description\":\"\",\"publisher\":{\"@id\":\"https:\\\/\\\/spin-ania.net\\\/de\\\/#organization\"},\"potentialAction\":[{\"@type\":\"SearchAction\",\"target\":{\"@type\":\"EntryPoint\",\"urlTemplate\":\"https:\\\/\\\/spin-ania.net\\\/de\\\/?s={search_term_string}\"},\"query-input\":{\"@type\":\"PropertyValueSpecification\",\"valueRequired\":true,\"valueName\":\"search_term_string\"}}],\"inLanguage\":\"de\"},{\"@type\":\"Organization\",\"@id\":\"https:\\\/\\\/spin-ania.net\\\/de\\\/#organization\",\"name\":\"Spinania\",\"url\":\"https:\\\/\\\/spin-ania.net\\\/de\\\/\",\"logo\":{\"@type\":\"ImageObject\",\"inLanguage\":\"de\",\"@id\":\"https:\\\/\\\/spin-ania.net\\\/de\\\/#\\\/schema\\\/logo\\\/image\\\/\",\"url\":\"https:\\\/\\\/spin-ania.net\\\/wp-content\\\/uploads\\\/2025\\\/12\\\/Casino-logo-Desktop.png\",\"contentUrl\":\"https:\\\/\\\/spin-ania.net\\\/wp-content\\\/uploads\\\/2025\\\/12\\\/Casino-logo-Desktop.png\",\"width\":88,\"height\":26,\"caption\":\"Spinania\"},\"image\":{\"@id\":\"https:\\\/\\\/spin-ania.net\\\/de\\\/#\\\/schema\\\/logo\\\/image\\\/\"}}]}<\/script>\n<!-- \/ Yoast SEO plugin. -->","yoast_head_json":{"title":"Spinania Login | Registrierung & Kontoverwaltung","description":"Erstellen Sie Ihr Spin Ania login und erhalten Sie sofortigen Zugriff auf Tausende von Spielen. Registrieren Sie sich oder melden Sie sich an, um Ihr Profil zu verwalten, Ihr Konto zu verifizieren, Einzahlungen vorzunehmen und jederzeit zu spielen.","robots":{"index":"index","follow":"follow","max-snippet":"max-snippet:-1","max-image-preview":"max-image-preview:large","max-video-preview":"max-video-preview:-1"},"canonical":"https:\/\/spin-ania.net\/de\/anmeldung-und-registrierung\/","og_locale":"de_DE","og_type":"article","og_title":"Spinania Login | Registrierung & Kontoverwaltung","og_description":"Erstellen Sie Ihr Spin Ania login und erhalten Sie sofortigen Zugriff auf Tausende von Spielen. Registrieren Sie sich oder melden Sie sich an, um Ihr Profil zu verwalten, Ihr Konto zu verifizieren, Einzahlungen vorzunehmen und jederzeit zu spielen.","og_url":"https:\/\/spin-ania.net\/de\/anmeldung-und-registrierung\/","og_site_name":"spinania","article_modified_time":"2025-12-02T08:31:06+00:00","twitter_card":"summary_large_image","twitter_misc":{"Gesch\u00e4tzte Lesezeit":"1\u00a0Minute"},"schema":{"@context":"https:\/\/schema.org","@graph":[{"@type":"WebPage","@id":"https:\/\/spin-ania.net\/de\/anmeldung-und-registrierung\/","url":"https:\/\/spin-ania.net\/de\/anmeldung-und-registrierung\/","name":"Spinania Login | Registrierung & Kontoverwaltung","isPartOf":{"@id":"https:\/\/spin-ania.net\/de\/#website"},"datePublished":"2025-12-01T14:11:57+00:00","dateModified":"2025-12-02T08:31:06+00:00","description":"Erstellen Sie Ihr Spin Ania login und erhalten Sie sofortigen Zugriff auf Tausende von Spielen. Registrieren Sie sich oder melden Sie sich an, um Ihr Profil zu verwalten, Ihr Konto zu verifizieren, Einzahlungen vorzunehmen und jederzeit zu spielen.","breadcrumb":{"@id":"https:\/\/spin-ania.net\/de\/anmeldung-und-registrierung\/#breadcrumb"},"inLanguage":"de","potentialAction":[{"@type":"ReadAction","target":["https:\/\/spin-ania.net\/de\/anmeldung-und-registrierung\/"]}]},{"@type":"BreadcrumbList","@id":"https:\/\/spin-ania.net\/de\/anmeldung-und-registrierung\/#breadcrumb","itemListElement":[{"@type":"ListItem","position":1,"name":"Spinania","item":"https:\/\/spin-ania.net\/de\/"},{"@type":"ListItem","position":2,"name":"Anmeldung und Registrierung"}]},{"@type":"WebSite","@id":"https:\/\/spin-ania.net\/de\/#website","url":"https:\/\/spin-ania.net\/de\/","name":"Spinania","description":"","publisher":{"@id":"https:\/\/spin-ania.net\/de\/#organization"},"potentialAction":[{"@type":"SearchAction","target":{"@type":"EntryPoint","urlTemplate":"https:\/\/spin-ania.net\/de\/?s={search_term_string}"},"query-input":{"@type":"PropertyValueSpecification","valueRequired":true,"valueName":"search_term_string"}}],"inLanguage":"de"},{"@type":"Organization","@id":"https:\/\/spin-ania.net\/de\/#organization","name":"Spinania","url":"https:\/\/spin-ania.net\/de\/","logo":{"@type":"ImageObject","inLanguage":"de","@id":"https:\/\/spin-ania.net\/de\/#\/schema\/logo\/image\/","url":"https:\/\/spin-ania.net\/wp-content\/uploads\/2025\/12\/Casino-logo-Desktop.png","contentUrl":"https:\/\/spin-ania.net\/wp-content\/uploads\/2025\/12\/Casino-logo-Desktop.png","width":88,"height":26,"caption":"Spinania"},"image":{"@id":"https:\/\/spin-ania.net\/de\/#\/schema\/logo\/image\/"}}]}},"_links":{"self":[{"href":"https:\/\/spin-ania.net\/de\/wp-json\/wp\/v2\/pages\/1485","targetHints":{"allow":["GET"]}}],"collection":[{"href":"https:\/\/spin-ania.net\/de\/wp-json\/wp\/v2\/pages"}],"about":[{"href":"https:\/\/spin-ania.net\/de\/wp-json\/wp\/v2\/types\/page"}],"author":[{"embeddable":true,"href":"https:\/\/spin-ania.net\/de\/wp-json\/wp\/v2\/users\/1"}],"replies":[{"embeddable":true,"href":"https:\/\/spin-ania.net\/de\/wp-json\/wp\/v2\/comments?post=1485"}],"version-history":[{"count":2,"href":"https:\/\/spin-ania.net\/de\/wp-json\/wp\/v2\/pages\/1485\/revisions"}],"predecessor-version":[{"id":1637,"href":"https:\/\/spin-ania.net\/de\/wp-json\/wp\/v2\/pages\/1485\/revisions\/1637"}],"wp:attachment":[{"href":"https:\/\/spin-ania.net\/de\/wp-json\/wp\/v2\/media?parent=1485"}],"curies":[{"name":"wp","href":"https:\/\/api.w.org\/{rel}","templated":true}]}}