{"id":1437,"date":"2025-12-01T14:04:31","date_gmt":"2025-12-01T14:04:31","guid":{"rendered":"https:\/\/spin-ania.net\/app-2\/"},"modified":"2025-12-02T07:54:05","modified_gmt":"2025-12-02T07:54:05","slug":"app","status":"publish","type":"page","link":"https:\/\/spin-ania.net\/de\/app\/","title":{"rendered":"App"},"content":{"rendered":"<h1>Spinania Casino Mobile App<\/h1>\n<p>Mit der Spinania App erhalten Sie das vollst\u00e4ndige Casino-Spielerlebnis auf Ihrem Telefon mit schneller Leistung und sofortigem Zugriff. Spieler k\u00f6nnen ihre Lieblings-Online-Slots \u00fcberall spielen und haben das gleiche Ma\u00df an Sicherheit und Spielvielfalt wie auf der Desktop-Plattform. Die Mobile App verf\u00fcgt \u00fcber benutzerfreundliche Steuerelemente und eine Navigation, die speziell f\u00fcr Smartphone- und Tablet-Nutzer entwickelt wurde.<\/p>\n<p><div class=\"banner-wrap\" aria-label=\"Banner\"><img src=\"https:\/\/spin-ania.net\/wp-content\/uploads\/2025\/12\/Spinania-Banner-Desktop.webp\" class=\"w-100 d-none d-lg-block img-pc main-banner-img\" alt=\"Spinania Banner Desktop\" fetchpriority=\"high\" decoding=\"async\"><img src=\"https:\/\/spin-ania.net\/wp-content\/uploads\/2025\/12\/Spinania-mobile-banner.webp\" class=\"w-100 d-none d-md-block d-lg-none main-banner-img\" alt=\"Spinania mobile banner\" fetchpriority=\"high\" decoding=\"async\"><img src=\"https:\/\/spin-ania.net\/wp-content\/uploads\/2025\/12\/Spinania-mobile-banner.webp\" class=\"w-100 d-md-none\" alt=\"Spinania mobile banner\" fetchpriority=\"high\" decoding=\"async\"><div class=\"banner-description\">\n<div class=\"banner-title\">Willkommensboni<\/div>\n<p class=\"banner-header-title\">1500 \u20ac<\/p>\n<div class=\"banner-header-AdditionalText\">+ 250 Freispiele<\/div>\n<button data-item=\"homepage_banner_link\" class=\"goto m-button m-gradient-border m-button--primary m-button--large banner-button btn-orange\">\n            <div class=\"m-button-content\">\n                <span>Jetzt anmelden<\/span>\n                <span><\/span>\n            <\/div>\n        <\/button>\n<\/div>\n<div class=\"WelcomePack\">\n<p><img loading=\"lazy\" decoding=\"async\" class=\"alignnone size-full wp-image-1340\" src=\"https:\/\/spin-ania.net\/wp-content\/uploads\/2025\/12\/welcome-crown.svg\" alt=\"crown\" width=\"25\" height=\"26\" \/><\/p>\n<div class=\"WelcomePack-Info\">W\u00f6chentlicher Cashback von bis zu 25 %<\/div>\n<p><img loading=\"lazy\" decoding=\"async\" class=\"alignnone size-full wp-image-1340\" src=\"https:\/\/spin-ania.net\/wp-content\/uploads\/2025\/12\/welcome-crown.svg\" alt=\"crown\" width=\"25\" height=\"26\" \/><\/p>\n<\/div>\n<\/div><div class=\"scrollable-content-wrap my-5\"><div class=\"scrollable-content-inner\"><h2>Laden Sie die Spinania App f\u00fcr iPhone oder iPad herunter<\/h2>\n<p>Spinania ist f\u00fcr iOS-Nutzer \u00fcber eine Progressive Web App verf\u00fcgbar, die wie eine native App funktioniert, aber nicht aus dem App Store installiert werden muss.<\/p>\n<ol>\n<li>Besuchen Sie die Spinania-Website in Safari.<\/li>\n<li>Tippen Sie auf das Quadrat mit dem nach oben zeigenden Pfeil am unteren Bildschirmrand, um die Teilen-Funktion zu \u00f6ffnen.<\/li>\n<li>Suchen Sie im Men\u00fc nach Optionen und w\u00e4hlen Sie &#8222;Zum Home-Bildschirm&#8220; hinzuf\u00fcgen.<\/li>\n<li>Tippen Sie auf &#8222;Hinzuf\u00fcgen&#8220; in der oberen rechten Ecke, um den App-Namen vor der Installation zu \u00e4ndern.<\/li>\n<li>Das Spinania-Symbol erscheint auf Ihrem Home-Bildschirm zwischen anderen Apps.<\/li>\n<li>Ber\u00fchren Sie das Symbol, um die App zu starten und sich anzumelden.<\/li>\n<\/ol>\n<p>Die iOS-Version funktioniert auf allen iPhone-Modellen, die mit iOS 12 oder neuer laufen, und sie funktioniert auch gut auf iPads. Im Vollbildmodus sind die Browser-Steuerelemente ausgeblendet, was ein immersiveres Spielerlebnis schafft.<\/p>\n<p><img loading=\"lazy\" decoding=\"async\" src=\"https:\/\/spin-ania.net\/wp-content\/uploads\/2025\/12\/Spinania-iOS-App.webp\" alt=\"Spinania iOS App\" width=\"1248\" height=\"536\" \/><\/p>\n<\/div><\/div><div style=\"clear: both\"><\/div><div class=\"d-flex justify-content-center\"><button data-item=\"decouvrez_link\" data-group=\"website_links\" class=\"goto fw-bold rounded-pill btn btn-orange\" aria-label=\"Laden Sie die Spinania-App\" >Laden Sie die Spinania-App<\/button><\/div><div class=\"scrollable-content-wrap my-5\"><div class=\"scrollable-content-inner\"><h2>Spin Ania Android App Installation<\/h2>\n<p>Android-Spieler k\u00f6nnen die App auf verschiedene Arten installieren, die mit allen g\u00e4ngigen Ger\u00e4temodellen kompatibel sind. Die Leistung bleibt unabh\u00e4ngig von den Ger\u00e4tespezifikationen gleich.<\/p>\n<h3>Spinania f\u00fcr Android einrichten<\/h3>\n<ol>\n<li>\u00d6ffnen Sie Chrome auf Android und besuchen Sie Spinania.<\/li>\n<li>Dr\u00fccken Sie das Drei-Punke-Men\u00fc-Symbol in der oberen rechten Ecke Ihres Browsers.<\/li>\n<li>Tippen Sie auf &#8222;Hinzuf\u00fcgen&#8220;, wenn Sie nach der Auswahl von &#8222;Zum Startbildschirm hinzuf\u00fcgen&#8220; im Dropdown-Men\u00fc dazu aufgefordert werden.<\/li>\n<li>Die Installation dauert Sekunden und erstellt ein Spinania Casino App-Symbol auf dem Home-Bildschirm.<\/li>\n<\/ol>\n<p>Erstnutzer sollten Benachrichtigungen erlauben, wenn sie dazu aufgefordert werden, um Updates \u00fcber neue Spiele und Boni zu erhalten. Die App fordert nur wenige Berechtigungen an und arbeitet innerhalb des gleichen Sicherheitsrahmens wie die Hauptwebsite. Updates erfolgen automatisch im Hintergrund, sodass Sie sie nicht selbst herunterladen m\u00fcssen.<\/p>\n<p><img loading=\"lazy\" decoding=\"async\" src=\"https:\/\/spin-ania.net\/wp-content\/uploads\/2025\/12\/Spinania-Android-App.webp\" alt=\"Spinania Android App\" width=\"1248\" height=\"536\" \/><\/p>\n<\/div><\/div><div style=\"clear: both\"><\/div><div class=\"d-flex justify-content-center\"><button data-item=\"decouvrez_link\" data-group=\"website_links\" class=\"goto fw-bold rounded-pill btn btn-orange\" aria-label=\"Spinania herunterladen\" >Spinania herunterladen<\/button><\/div><div class=\"scrollable-content-wrap my-5\"><div class=\"scrollable-content-inner\"><h2>Die besten Vorteile der Nutzung der Spinania App auf Ihrem Telefon<\/h2>\n<p>Das Spielen von Spielen auf Ihrem Telefon mit Spinania bietet viele Vorteile, die das gesamte Erlebnis verbessern. Die App l\u00e4dt schneller als die browserbasierten Versionen und verbraucht w\u00e4hrend des Spielens weniger Daten. Push-Benachrichtigungen informieren Sie \u00fcber neue Boni und Aktionen, ohne dass Sie die Website aufrufen m\u00fcssen.<\/p>\n<p>Die Touch-Oberfl\u00e4che macht die Steuerung von Slot-Spielen und Tischspielen einfach. Die App funktioniert auch perfekt mit mobilen Zahlungsoptionen wie Direktabbuchung \u00fcber die Mobilfunkrechnung und digitalen Geldb\u00f6rsen.<\/p>\n<p>Die Batterieoptimierung erm\u00f6glicht l\u00e4ngere Spielesitzungen, ohne den Akku Ihres Ger\u00e4ts \u00fcberm\u00e4\u00dfig zu belasten. Das Mobile Casino speichert Ihren Spiel- und Verifizierungsfortschritt zwischen den Sitzungen, sodass Sie pausieren und genau dort weitermachen k\u00f6nnen, wo Sie aufgeh\u00f6rt haben.<\/p>\n<h2>So verwenden Sie eine Web-App auf Ihrem PC<\/h2>\n<p>Spieler, die an ihren Desktops spielen, k\u00f6nnen einen \u00e4hnlich schnellen Zugriff auf ihren Computern haben, ohne zus\u00e4tzliche Software herunterladen zu m\u00fcssen.<\/p>\n<ol>\n<li>Besuchen Sie Spinania mit Chrome oder Edge.<\/li>\n<li>W\u00e4hlen Sie &#8222;Installieren&#8220; aus dem Browser-Men\u00fc oder dem Symbol in der Adressleiste.<\/li>\n<\/ol>\n<p>Die Web-App wird als separates Programm installiert, das sich in einem eigenen Fenster ohne Symbolleisten \u00f6ffnet. Diese Methode verbraucht weniger Systemressourcen als das Offenhalten mehrerer Browser-Tabs. Die Desktop-Web-App synchronisiert automatisch Ihren Spielverlauf und Ihre Pr\u00e4ferenzen mit der mobilen Version.<\/p>\n<p>Windows-Nutzer k\u00f6nnen die App an ihre Taskleiste anheften, um sie mit einem Klick zu \u00f6ffnen. Nach der Installation der Web-App finden Mac-Benutzer sie in ihrem Applications-Ordner.<\/p>\n<p><img loading=\"lazy\" decoding=\"async\" src=\"https:\/\/spin-ania.net\/wp-content\/uploads\/2025\/12\/Spinania-Desktop.webp\" alt=\"Spinania Desktop\" width=\"1248\" height=\"536\" \/><\/p>\n<\/div><\/div><div style=\"clear: both\"><\/div><div class=\"d-flex justify-content-center\"><button data-item=\"decouvrez_link\" data-group=\"website_links\" class=\"goto fw-bold rounded-pill btn btn-orange\" aria-label=\"Laden Sie die Spinania-App\" >Laden Sie die Spinania-App<\/button><\/div><div class=\"scrollable-content-wrap my-5\"><div class=\"scrollable-content-inner\"><h2>Vergleich des Casinos auf PC und Mobilger\u00e4t<\/h2>\n<p>Beide Plattformen erm\u00f6glichen es Ihnen, alle Spiele in ihrer Bibliothek zu spielen, und haben die gleichen Auszahlungsquoten und Bonusstrukturen. Die Hauptunterschiede liegen im Design der Oberfl\u00e4che und der Handhabung der Eingaben, nicht in den verf\u00fcgbaren Funktionen. Desktop-Bildschirme k\u00f6nnen mehr Informationen auf einmal anzeigen, w\u00e4hrend mobile Versionen sich auf die wichtigsten Steuerelemente konzentrieren.<\/p>\n<table>\n<tbody>\n<tr>\n<td>Aspekt<\/td>\n<td>PC-Version<\/td>\n<td>Mobile Version<\/td>\n<\/tr>\n<tr>\n<td>Bildschirmfl\u00e4che<\/td>\n<td>Mehrere Spielkategorien sichtbar<\/td>\n<td>Fokussierte Einzelspiel-Ansicht<\/td>\n<\/tr>\n<tr>\n<td>Multi-Tabling<\/td>\n<td>Einfaches Spiel mehrerer Spiele<\/td>\n<td>Durch Bildschirmgr\u00f6\u00dfe begrenzt<\/td>\n<\/tr>\n<tr>\n<td>Zahlungsmethoden<\/td>\n<td>Alle Optionen verf\u00fcgbar<\/td>\n<td>Alle Optionen verf\u00fcgbar<\/td>\n<\/tr>\n<tr>\n<td>Spielgrafiken<\/td>\n<td>H\u00f6here Aufl\u00f6sung verf\u00fcgbar<\/td>\n<td>F\u00fcr kleinere Bildschirme optimiert<\/td>\n<\/tr>\n<tr>\n<td>Sitzungsl\u00e4nge<\/td>\n<td>Ideal f\u00fcr langes Spielen<\/td>\n<td>Perfekt f\u00fcr kurze Sitzungen<\/td>\n<\/tr>\n<\/tbody>\n<\/table>\n<p>Auf Desktop-Monitoren heben sich gro\u00dfe Jackpot-Anzeigen und Spielstatistiken st\u00e4rker hervor. Mobile Versionen integrieren diese Informationen in ausklappbare Men\u00fcs, um den Spielbereich optimal zu nutzen. Live-Dealer-Spiele funktionieren auf beiden Plattformen gleicherma\u00dfen gut, und Sie k\u00f6nnen die Videoqualit\u00e4tseinstellungen anpassen.<\/p>\n<p>Das Mobile-Erlebnis ist am besten, wenn Sie keinen Desktop verwenden k\u00f6nnen, wie auf dem Weg zur Arbeit oder im Urlaub. Desktop-Spielen ist besser f\u00fcr diejenigen geeignet, die gr\u00f6\u00dfere Bildschirme und echte Tastaturen f\u00fcr Chats bevorzugen. Die meisten Spieler nutzen beide Versionen, abh\u00e4ngig von ihrem Standort und ihrer verf\u00fcgbaren Zeit.<\/p>\n<h2>H\u00e4ufig gestellte Fragen<\/h2>\n<h3>Kann ich dasselbe Konto sowohl auf der mobilen als auch auf der Desktop-Version verwenden?<\/h3>\n<p>Ja, Ihr Spinania-Konto funktioniert einwandfrei auf allen Ger\u00e4ten. Sie k\u00f6nnen sich auf jedem Ger\u00e4t mit denselben Daten anmelden, und Ihr Guthaben, Spielstand und Bonusstatus bleiben gleich. Sie k\u00f6nnen w\u00e4hrend des Spielens die Ger\u00e4te wechseln, ohne dass die Spiele unterbrochen werden.<\/p>\n<h3>Erfordert die Mobile App eine st\u00e4ndige Internetverbindung?<\/h3>\n<p>F\u00fcr faire Ergebnisse und Echtzeit-Updates ist eine stabile Internetverbindung erforderlich, wenn Sie spielen. Sie k\u00f6nnen jedoch weiterhin Ihren Kontoverlauf einsehen, die Spielregeln lesen und die AGB einer Aktion pr\u00fcfen, auch wenn Sie nicht verbunden sind. Wenn der Internetdienst wieder verf\u00fcgbar ist, verbindet sich die App automatisch wieder. Wenn das Verbindungsproblem bestehen bleibt, wenden Sie sich bitte \u00fcber Live-Chat oder E-Mail an unser Support-Team.<\/p>\n<h3>Unterscheiden sich die Mobile Boni von den Desktop-Aktionen?<\/h3>\n<p>Um sicherzustellen, dass alle fair behandelt werden, h\u00e4lt Spinania die gleichen Bonusangebote auf allen Plattformen aufrecht. Mobile-Nutzer k\u00f6nnen die gleichen Willkommenspakete, Reload-Boni und Freispiel-Angebote wie Desktop-Nutzer erhalten. Unabh\u00e4ngig davon, welche Plattform Sie w\u00e4hlen, bleiben die Wettanforderungen gleich.<\/p>\n<\/div><\/div><\/p>\n","protected":false},"excerpt":{"rendered":"<p>Spinania Casino Mobile App Mit der Spinania App erhalten Sie das vollst\u00e4ndige Casino-Spielerlebnis auf Ihrem Telefon mit schneller Leistung und sofortigem Zugriff. Spieler k\u00f6nnen ihre Lieblings-Online-Slots \u00fcberall spielen und haben das gleiche Ma\u00df an Sicherheit und Spielvielfalt wie auf der Desktop-Plattform. Die Mobile App verf\u00fcgt \u00fcber benutzerfreundliche Steuerelemente und eine Navigation, die speziell f\u00fcr Smartphone- [&hellip;]<\/p>\n","protected":false},"author":1,"featured_media":0,"parent":0,"menu_order":0,"comment_status":"closed","ping_status":"closed","template":"template-builder.php","meta":{"_acf_changed":false,"inline_featured_image":false,"footnotes":""},"class_list":["post-1437","page","type-page","status-publish","hentry"],"acf":[],"yoast_head":"<!-- This site is optimized with the Yoast SEO plugin v27.3 - https:\/\/yoast.com\/product\/yoast-seo-wordpress\/ -->\n<title>Spinania App | Mobiles Casino f\u00fcr Android &amp; iOS<\/title>\n<meta name=\"description\" content=\"Dein Casino, immer dabei. Mit der Spin Ania App hast du auf jedem Mobilger\u00e4t Zugriff auf all deine Lieblingsspiele. Spiele sicher dank vollst\u00e4ndiger Kontosynchronisierung.\" \/>\n<meta name=\"robots\" content=\"index, follow, max-snippet:-1, max-image-preview:large, max-video-preview:-1\" \/>\n<link rel=\"canonical\" href=\"https:\/\/spin-ania.net\/de\/app\/\" \/>\n<meta property=\"og:locale\" content=\"de_DE\" \/>\n<meta property=\"og:type\" content=\"article\" \/>\n<meta property=\"og:title\" content=\"Spinania App | Mobiles Casino f\u00fcr Android &amp; iOS\" \/>\n<meta property=\"og:description\" content=\"Dein Casino, immer dabei. Mit der Spin Ania App hast du auf jedem Mobilger\u00e4t Zugriff auf all deine Lieblingsspiele. Spiele sicher dank vollst\u00e4ndiger Kontosynchronisierung.\" \/>\n<meta property=\"og:url\" content=\"https:\/\/spin-ania.net\/de\/app\/\" \/>\n<meta property=\"og:site_name\" content=\"spinania\" \/>\n<meta property=\"article:modified_time\" content=\"2025-12-02T07:54:05+00:00\" \/>\n<meta name=\"twitter:card\" content=\"summary_large_image\" \/>\n<meta name=\"twitter:label1\" content=\"Gesch\u00e4tzte Lesezeit\" \/>\n\t<meta name=\"twitter:data1\" content=\"1\u00a0Minute\" \/>\n<script type=\"application\/ld+json\" class=\"yoast-schema-graph\">{\"@context\":\"https:\\\/\\\/schema.org\",\"@graph\":[{\"@type\":\"WebPage\",\"@id\":\"https:\\\/\\\/spin-ania.net\\\/de\\\/app\\\/\",\"url\":\"https:\\\/\\\/spin-ania.net\\\/de\\\/app\\\/\",\"name\":\"Spinania App | Mobiles Casino f\u00fcr Android & iOS\",\"isPartOf\":{\"@id\":\"https:\\\/\\\/spin-ania.net\\\/de\\\/#website\"},\"datePublished\":\"2025-12-01T14:04:31+00:00\",\"dateModified\":\"2025-12-02T07:54:05+00:00\",\"description\":\"Dein Casino, immer dabei. Mit der Spin Ania App hast du auf jedem Mobilger\u00e4t Zugriff auf all deine Lieblingsspiele. Spiele sicher dank vollst\u00e4ndiger Kontosynchronisierung.\",\"breadcrumb\":{\"@id\":\"https:\\\/\\\/spin-ania.net\\\/de\\\/app\\\/#breadcrumb\"},\"inLanguage\":\"de\",\"potentialAction\":[{\"@type\":\"ReadAction\",\"target\":[\"https:\\\/\\\/spin-ania.net\\\/de\\\/app\\\/\"]}]},{\"@type\":\"BreadcrumbList\",\"@id\":\"https:\\\/\\\/spin-ania.net\\\/de\\\/app\\\/#breadcrumb\",\"itemListElement\":[{\"@type\":\"ListItem\",\"position\":1,\"name\":\"Spinania\",\"item\":\"https:\\\/\\\/spin-ania.net\\\/de\\\/\"},{\"@type\":\"ListItem\",\"position\":2,\"name\":\"App\"}]},{\"@type\":\"WebSite\",\"@id\":\"https:\\\/\\\/spin-ania.net\\\/de\\\/#website\",\"url\":\"https:\\\/\\\/spin-ania.net\\\/de\\\/\",\"name\":\"Spinania\",\"description\":\"\",\"publisher\":{\"@id\":\"https:\\\/\\\/spin-ania.net\\\/de\\\/#organization\"},\"potentialAction\":[{\"@type\":\"SearchAction\",\"target\":{\"@type\":\"EntryPoint\",\"urlTemplate\":\"https:\\\/\\\/spin-ania.net\\\/de\\\/?s={search_term_string}\"},\"query-input\":{\"@type\":\"PropertyValueSpecification\",\"valueRequired\":true,\"valueName\":\"search_term_string\"}}],\"inLanguage\":\"de\"},{\"@type\":\"Organization\",\"@id\":\"https:\\\/\\\/spin-ania.net\\\/de\\\/#organization\",\"name\":\"Spinania\",\"url\":\"https:\\\/\\\/spin-ania.net\\\/de\\\/\",\"logo\":{\"@type\":\"ImageObject\",\"inLanguage\":\"de\",\"@id\":\"https:\\\/\\\/spin-ania.net\\\/de\\\/#\\\/schema\\\/logo\\\/image\\\/\",\"url\":\"https:\\\/\\\/spin-ania.net\\\/wp-content\\\/uploads\\\/2025\\\/12\\\/Casino-logo-Desktop.png\",\"contentUrl\":\"https:\\\/\\\/spin-ania.net\\\/wp-content\\\/uploads\\\/2025\\\/12\\\/Casino-logo-Desktop.png\",\"width\":88,\"height\":26,\"caption\":\"Spinania\"},\"image\":{\"@id\":\"https:\\\/\\\/spin-ania.net\\\/de\\\/#\\\/schema\\\/logo\\\/image\\\/\"}}]}<\/script>\n<!-- \/ Yoast SEO plugin. -->","yoast_head_json":{"title":"Spinania App | Mobiles Casino f\u00fcr Android & iOS","description":"Dein Casino, immer dabei. Mit der Spin Ania App hast du auf jedem Mobilger\u00e4t Zugriff auf all deine Lieblingsspiele. Spiele sicher dank vollst\u00e4ndiger Kontosynchronisierung.","robots":{"index":"index","follow":"follow","max-snippet":"max-snippet:-1","max-image-preview":"max-image-preview:large","max-video-preview":"max-video-preview:-1"},"canonical":"https:\/\/spin-ania.net\/de\/app\/","og_locale":"de_DE","og_type":"article","og_title":"Spinania App | Mobiles Casino f\u00fcr Android & iOS","og_description":"Dein Casino, immer dabei. Mit der Spin Ania App hast du auf jedem Mobilger\u00e4t Zugriff auf all deine Lieblingsspiele. Spiele sicher dank vollst\u00e4ndiger Kontosynchronisierung.","og_url":"https:\/\/spin-ania.net\/de\/app\/","og_site_name":"spinania","article_modified_time":"2025-12-02T07:54:05+00:00","twitter_card":"summary_large_image","twitter_misc":{"Gesch\u00e4tzte Lesezeit":"1\u00a0Minute"},"schema":{"@context":"https:\/\/schema.org","@graph":[{"@type":"WebPage","@id":"https:\/\/spin-ania.net\/de\/app\/","url":"https:\/\/spin-ania.net\/de\/app\/","name":"Spinania App | Mobiles Casino f\u00fcr Android & iOS","isPartOf":{"@id":"https:\/\/spin-ania.net\/de\/#website"},"datePublished":"2025-12-01T14:04:31+00:00","dateModified":"2025-12-02T07:54:05+00:00","description":"Dein Casino, immer dabei. Mit der Spin Ania App hast du auf jedem Mobilger\u00e4t Zugriff auf all deine Lieblingsspiele. Spiele sicher dank vollst\u00e4ndiger Kontosynchronisierung.","breadcrumb":{"@id":"https:\/\/spin-ania.net\/de\/app\/#breadcrumb"},"inLanguage":"de","potentialAction":[{"@type":"ReadAction","target":["https:\/\/spin-ania.net\/de\/app\/"]}]},{"@type":"BreadcrumbList","@id":"https:\/\/spin-ania.net\/de\/app\/#breadcrumb","itemListElement":[{"@type":"ListItem","position":1,"name":"Spinania","item":"https:\/\/spin-ania.net\/de\/"},{"@type":"ListItem","position":2,"name":"App"}]},{"@type":"WebSite","@id":"https:\/\/spin-ania.net\/de\/#website","url":"https:\/\/spin-ania.net\/de\/","name":"Spinania","description":"","publisher":{"@id":"https:\/\/spin-ania.net\/de\/#organization"},"potentialAction":[{"@type":"SearchAction","target":{"@type":"EntryPoint","urlTemplate":"https:\/\/spin-ania.net\/de\/?s={search_term_string}"},"query-input":{"@type":"PropertyValueSpecification","valueRequired":true,"valueName":"search_term_string"}}],"inLanguage":"de"},{"@type":"Organization","@id":"https:\/\/spin-ania.net\/de\/#organization","name":"Spinania","url":"https:\/\/spin-ania.net\/de\/","logo":{"@type":"ImageObject","inLanguage":"de","@id":"https:\/\/spin-ania.net\/de\/#\/schema\/logo\/image\/","url":"https:\/\/spin-ania.net\/wp-content\/uploads\/2025\/12\/Casino-logo-Desktop.png","contentUrl":"https:\/\/spin-ania.net\/wp-content\/uploads\/2025\/12\/Casino-logo-Desktop.png","width":88,"height":26,"caption":"Spinania"},"image":{"@id":"https:\/\/spin-ania.net\/de\/#\/schema\/logo\/image\/"}}]}},"_links":{"self":[{"href":"https:\/\/spin-ania.net\/de\/wp-json\/wp\/v2\/pages\/1437","targetHints":{"allow":["GET"]}}],"collection":[{"href":"https:\/\/spin-ania.net\/de\/wp-json\/wp\/v2\/pages"}],"about":[{"href":"https:\/\/spin-ania.net\/de\/wp-json\/wp\/v2\/types\/page"}],"author":[{"embeddable":true,"href":"https:\/\/spin-ania.net\/de\/wp-json\/wp\/v2\/users\/1"}],"replies":[{"embeddable":true,"href":"https:\/\/spin-ania.net\/de\/wp-json\/wp\/v2\/comments?post=1437"}],"version-history":[{"count":2,"href":"https:\/\/spin-ania.net\/de\/wp-json\/wp\/v2\/pages\/1437\/revisions"}],"predecessor-version":[{"id":1635,"href":"https:\/\/spin-ania.net\/de\/wp-json\/wp\/v2\/pages\/1437\/revisions\/1635"}],"wp:attachment":[{"href":"https:\/\/spin-ania.net\/de\/wp-json\/wp\/v2\/media?parent=1437"}],"curies":[{"name":"wp","href":"https:\/\/api.w.org\/{rel}","templated":true}]}}